{"id":939,"date":"2023-03-02T11:11:27","date_gmt":"2023-03-02T11:11:27","guid":{"rendered":"https:\/\/trgovina.site\/sedlic\/?page_id=939"},"modified":"2023-03-02T11:23:13","modified_gmt":"2023-03-02T11:23:13","slug":"la-produzione-di-alimenti-per-animali","status":"publish","type":"page","link":"https:\/\/sedlic.hr\/it\/il-vigore-per-il-suo-migliore\/la-produzione-di-alimenti-per-animali\/","title":{"rendered":"La produzione di alimenti per animali"},"content":{"rendered":"<div data-elementor-type=\"wp-page\" data-elementor-id=\"939\" class=\"elementor elementor-939\" data-elementor-post-type=\"page\">\n\t\t\t\t\t\t<section class=\"elementor-section elementor-top-section elementor-element elementor-element-a2e561a elementor-section-boxed elementor-section-height-default elementor-section-height-default\" data-id=\"a2e561a\" data-element_type=\"section\" data-settings=\"{&quot;background_background&quot;:&quot;classic&quot;}\">\n\t\t\t\t\t\t<div class=\"elementor-container elementor-column-gap-default\">\n\t\t\t\t\t<div class=\"elementor-column elementor-col-100 elementor-top-column elementor-element elementor-element-b25aed1\" data-id=\"b25aed1\" data-element_type=\"column\">\n\t\t\t<div class=\"elementor-widget-wrap elementor-element-populated\">\n\t\t\t\t\t\t<div class=\"elementor-element elementor-element-9424cdb elementor-widget elementor-widget-breadcrumbs\" data-id=\"9424cdb\" data-element_type=\"widget\" data-widget_type=\"breadcrumbs.default\">\n\t\t\t\t<div class=\"elementor-widget-container\">\n\t\t\t<p id=\"breadcrumbs\"><span><span><a href=\"https:\/\/sedlic.hr\/it\/\">Po\u010detna stranica<\/a><\/span><\/span><\/p>\t\t<\/div>\n\t\t\t\t<\/div>\n\t\t\t\t\t<\/div>\n\t\t<\/div>\n\t\t\t\t\t<\/div>\n\t\t<\/section>\n\t\t\t\t<section class=\"elementor-section elementor-top-section elementor-element elementor-element-882b2da elementor-section-boxed elementor-section-height-default elementor-section-height-default\" data-id=\"882b2da\" data-element_type=\"section\">\n\t\t\t\t\t\t<div class=\"elementor-container elementor-column-gap-default\">\n\t\t\t\t\t<div class=\"elementor-column elementor-col-66 elementor-top-column elementor-element elementor-element-a8adc6c\" data-id=\"a8adc6c\" data-element_type=\"column\">\n\t\t\t<div class=\"elementor-widget-wrap elementor-element-populated\">\n\t\t\t\t\t\t<div class=\"elementor-element elementor-element-542e201 elementor-widget elementor-widget-theme-post-title elementor-page-title elementor-widget-heading\" data-id=\"542e201\" data-element_type=\"widget\" data-widget_type=\"theme-post-title.default\">\n\t\t\t\t<div class=\"elementor-widget-container\">\n\t\t\t<h1 class=\"elementor-heading-title elementor-size-default\">La produzione di alimenti per animali<\/h1>\t\t<\/div>\n\t\t\t\t<\/div>\n\t\t\t\t<div class=\"elementor-element elementor-element-b287b6c elementor-widget elementor-widget-text-editor\" data-id=\"b287b6c\" data-element_type=\"widget\" data-widget_type=\"text-editor.default\">\n\t\t\t\t<div class=\"elementor-widget-container\">\n\t\t\t\t\t\t\t<p><strong>L&#8217;acquisto di cereali e di semi oleosi, la vendita di semi di soia, la produzione e la vendita all&#8217;ingrosso e al dettaglio di grano foraggio, la produzione di seminativi, la possibilit\u00e0 di essiccazione e immagazzinamento di cereali, l&#8217;organizzazione della produzione agricola<\/strong><\/p>\t\t\t\t\t\t<\/div>\n\t\t\t\t<\/div>\n\t\t\t\t<div class=\"elementor-element elementor-element-2a037f5 elementor-widget elementor-widget-text-editor\" data-id=\"2a037f5\" data-element_type=\"widget\" data-widget_type=\"text-editor.default\">\n\t\t\t\t<div class=\"elementor-widget-container\">\n\t\t\t\t\t\t\t<ul><li><ul><li>La produzione del grano fornaggio: miscela di foraggio buoi, porchi, pollame<\/li><li>Ole\u00e0cee e cereali nei sacci: semi di soia, semi di girasole, granoturco<\/li><li>La produzione agricola: la nostra produzione, cooperazione<\/li><li>Il servizio d&#8217;imballaggio e impastatura: secondo la ricetta del cliente (10 kg, 25kg, 50kg e sacci grandi)<\/li><\/ul><p>Raggruppamento Sedli\u0107 s.r.l. \u00e8 stabilito nel 2000 come piccola azienda familiare per la produzione agricola, la cui attivit\u00e0 principale era la coltivazione dei suini d&#8217;ingrasso e la produzione degli alimenti per animali sui propri superficie agricole e nel proprio stabilimento di produzione.\u00a0 Nella stanza per l&#8217;impastatura di grano foraggio\u00a0 si produceva la miscela di foraggio per proprio uso, e\u00a0 l&#8217;eccesso era venduto alla comunit\u00e0 locale tramite il negozio al dettaglio.<br \/>Come la richiesta per la miscela foraggio imballata aumentava, la compragnia si sviluppava, aumentando la capacit\u00e0 produttiva e ampliare l&#8217;offerta di prodotti. Nello stesso tempo si svilupavano anche i canali di vendita- si stabili un nuovo negozio al dettaglio e si amiglioro la vendita all&#8217;ingrosso. La crescita e lo sviluppo successive nel corso degli anni ha permesso lo stabilimento delle compagnie collegate, specializzate per produzione e vendita di cereali, ole\u00e0cee ed altri alimenti per animali sui mercati nazionali ed esteri, trasporto ed servizi veterinari.<\/p><p>Oggi la compagnia Sedli\u0107 s.r.l. offre ai clienti la miscela foraggio per tutti gli animali della propria produzione, anche come semi oleosi imballati, cereali ed altri alimrnti per gli animali. La compagnia offre anche l&#8217;acquisto di tutti tipi di cereali ed ole\u00e0cee durante tutto l&#8217;anno, il servizio dell&#8217;essiccazione e del immagazzinamento di prodotti agricoli.<\/p><p><strong>Sedli\u0107 s.r.l. lavora in conformit\u00e0 con le buone pratiche di commercio e produzione, che confermano I certificato nazionale ISO 9001, HACCP, AA certificato d&#8217;eccellenza.<\/strong><\/p><\/li><\/ul>\t\t\t\t\t\t<\/div>\n\t\t\t\t<\/div>\n\t\t\t\t<section class=\"elementor-section elementor-inner-section elementor-element elementor-element-aa0652d elementor-section-boxed elementor-section-height-default elementor-section-height-default\" data-id=\"aa0652d\" data-element_type=\"section\">\n\t\t\t\t\t\t<div class=\"elementor-container elementor-column-gap-default\">\n\t\t\t\t\t<div class=\"elementor-column elementor-col-33 elementor-inner-column elementor-element elementor-element-37df560\" data-id=\"37df560\" data-element_type=\"column\">\n\t\t\t<div class=\"elementor-widget-wrap elementor-element-populated\">\n\t\t\t\t\t\t<div class=\"elementor-element elementor-element-b16acb8 elementor-widget elementor-widget-image\" data-id=\"b16acb8\" data-element_type=\"widget\" data-widget_type=\"image.default\">\n\t\t\t\t<div class=\"elementor-widget-container\">\n\t\t\t\t\t\t\t\t\t\t\t\t\t<img decoding=\"async\" width=\"134\" height=\"145\" src=\"https:\/\/sedlic.hr\/wp-content\/uploads\/2023\/02\/certifikat-iso-\u2013-kopija.jpg\" class=\"attachment-large size-large wp-image-29\" alt=\"\" \/>\t\t\t\t\t\t\t\t\t\t\t\t\t<\/div>\n\t\t\t\t<\/div>\n\t\t\t\t\t<\/div>\n\t\t<\/div>\n\t\t\t\t<div class=\"elementor-column elementor-col-33 elementor-inner-column elementor-element elementor-element-00cff20\" data-id=\"00cff20\" data-element_type=\"column\">\n\t\t\t<div class=\"elementor-widget-wrap elementor-element-populated\">\n\t\t\t\t\t\t<div class=\"elementor-element elementor-element-7474f59 elementor-widget elementor-widget-image\" data-id=\"7474f59\" data-element_type=\"widget\" data-widget_type=\"image.default\">\n\t\t\t\t<div class=\"elementor-widget-container\">\n\t\t\t\t\t\t\t\t\t\t\t\t\t<img decoding=\"async\" width=\"123\" height=\"145\" src=\"https:\/\/sedlic.hr\/wp-content\/uploads\/2023\/02\/certifikat-haccp-\u2013-kopija.jpg\" class=\"attachment-large size-large wp-image-28\" alt=\"\" \/>\t\t\t\t\t\t\t\t\t\t\t\t\t<\/div>\n\t\t\t\t<\/div>\n\t\t\t\t\t<\/div>\n\t\t<\/div>\n\t\t\t\t<div class=\"elementor-column elementor-col-33 elementor-inner-column elementor-element elementor-element-6a6fac0\" data-id=\"6a6fac0\" data-element_type=\"column\">\n\t\t\t<div class=\"elementor-widget-wrap elementor-element-populated\">\n\t\t\t\t\t\t<div class=\"elementor-element elementor-element-43ea792 elementor-widget elementor-widget-image\" data-id=\"43ea792\" data-element_type=\"widget\" data-widget_type=\"image.default\">\n\t\t\t\t<div class=\"elementor-widget-container\">\n\t\t\t\t\t\t\t\t\t\t\t\t\t<img decoding=\"async\" width=\"135\" height=\"145\" src=\"https:\/\/sedlic.hr\/wp-content\/uploads\/2023\/02\/AAA-certifikat_2018_HR-web.jpg\" class=\"attachment-large size-large wp-image-26\" alt=\"\" \/>\t\t\t\t\t\t\t\t\t\t\t\t\t<\/div>\n\t\t\t\t<\/div>\n\t\t\t\t\t<\/div>\n\t\t<\/div>\n\t\t\t\t\t<\/div>\n\t\t<\/section>\n\t\t\t\t<section class=\"elementor-section elementor-inner-section elementor-element elementor-element-c2c8c66 elementor-section-boxed elementor-section-height-default elementor-section-height-default\" data-id=\"c2c8c66\" data-element_type=\"section\">\n\t\t\t\t\t\t<div class=\"elementor-container elementor-column-gap-default\">\n\t\t\t\t\t<div class=\"elementor-column elementor-col-50 elementor-inner-column elementor-element elementor-element-65d60c3\" data-id=\"65d60c3\" data-element_type=\"column\">\n\t\t\t<div class=\"elementor-widget-wrap elementor-element-populated\">\n\t\t\t\t\t\t<div class=\"elementor-element elementor-element-7d0b259 elementor-widget elementor-widget-button\" data-id=\"7d0b259\" data-element_type=\"widget\" data-widget_type=\"button.default\">\n\t\t\t\t<div class=\"elementor-widget-container\">\n\t\t\t\t\t<div class=\"elementor-button-wrapper\">\n\t\t\t<a class=\"elementor-button elementor-button-link elementor-size-sm\" href=\"#\">\n\t\t\t\t\t\t<span class=\"elementor-button-content-wrapper\">\n\t\t\t\t\t\t<span class=\"elementor-button-icon\">\n\t\t\t\t<i aria-hidden=\"true\" class=\"fas fa-align-justify\"><\/i>\t\t\t<\/span>\n\t\t\t\t\t\t\t\t\t<span class=\"elementor-button-text\">Vedere i nostri prodotti<\/span>\n\t\t\t\t\t<\/span>\n\t\t\t\t\t<\/a>\n\t\t<\/div>\n\t\t\t\t<\/div>\n\t\t\t\t<\/div>\n\t\t\t\t\t<\/div>\n\t\t<\/div>\n\t\t\t\t<div class=\"elementor-column elementor-col-50 elementor-inner-column elementor-element elementor-element-57f4aa8\" data-id=\"57f4aa8\" data-element_type=\"column\">\n\t\t\t<div class=\"elementor-widget-wrap\">\n\t\t\t\t\t\t\t<\/div>\n\t\t<\/div>\n\t\t\t\t\t<\/div>\n\t\t<\/section>\n\t\t\t\t\t<\/div>\n\t\t<\/div>\n\t\t\t\t<div class=\"elementor-column elementor-col-33 elementor-top-column elementor-element elementor-element-02cc72c\" data-id=\"02cc72c\" data-element_type=\"column\">\n\t\t\t<div class=\"elementor-widget-wrap elementor-element-populated\">\n\t\t\t\t\t\t<div class=\"elementor-element elementor-element-967f079 elementor-widget elementor-widget-sidebar\" data-id=\"967f079\" data-element_type=\"widget\" data-widget_type=\"sidebar.default\">\n\t\t\t\t<div class=\"elementor-widget-container\">\n\t\t\t<div id=\"elementor-library-4\" class=\"footer-widget widget_elementor-library clr\">\t\t<div data-elementor-type=\"section\" data-elementor-id=\"951\" class=\"elementor elementor-951\" data-elementor-post-type=\"elementor_library\">\n\t\t\t\t\t<section class=\"elementor-section elementor-top-section elementor-element elementor-element-151d018 elementor-section-boxed elementor-section-height-default elementor-section-height-default\" data-id=\"151d018\" data-element_type=\"section\">\n\t\t\t\t\t\t<div class=\"elementor-container elementor-column-gap-default\">\n\t\t\t\t\t<div class=\"elementor-column elementor-col-100 elementor-top-column elementor-element elementor-element-f997d70\" data-id=\"f997d70\" data-element_type=\"column\">\n\t\t\t<div class=\"elementor-widget-wrap elementor-element-populated\">\n\t\t\t\t\t\t<div class=\"elementor-element elementor-element-3fa288f elementor-align-justify elementor-widget elementor-widget-button\" data-id=\"3fa288f\" data-element_type=\"widget\" data-widget_type=\"button.default\">\n\t\t\t\t<div class=\"elementor-widget-container\">\n\t\t\t\t\t<div class=\"elementor-button-wrapper\">\n\t\t\t<a class=\"elementor-button elementor-button-link elementor-size-md\" href=\"https:\/\/trgovina.site\/sedlic\/sedlic-d-o-o-kontakt-informacije\/\">\n\t\t\t\t\t\t<span class=\"elementor-button-content-wrapper\">\n\t\t\t\t\t\t<span class=\"elementor-button-icon\">\n\t\t\t\t<i aria-hidden=\"true\" class=\"fas fa-envelope\"><\/i>\t\t\t<\/span>\n\t\t\t\t\t\t\t\t\t<span class=\"elementor-button-text\">Inviaci una richiesta<\/span>\n\t\t\t\t\t<\/span>\n\t\t\t\t\t<\/a>\n\t\t<\/div>\n\t\t\t\t<\/div>\n\t\t\t\t<\/div>\n\t\t\t\t\t<\/div>\n\t\t<\/div>\n\t\t\t\t\t<\/div>\n\t\t<\/section>\n\t\t\t\t<section class=\"elementor-section elementor-top-section elementor-element elementor-element-c8fe612 elementor-section-boxed elementor-section-height-default elementor-section-height-default\" data-id=\"c8fe612\" data-element_type=\"section\">\n\t\t\t\t\t\t<div class=\"elementor-container elementor-column-gap-default\">\n\t\t\t\t\t<div class=\"elementor-column elementor-col-100 elementor-top-column elementor-element elementor-element-2f450af\" data-id=\"2f450af\" data-element_type=\"column\">\n\t\t\t<div class=\"elementor-widget-wrap elementor-element-populated\">\n\t\t\t\t\t\t<div class=\"elementor-element elementor-element-6fa52fa elementor-widget elementor-widget-text-editor\" data-id=\"6fa52fa\" data-element_type=\"widget\" data-widget_type=\"text-editor.default\">\n\t\t\t\t<div class=\"elementor-widget-container\">\n\t\t\t\t\t\t\t<p>PRODOTTI INFORMAZIONI<\/p>\t\t\t\t\t\t<\/div>\n\t\t\t\t<\/div>\n\t\t\t\t<div class=\"elementor-element elementor-element-f70744c elementor-widget elementor-widget-text-editor\" data-id=\"f70744c\" data-element_type=\"widget\" data-widget_type=\"text-editor.default\">\n\t\t\t\t<div class=\"elementor-widget-container\">\n\t\t\t\t\t\t\t<p>Telefono:\u00a0<a href=\"tel: 385 43 548 905\">+385 43 548 905<\/a><br \/>Fax: +385 43 548 904<br \/>Email:<strong>info<a class=\"narancasti\" href=\"mailto:tvrtko@sedlic.hr\">@sedlic.hr<\/a><\/strong><br \/>Lunedi &#8211; Venerd\u00ec: 07:30 &#8211; 15:30<\/p>\t\t\t\t\t\t<\/div>\n\t\t\t\t<\/div>\n\t\t\t\t<div class=\"elementor-element elementor-element-a187793 elementor-widget elementor-widget-text-editor\" data-id=\"a187793\" data-element_type=\"widget\" data-widget_type=\"text-editor.default\">\n\t\t\t\t<div class=\"elementor-widget-container\">\n\t\t\t\t\t\t\t<p>VENDITA AL DETTAGLIO<\/p>\t\t\t\t\t\t<\/div>\n\t\t\t\t<\/div>\n\t\t\t\t<div class=\"elementor-element elementor-element-a141c3a elementor-widget elementor-widget-text-editor\" data-id=\"a141c3a\" data-element_type=\"widget\" data-widget_type=\"text-editor.default\">\n\t\t\t\t<div class=\"elementor-widget-container\">\n\t\t\t\t\t\t\t<p><strong>NEGOZIO 1<\/strong><\/p>\t\t\t\t\t\t<\/div>\n\t\t\t\t<\/div>\n\t\t\t\t<div class=\"elementor-element elementor-element-ba10d42 elementor-widget elementor-widget-text-editor\" data-id=\"ba10d42\" data-element_type=\"widget\" data-widget_type=\"text-editor.default\">\n\t\t\t\t<div class=\"elementor-widget-container\">\n\t\t\t\t\t\t\t<p>Indirizzo: Berek 54, 43232 Berek, Croazia<br \/>Telefono:\u00a0<a href=\"tel: 385 43 548 295\">+385 43 548 295<\/a><br \/>Fax: +385 43 548 904<\/p><p>Orario di apertura:<br \/>Lunedi &#8211; Venerd\u00ec: 08:00 &#8211; 15:00<br \/>Sabato: 08:00 &#8211; 13:00<\/p>\t\t\t\t\t\t<\/div>\n\t\t\t\t<\/div>\n\t\t\t\t<div class=\"elementor-element elementor-element-db48f26 elementor-widget elementor-widget-text-editor\" data-id=\"db48f26\" data-element_type=\"widget\" data-widget_type=\"text-editor.default\">\n\t\t\t\t<div class=\"elementor-widget-container\">\n\t\t\t\t\t\t\t<p><strong>NEGOZIO 2<\/strong><\/p>\t\t\t\t\t\t<\/div>\n\t\t\t\t<\/div>\n\t\t\t\t<div class=\"elementor-element elementor-element-8a081e7 elementor-widget elementor-widget-text-editor\" data-id=\"8a081e7\" data-element_type=\"widget\" data-widget_type=\"text-editor.default\">\n\t\t\t\t<div class=\"elementor-widget-container\">\n\t\t\t\t\t\t\t<p>Indirizzo: Antuna Mihanovi\u0107a 10, 43000 Bjelovar, Croazia<br \/>Telefono:\u00a0<a href=\"tel: 385 43 220 883\">+385 43 220 883<\/a><br \/>Fax: +385 43 548 904<\/p><p>Orario di apertura:<br \/>Lunedi &#8211; Venerd\u00ec: 08:00 &#8211; 15:00<br \/>Sabato: 08:00 &#8211; 13:00<\/p><p>Chiuso la domenica e festivi<\/p>\t\t\t\t\t\t<\/div>\n\t\t\t\t<\/div>\n\t\t\t\t\t<\/div>\n\t\t<\/div>\n\t\t\t\t\t<\/div>\n\t\t<\/section>\n\t\t\t\t<\/div>\n\t\t<\/div>\t\t<\/div>\n\t\t\t\t<\/div>\n\t\t\t\t\t<\/div>\n\t\t<\/div>\n\t\t\t\t\t<\/div>\n\t\t<\/section>\n\t\t\t\t<\/div>","protected":false},"excerpt":{"rendered":"<p>L&#8217;acquisto di cereali e di semi oleosi, la vendita di semi di soia, la produzione e la vendita all&#8217;ingrosso e al dettaglio di grano foraggio, la produzione di seminativi, la possibilit\u00e0 di essiccazione e immagazzinamento di cereali, l&#8217;organizzazione della produzione agricola La produzione del grano fornaggio: miscela di foraggio buoi, porchi, pollame Ole\u00e0cee e cereali [&hellip;]<\/p>","protected":false},"author":1,"featured_media":0,"parent":906,"menu_order":0,"comment_status":"closed","ping_status":"closed","template":"elementor_header_footer","meta":{"footnotes":""},"class_list":["post-939","page","type-page","status-publish","hentry","entry"],"yoast_head":"<!-- This site is optimized with the Yoast SEO plugin v23.5 - https:\/\/yoast.com\/wordpress\/plugins\/seo\/ -->\n<title>La produzione di alimenti per animali - Sedli\u0107 d.o.o.<\/title>\n<meta name=\"robots\" content=\"index, follow, max-snippet:-1, max-image-preview:large, max-video-preview:-1\" \/>\n<link rel=\"canonical\" href=\"https:\/\/sedlic.hr\/it\/il-vigore-per-il-suo-migliore\/la-produzione-di-alimenti-per-animali\/\" \/>\n<meta property=\"og:locale\" content=\"it_IT\" \/>\n<meta property=\"og:type\" content=\"article\" \/>\n<meta property=\"og:title\" content=\"La produzione di alimenti per animali - Sedli\u0107 d.o.o.\" \/>\n<meta property=\"og:description\" content=\"L&#8217;acquisto di cereali e di semi oleosi, la vendita di semi di soia, la produzione e la vendita all&#8217;ingrosso e al dettaglio di grano foraggio, la produzione di seminativi, la possibilit\u00e0 di essiccazione e immagazzinamento di cereali, l&#8217;organizzazione della produzione agricola La produzione del grano fornaggio: miscela di foraggio buoi, porchi, pollame Ole\u00e0cee e cereali [&hellip;]\" \/>\n<meta property=\"og:url\" content=\"https:\/\/sedlic.hr\/it\/il-vigore-per-il-suo-migliore\/la-produzione-di-alimenti-per-animali\/\" \/>\n<meta property=\"og:site_name\" content=\"Sedli\u0107 d.o.o.\" \/>\n<meta property=\"article:modified_time\" content=\"2023-03-02T11:23:13+00:00\" \/>\n<meta property=\"og:image\" content=\"http:\/\/trgovina.site\/sedlic\/wp-content\/uploads\/2023\/02\/AAA-certifikat_2018_HR-web.jpg\" \/>\n<meta name=\"twitter:card\" content=\"summary_large_image\" \/>\n<meta name=\"twitter:label1\" content=\"Tempo di lettura stimato\" \/>\n\t<meta name=\"twitter:data1\" content=\"4 minuti\" \/>\n<script type=\"application\/ld+json\" class=\"yoast-schema-graph\">{\"@context\":\"https:\/\/schema.org\",\"@graph\":[{\"@type\":\"WebPage\",\"@id\":\"https:\/\/sedlic.hr\/il-vigore-per-il-suo-migliore\/la-produzione-di-alimenti-per-animali\/\",\"url\":\"https:\/\/sedlic.hr\/il-vigore-per-il-suo-migliore\/la-produzione-di-alimenti-per-animali\/\",\"name\":\"La produzione di alimenti per animali - Sedli\u0107 d.o.o.\",\"isPartOf\":{\"@id\":\"https:\/\/sedlic.hr\/#website\"},\"primaryImageOfPage\":{\"@id\":\"https:\/\/sedlic.hr\/il-vigore-per-il-suo-migliore\/la-produzione-di-alimenti-per-animali\/#primaryimage\"},\"image\":{\"@id\":\"https:\/\/sedlic.hr\/il-vigore-per-il-suo-migliore\/la-produzione-di-alimenti-per-animali\/#primaryimage\"},\"thumbnailUrl\":\"http:\/\/trgovina.site\/sedlic\/wp-content\/uploads\/2023\/02\/AAA-certifikat_2018_HR-web.jpg\",\"datePublished\":\"2023-03-02T11:11:27+00:00\",\"dateModified\":\"2023-03-02T11:23:13+00:00\",\"breadcrumb\":{\"@id\":\"https:\/\/sedlic.hr\/il-vigore-per-il-suo-migliore\/la-produzione-di-alimenti-per-animali\/#breadcrumb\"},\"inLanguage\":\"it-IT\",\"potentialAction\":[{\"@type\":\"ReadAction\",\"target\":[\"https:\/\/sedlic.hr\/il-vigore-per-il-suo-migliore\/la-produzione-di-alimenti-per-animali\/\"]}]},{\"@type\":\"ImageObject\",\"inLanguage\":\"it-IT\",\"@id\":\"https:\/\/sedlic.hr\/il-vigore-per-il-suo-migliore\/la-produzione-di-alimenti-per-animali\/#primaryimage\",\"url\":\"http:\/\/trgovina.site\/sedlic\/wp-content\/uploads\/2023\/02\/AAA-certifikat_2018_HR-web.jpg\",\"contentUrl\":\"http:\/\/trgovina.site\/sedlic\/wp-content\/uploads\/2023\/02\/AAA-certifikat_2018_HR-web.jpg\"},{\"@type\":\"BreadcrumbList\",\"@id\":\"https:\/\/sedlic.hr\/il-vigore-per-il-suo-migliore\/la-produzione-di-alimenti-per-animali\/#breadcrumb\",\"itemListElement\":[{\"@type\":\"ListItem\",\"position\":1,\"name\":\"Po\u010detna stranica\",\"item\":\"https:\/\/sedlic.hr\/\"},{\"@type\":\"ListItem\",\"position\":2,\"name\":\"Sedli\u0107 SRL\",\"item\":\"https:\/\/sedlic.hr\/il-vigore-per-il-suo-migliore\/\"},{\"@type\":\"ListItem\",\"position\":3,\"name\":\"La produzione di alimenti per animali\"}]},{\"@type\":\"WebSite\",\"@id\":\"https:\/\/sedlic.hr\/#website\",\"url\":\"https:\/\/sedlic.hr\/\",\"name\":\"Sedli\u0107 d.o.o.\",\"description\":\"PROIZVODNJA STO\u010cNE HRANE\",\"publisher\":{\"@id\":\"https:\/\/sedlic.hr\/#organization\"},\"alternateName\":\"PROIZVODNJA STO\u010cNE HRANE\",\"potentialAction\":[{\"@type\":\"SearchAction\",\"target\":{\"@type\":\"EntryPoint\",\"urlTemplate\":\"https:\/\/sedlic.hr\/?s={search_term_string}\"},\"query-input\":{\"@type\":\"PropertyValueSpecification\",\"valueRequired\":true,\"valueName\":\"search_term_string\"}}],\"inLanguage\":\"it-IT\"},{\"@type\":\"Organization\",\"@id\":\"https:\/\/sedlic.hr\/#organization\",\"name\":\"PROIZVODNJA STO\u010cNE HRANE\",\"url\":\"https:\/\/sedlic.hr\/\",\"logo\":{\"@type\":\"ImageObject\",\"inLanguage\":\"it-IT\",\"@id\":\"https:\/\/sedlic.hr\/#\/schema\/logo\/image\/\",\"url\":\"https:\/\/sedlic.hr\/wp-content\/uploads\/2023\/02\/sedlic-logo-novi.jpg\",\"contentUrl\":\"https:\/\/sedlic.hr\/wp-content\/uploads\/2023\/02\/sedlic-logo-novi.jpg\",\"width\":278,\"height\":128,\"caption\":\"PROIZVODNJA STO\u010cNE HRANE\"},\"image\":{\"@id\":\"https:\/\/sedlic.hr\/#\/schema\/logo\/image\/\"}}]}<\/script>\n<!-- \/ Yoast SEO plugin. -->","yoast_head_json":{"title":"La produzione di alimenti per animali - Sedli\u0107 d.o.o.","robots":{"index":"index","follow":"follow","max-snippet":"max-snippet:-1","max-image-preview":"max-image-preview:large","max-video-preview":"max-video-preview:-1"},"canonical":"https:\/\/sedlic.hr\/it\/il-vigore-per-il-suo-migliore\/la-produzione-di-alimenti-per-animali\/","og_locale":"it_IT","og_type":"article","og_title":"La produzione di alimenti per animali - Sedli\u0107 d.o.o.","og_description":"L&#8217;acquisto di cereali e di semi oleosi, la vendita di semi di soia, la produzione e la vendita all&#8217;ingrosso e al dettaglio di grano foraggio, la produzione di seminativi, la possibilit\u00e0 di essiccazione e immagazzinamento di cereali, l&#8217;organizzazione della produzione agricola La produzione del grano fornaggio: miscela di foraggio buoi, porchi, pollame Ole\u00e0cee e cereali [&hellip;]","og_url":"https:\/\/sedlic.hr\/it\/il-vigore-per-il-suo-migliore\/la-produzione-di-alimenti-per-animali\/","og_site_name":"Sedli\u0107 d.o.o.","article_modified_time":"2023-03-02T11:23:13+00:00","og_image":[{"url":"http:\/\/trgovina.site\/sedlic\/wp-content\/uploads\/2023\/02\/AAA-certifikat_2018_HR-web.jpg"}],"twitter_card":"summary_large_image","twitter_misc":{"Tempo di lettura stimato":"4 minuti"},"schema":{"@context":"https:\/\/schema.org","@graph":[{"@type":"WebPage","@id":"https:\/\/sedlic.hr\/il-vigore-per-il-suo-migliore\/la-produzione-di-alimenti-per-animali\/","url":"https:\/\/sedlic.hr\/il-vigore-per-il-suo-migliore\/la-produzione-di-alimenti-per-animali\/","name":"La produzione di alimenti per animali - Sedli\u0107 d.o.o.","isPartOf":{"@id":"https:\/\/sedlic.hr\/#website"},"primaryImageOfPage":{"@id":"https:\/\/sedlic.hr\/il-vigore-per-il-suo-migliore\/la-produzione-di-alimenti-per-animali\/#primaryimage"},"image":{"@id":"https:\/\/sedlic.hr\/il-vigore-per-il-suo-migliore\/la-produzione-di-alimenti-per-animali\/#primaryimage"},"thumbnailUrl":"http:\/\/trgovina.site\/sedlic\/wp-content\/uploads\/2023\/02\/AAA-certifikat_2018_HR-web.jpg","datePublished":"2023-03-02T11:11:27+00:00","dateModified":"2023-03-02T11:23:13+00:00","breadcrumb":{"@id":"https:\/\/sedlic.hr\/il-vigore-per-il-suo-migliore\/la-produzione-di-alimenti-per-animali\/#breadcrumb"},"inLanguage":"it-IT","potentialAction":[{"@type":"ReadAction","target":["https:\/\/sedlic.hr\/il-vigore-per-il-suo-migliore\/la-produzione-di-alimenti-per-animali\/"]}]},{"@type":"ImageObject","inLanguage":"it-IT","@id":"https:\/\/sedlic.hr\/il-vigore-per-il-suo-migliore\/la-produzione-di-alimenti-per-animali\/#primaryimage","url":"http:\/\/trgovina.site\/sedlic\/wp-content\/uploads\/2023\/02\/AAA-certifikat_2018_HR-web.jpg","contentUrl":"http:\/\/trgovina.site\/sedlic\/wp-content\/uploads\/2023\/02\/AAA-certifikat_2018_HR-web.jpg"},{"@type":"BreadcrumbList","@id":"https:\/\/sedlic.hr\/il-vigore-per-il-suo-migliore\/la-produzione-di-alimenti-per-animali\/#breadcrumb","itemListElement":[{"@type":"ListItem","position":1,"name":"Po\u010detna stranica","item":"https:\/\/sedlic.hr\/"},{"@type":"ListItem","position":2,"name":"Sedli\u0107 SRL","item":"https:\/\/sedlic.hr\/il-vigore-per-il-suo-migliore\/"},{"@type":"ListItem","position":3,"name":"La produzione di alimenti per animali"}]},{"@type":"WebSite","@id":"https:\/\/sedlic.hr\/#website","url":"https:\/\/sedlic.hr\/","name":"Sedli\u0107 d.o.o.","description":"PROIZVODNJA STO\u010cNE HRANE","publisher":{"@id":"https:\/\/sedlic.hr\/#organization"},"alternateName":"PROIZVODNJA STO\u010cNE HRANE","potentialAction":[{"@type":"SearchAction","target":{"@type":"EntryPoint","urlTemplate":"https:\/\/sedlic.hr\/?s={search_term_string}"},"query-input":{"@type":"PropertyValueSpecification","valueRequired":true,"valueName":"search_term_string"}}],"inLanguage":"it-IT"},{"@type":"Organization","@id":"https:\/\/sedlic.hr\/#organization","name":"PROIZVODNJA STO\u010cNE HRANE","url":"https:\/\/sedlic.hr\/","logo":{"@type":"ImageObject","inLanguage":"it-IT","@id":"https:\/\/sedlic.hr\/#\/schema\/logo\/image\/","url":"https:\/\/sedlic.hr\/wp-content\/uploads\/2023\/02\/sedlic-logo-novi.jpg","contentUrl":"https:\/\/sedlic.hr\/wp-content\/uploads\/2023\/02\/sedlic-logo-novi.jpg","width":278,"height":128,"caption":"PROIZVODNJA STO\u010cNE HRANE"},"image":{"@id":"https:\/\/sedlic.hr\/#\/schema\/logo\/image\/"}}]}},"_links":{"self":[{"href":"https:\/\/sedlic.hr\/it\/wp-json\/wp\/v2\/pages\/939","targetHints":{"allow":["GET"]}}],"collection":[{"href":"https:\/\/sedlic.hr\/it\/wp-json\/wp\/v2\/pages"}],"about":[{"href":"https:\/\/sedlic.hr\/it\/wp-json\/wp\/v2\/types\/page"}],"author":[{"embeddable":true,"href":"https:\/\/sedlic.hr\/it\/wp-json\/wp\/v2\/users\/1"}],"replies":[{"embeddable":true,"href":"https:\/\/sedlic.hr\/it\/wp-json\/wp\/v2\/comments?post=939"}],"version-history":[{"count":7,"href":"https:\/\/sedlic.hr\/it\/wp-json\/wp\/v2\/pages\/939\/revisions"}],"predecessor-version":[{"id":957,"href":"https:\/\/sedlic.hr\/it\/wp-json\/wp\/v2\/pages\/939\/revisions\/957"}],"up":[{"embeddable":true,"href":"https:\/\/sedlic.hr\/it\/wp-json\/wp\/v2\/pages\/906"}],"wp:attachment":[{"href":"https:\/\/sedlic.hr\/it\/wp-json\/wp\/v2\/media?parent=939"}],"curies":[{"name":"wp","href":"https:\/\/api.w.org\/{rel}","templated":true}]}}