{"id":195,"date":"2023-02-28T09:00:39","date_gmt":"2023-02-28T09:00:39","guid":{"rendered":"https:\/\/trgovina.site\/sedlic\/?page_id=195"},"modified":"2023-03-02T10:42:38","modified_gmt":"2023-03-02T10:42:38","slug":"mjesaona-stocne-hrane-sedlic","status":"publish","type":"page","link":"https:\/\/sedlic.hr\/it\/naslovnica\/mjesaona-stocne-hrane-sedlic\/","title":{"rendered":"Mje\u0161aona sto\u010dne hrane Sedli\u0107"},"content":{"rendered":"<div data-elementor-type=\"wp-page\" data-elementor-id=\"195\" class=\"elementor elementor-195\" data-elementor-post-type=\"page\">\n\t\t\t\t\t\t<section class=\"elementor-section elementor-top-section elementor-element elementor-element-a2e561a elementor-section-boxed elementor-section-height-default elementor-section-height-default\" data-id=\"a2e561a\" data-element_type=\"section\" data-settings=\"{&quot;background_background&quot;:&quot;classic&quot;}\">\n\t\t\t\t\t\t<div class=\"elementor-container elementor-column-gap-default\">\n\t\t\t\t\t<div class=\"elementor-column elementor-col-100 elementor-top-column elementor-element elementor-element-b25aed1\" data-id=\"b25aed1\" data-element_type=\"column\">\n\t\t\t<div class=\"elementor-widget-wrap elementor-element-populated\">\n\t\t\t\t\t\t<div class=\"elementor-element elementor-element-9424cdb elementor-widget elementor-widget-breadcrumbs\" data-id=\"9424cdb\" data-element_type=\"widget\" data-widget_type=\"breadcrumbs.default\">\n\t\t\t\t<div class=\"elementor-widget-container\">\n\t\t\t<p id=\"breadcrumbs\"><span><span><a href=\"https:\/\/sedlic.hr\/it\/\">Po\u010detna stranica<\/a><\/span><\/span><\/p>\t\t<\/div>\n\t\t\t\t<\/div>\n\t\t\t\t\t<\/div>\n\t\t<\/div>\n\t\t\t\t\t<\/div>\n\t\t<\/section>\n\t\t\t\t<section class=\"elementor-section elementor-top-section elementor-element elementor-element-882b2da elementor-section-boxed elementor-section-height-default elementor-section-height-default\" data-id=\"882b2da\" data-element_type=\"section\">\n\t\t\t\t\t\t<div class=\"elementor-container elementor-column-gap-default\">\n\t\t\t\t\t<div class=\"elementor-column elementor-col-66 elementor-top-column elementor-element elementor-element-a8adc6c\" data-id=\"a8adc6c\" data-element_type=\"column\">\n\t\t\t<div class=\"elementor-widget-wrap elementor-element-populated\">\n\t\t\t\t\t\t<div class=\"elementor-element elementor-element-4a82a81 elementor-widget elementor-widget-theme-post-title elementor-page-title elementor-widget-heading\" data-id=\"4a82a81\" data-element_type=\"widget\" data-widget_type=\"theme-post-title.default\">\n\t\t\t\t<div class=\"elementor-widget-container\">\n\t\t\t<h1 class=\"elementor-heading-title elementor-size-default\">Mje\u0161aona sto\u010dne hrane Sedli\u0107<\/h1>\t\t<\/div>\n\t\t\t\t<\/div>\n\t\t\t\t<div class=\"elementor-element elementor-element-a45356c elementor-widget elementor-widget-text-editor\" data-id=\"a45356c\" data-element_type=\"widget\" data-widget_type=\"text-editor.default\">\n\t\t\t\t<div class=\"elementor-widget-container\">\n\t\t\t\t\t\t\t<p>Mje\u0161aona sto\u010dne hrane Sedli\u0107 proizvodi potpune i dopunske krmne smjese za sve vrste \u017eivotinja. U proizvodnji se koriste komponente iz vlastite ratarske proizvodnje i od provjerenih dobavlja\u010da, proizvodi se po\u0161tuju\u0107i na\u010dela dobre higijenske, proizvo\u0111a\u010dke i skladi\u0161ne prakse, a sve u svrhu visoko nutritivne kvalitete i higijenske ispravnosti proizvoda.<\/p><ul><li>puna i dopunska krmna smjesa za \u017eivotinje<\/li><li>uvre\u0107ana sojina sa\u010dma<\/li><li>uvre\u0107ana suncokretova sa\u010dma<\/li><li>p\u0161eni\u010dno krmno bra\u0161no<\/li><li>uvre\u0107ane \u017eitarice; kukuruz, p\u0161enica, je\u010dam, zob, tritikal<\/li><li>mikrokoponente; sto\u010dna kreda, sto\u010dni kvasac, Benural S, Monokalcij fosfat, sol sto\u010dna<\/li><li>usluga umje\u0161avanja I pakiranja po specifikaciji kupca<\/li><\/ul>\t\t\t\t\t\t<\/div>\n\t\t\t\t<\/div>\n\t\t\t\t<div class=\"elementor-element elementor-element-e282adc elementor-widget elementor-widget-image\" data-id=\"e282adc\" data-element_type=\"widget\" data-widget_type=\"image.default\">\n\t\t\t\t<div class=\"elementor-widget-container\">\n\t\t\t\t\t\t\t\t\t\t\t\t\t<img fetchpriority=\"high\" decoding=\"async\" width=\"1000\" height=\"600\" src=\"https:\/\/sedlic.hr\/wp-content\/uploads\/2023\/02\/mjesaona-stocne-hrane_1000_600_80_all_3.jpg\" class=\"attachment-large size-large wp-image-200\" alt=\"\" srcset=\"https:\/\/sedlic.hr\/wp-content\/uploads\/2023\/02\/mjesaona-stocne-hrane_1000_600_80_all_3.jpg 1000w, https:\/\/sedlic.hr\/wp-content\/uploads\/2023\/02\/mjesaona-stocne-hrane_1000_600_80_all_3-300x180.jpg 300w, https:\/\/sedlic.hr\/wp-content\/uploads\/2023\/02\/mjesaona-stocne-hrane_1000_600_80_all_3-768x461.jpg 768w, https:\/\/sedlic.hr\/wp-content\/uploads\/2023\/02\/mjesaona-stocne-hrane_1000_600_80_all_3-18x12.jpg 18w\" sizes=\"(max-width: 1000px) 100vw, 1000px\" \/>\t\t\t\t\t\t\t\t\t\t\t\t\t<\/div>\n\t\t\t\t<\/div>\n\t\t\t\t<section class=\"elementor-section elementor-inner-section elementor-element elementor-element-c9d73c3 elementor-section-boxed elementor-section-height-default elementor-section-height-default\" data-id=\"c9d73c3\" data-element_type=\"section\">\n\t\t\t\t\t\t<div class=\"elementor-container elementor-column-gap-default\">\n\t\t\t\t\t<div class=\"elementor-column elementor-col-100 elementor-inner-column elementor-element elementor-element-78efc8c\" data-id=\"78efc8c\" data-element_type=\"column\">\n\t\t\t<div class=\"elementor-widget-wrap elementor-element-populated\">\n\t\t\t\t\t\t<div class=\"elementor-element elementor-element-61fc9db elementor-widget elementor-widget-button\" data-id=\"61fc9db\" data-element_type=\"widget\" data-widget_type=\"button.default\">\n\t\t\t\t<div class=\"elementor-widget-container\">\n\t\t\t\t\t<div class=\"elementor-button-wrapper\">\n\t\t\t<a class=\"elementor-button elementor-button-link elementor-size-sm\" href=\"#\">\n\t\t\t\t\t\t<span class=\"elementor-button-content-wrapper\">\n\t\t\t\t\t\t<span class=\"elementor-button-icon\">\n\t\t\t\t<i aria-hidden=\"true\" class=\"fas fa-align-justify\"><\/i>\t\t\t<\/span>\n\t\t\t\t\t\t\t\t\t<span class=\"elementor-button-text\">Pogledajte na\u0161e proizvode<\/span>\n\t\t\t\t\t<\/span>\n\t\t\t\t\t<\/a>\n\t\t<\/div>\n\t\t\t\t<\/div>\n\t\t\t\t<\/div>\n\t\t\t\t\t<\/div>\n\t\t<\/div>\n\t\t\t\t\t<\/div>\n\t\t<\/section>\n\t\t\t\t\t<\/div>\n\t\t<\/div>\n\t\t\t\t<div class=\"elementor-column elementor-col-33 elementor-top-column elementor-element elementor-element-02cc72c\" data-id=\"02cc72c\" data-element_type=\"column\">\n\t\t\t<div class=\"elementor-widget-wrap elementor-element-populated\">\n\t\t\t\t\t\t<div class=\"elementor-element elementor-element-967f079 elementor-widget elementor-widget-sidebar\" data-id=\"967f079\" data-element_type=\"widget\" data-widget_type=\"sidebar.default\">\n\t\t\t\t<div class=\"elementor-widget-container\">\n\t\t\t<div id=\"elementor-library-2\" class=\"sidebar-box widget_elementor-library clr\">\t\t<div data-elementor-type=\"section\" data-elementor-id=\"167\" class=\"elementor elementor-167\" data-elementor-post-type=\"elementor_library\">\n\t\t\t\t\t<section class=\"elementor-section elementor-top-section elementor-element elementor-element-151d018 elementor-section-boxed elementor-section-height-default elementor-section-height-default\" data-id=\"151d018\" data-element_type=\"section\">\n\t\t\t\t\t\t<div class=\"elementor-container elementor-column-gap-default\">\n\t\t\t\t\t<div class=\"elementor-column elementor-col-100 elementor-top-column elementor-element elementor-element-f997d70\" data-id=\"f997d70\" data-element_type=\"column\">\n\t\t\t<div class=\"elementor-widget-wrap elementor-element-populated\">\n\t\t\t\t\t\t<div class=\"elementor-element elementor-element-3fa288f elementor-align-justify elementor-widget elementor-widget-button\" data-id=\"3fa288f\" data-element_type=\"widget\" data-widget_type=\"button.default\">\n\t\t\t\t<div class=\"elementor-widget-container\">\n\t\t\t\t\t<div class=\"elementor-button-wrapper\">\n\t\t\t<a class=\"elementor-button elementor-button-link elementor-size-md\" href=\"https:\/\/trgovina.site\/sedlic\/sedlic-d-o-o-kontakt-informacije\/\">\n\t\t\t\t\t\t<span class=\"elementor-button-content-wrapper\">\n\t\t\t\t\t\t<span class=\"elementor-button-icon\">\n\t\t\t\t<i aria-hidden=\"true\" class=\"fas fa-envelope\"><\/i>\t\t\t<\/span>\n\t\t\t\t\t\t\t\t\t<span class=\"elementor-button-text\">Po\u0161aljite nam upit<\/span>\n\t\t\t\t\t<\/span>\n\t\t\t\t\t<\/a>\n\t\t<\/div>\n\t\t\t\t<\/div>\n\t\t\t\t<\/div>\n\t\t\t\t\t<\/div>\n\t\t<\/div>\n\t\t\t\t\t<\/div>\n\t\t<\/section>\n\t\t\t\t<section class=\"elementor-section elementor-top-section elementor-element elementor-element-c8fe612 elementor-section-boxed elementor-section-height-default elementor-section-height-default\" data-id=\"c8fe612\" data-element_type=\"section\">\n\t\t\t\t\t\t<div class=\"elementor-container elementor-column-gap-default\">\n\t\t\t\t\t<div class=\"elementor-column elementor-col-100 elementor-top-column elementor-element elementor-element-2f450af\" data-id=\"2f450af\" data-element_type=\"column\">\n\t\t\t<div class=\"elementor-widget-wrap elementor-element-populated\">\n\t\t\t\t\t\t<div class=\"elementor-element elementor-element-6fa52fa elementor-widget elementor-widget-text-editor\" data-id=\"6fa52fa\" data-element_type=\"widget\" data-widget_type=\"text-editor.default\">\n\t\t\t\t<div class=\"elementor-widget-container\">\n\t\t\t\t\t\t\t<p>INFORMACIJE O PROIZVODIMA I NARUD\u017dBE<\/p>\t\t\t\t\t\t<\/div>\n\t\t\t\t<\/div>\n\t\t\t\t<div class=\"elementor-element elementor-element-f70744c elementor-widget elementor-widget-text-editor\" data-id=\"f70744c\" data-element_type=\"widget\" data-widget_type=\"text-editor.default\">\n\t\t\t\t<div class=\"elementor-widget-container\">\n\t\t\t\t\t\t\t<p>Tel: +385 43 548 905<br \/>Fax: 043\/548-904<\/p><p>Email:info@sedlic.hr<br \/>Ponedjeljak &#8211; petak: 07:30 &#8211; 15:30<\/p>\t\t\t\t\t\t<\/div>\n\t\t\t\t<\/div>\n\t\t\t\t<div class=\"elementor-element elementor-element-a187793 elementor-widget elementor-widget-text-editor\" data-id=\"a187793\" data-element_type=\"widget\" data-widget_type=\"text-editor.default\">\n\t\t\t\t<div class=\"elementor-widget-container\">\n\t\t\t\t\t\t\t<p>MALOPRODAJA<\/p>\t\t\t\t\t\t<\/div>\n\t\t\t\t<\/div>\n\t\t\t\t<div class=\"elementor-element elementor-element-a141c3a elementor-widget elementor-widget-text-editor\" data-id=\"a141c3a\" data-element_type=\"widget\" data-widget_type=\"text-editor.default\">\n\t\t\t\t<div class=\"elementor-widget-container\">\n\t\t\t\t\t\t\t<p>PRODAVAONICA 1<\/p>\t\t\t\t\t\t<\/div>\n\t\t\t\t<\/div>\n\t\t\t\t<div class=\"elementor-element elementor-element-ba10d42 elementor-widget elementor-widget-text-editor\" data-id=\"ba10d42\" data-element_type=\"widget\" data-widget_type=\"text-editor.default\">\n\t\t\t\t<div class=\"elementor-widget-container\">\n\t\t\t\t\t\t\t<p>Adresa: Berek 54, 43232 Berek<br \/>Tel: +385 43 548 295<br \/>Fax: 043\/548-904<\/p><p>Radno vrijeme:<br \/>Ponedjeljak &#8211; petak: 08:00 &#8211; 15:00<br \/>Subota: 08:00 &#8211; 13:00<\/p>\t\t\t\t\t\t<\/div>\n\t\t\t\t<\/div>\n\t\t\t\t<div class=\"elementor-element elementor-element-db48f26 elementor-widget elementor-widget-text-editor\" data-id=\"db48f26\" data-element_type=\"widget\" data-widget_type=\"text-editor.default\">\n\t\t\t\t<div class=\"elementor-widget-container\">\n\t\t\t\t\t\t\t<p>PRODAVAONICA 2<\/p>\t\t\t\t\t\t<\/div>\n\t\t\t\t<\/div>\n\t\t\t\t<div class=\"elementor-element elementor-element-8a081e7 elementor-widget elementor-widget-text-editor\" data-id=\"8a081e7\" data-element_type=\"widget\" data-widget_type=\"text-editor.default\">\n\t\t\t\t<div class=\"elementor-widget-container\">\n\t\t\t\t\t\t\t<p class=\" translation-block\">Adresa: Antuna Mihanovi\u0107a 10, 43000 Bjelovar<br>Tel: +385 43 220 883<br>Fax:043\/548-904<\/p><p>Radno vrijeme:<br \/>Ponedjeljak &#8211; petak: 08:00 &#8211; 15:00<br \/>Subota: 08:00 &#8211; 13:00<\/p><p>Nedjeljom i praznikom ne radimo<\/p>\t\t\t\t\t\t<\/div>\n\t\t\t\t<\/div>\n\t\t\t\t\t<\/div>\n\t\t<\/div>\n\t\t\t\t\t<\/div>\n\t\t<\/section>\n\t\t\t\t<\/div>\n\t\t<\/div>\t\t<\/div>\n\t\t\t\t<\/div>\n\t\t\t\t\t<\/div>\n\t\t<\/div>\n\t\t\t\t\t<\/div>\n\t\t<\/section>\n\t\t\t\t<\/div>","protected":false},"excerpt":{"rendered":"<p>Mje\u0161aona sto\u010dne hrane Sedli\u0107 proizvodi potpune i dopunske krmne smjese za sve vrste \u017eivotinja. U proizvodnji se koriste komponente iz vlastite ratarske proizvodnje i od provjerenih dobavlja\u010da, proizvodi se po\u0161tuju\u0107i na\u010dela dobre higijenske, proizvo\u0111a\u010dke i skladi\u0161ne prakse, a sve u svrhu visoko nutritivne kvalitete i higijenske ispravnosti proizvoda. puna i dopunska krmna smjesa za \u017eivotinje [&hellip;]<\/p>","protected":false},"author":1,"featured_media":0,"parent":39,"menu_order":0,"comment_status":"closed","ping_status":"closed","template":"elementor_header_footer","meta":{"footnotes":""},"class_list":["post-195","page","type-page","status-publish","hentry","entry"],"yoast_head":"<!-- This site is optimized with the Yoast SEO plugin v23.5 - https:\/\/yoast.com\/wordpress\/plugins\/seo\/ -->\n<title>Mje\u0161aona sto\u010dne hrane Sedli\u0107 - Sedli\u0107 d.o.o.<\/title>\n<meta name=\"robots\" content=\"index, follow, max-snippet:-1, max-image-preview:large, max-video-preview:-1\" \/>\n<link rel=\"canonical\" href=\"https:\/\/sedlic.hr\/it\/naslovnica\/mjesaona-stocne-hrane-sedlic\/\" \/>\n<meta property=\"og:locale\" content=\"it_IT\" \/>\n<meta property=\"og:type\" content=\"article\" \/>\n<meta property=\"og:title\" content=\"Mje\u0161aona sto\u010dne hrane Sedli\u0107 - Sedli\u0107 d.o.o.\" \/>\n<meta property=\"og:description\" content=\"Mje\u0161aona sto\u010dne hrane Sedli\u0107 proizvodi potpune i dopunske krmne smjese za sve vrste \u017eivotinja. U proizvodnji se koriste komponente iz vlastite ratarske proizvodnje i od provjerenih dobavlja\u010da, proizvodi se po\u0161tuju\u0107i na\u010dela dobre higijenske, proizvo\u0111a\u010dke i skladi\u0161ne prakse, a sve u svrhu visoko nutritivne kvalitete i higijenske ispravnosti proizvoda. puna i dopunska krmna smjesa za \u017eivotinje [&hellip;]\" \/>\n<meta property=\"og:url\" content=\"https:\/\/sedlic.hr\/it\/naslovnica\/mjesaona-stocne-hrane-sedlic\/\" \/>\n<meta property=\"og:site_name\" content=\"Sedli\u0107 d.o.o.\" \/>\n<meta property=\"article:modified_time\" content=\"2023-03-02T10:42:38+00:00\" \/>\n<meta property=\"og:image\" content=\"http:\/\/trgovina.site\/sedlic\/wp-content\/uploads\/2023\/02\/mjesaona-stocne-hrane_1000_600_80_all_3.jpg\" \/>\n<meta name=\"twitter:card\" content=\"summary_large_image\" \/>\n<meta name=\"twitter:label1\" content=\"Tempo di lettura stimato\" \/>\n\t<meta name=\"twitter:data1\" content=\"2 minuti\" \/>\n<script type=\"application\/ld+json\" class=\"yoast-schema-graph\">{\"@context\":\"https:\/\/schema.org\",\"@graph\":[{\"@type\":\"WebPage\",\"@id\":\"https:\/\/sedlic.hr\/naslovnica\/mjesaona-stocne-hrane-sedlic\/\",\"url\":\"https:\/\/sedlic.hr\/naslovnica\/mjesaona-stocne-hrane-sedlic\/\",\"name\":\"Mje\u0161aona sto\u010dne hrane Sedli\u0107 - Sedli\u0107 d.o.o.\",\"isPartOf\":{\"@id\":\"https:\/\/sedlic.hr\/#website\"},\"primaryImageOfPage\":{\"@id\":\"https:\/\/sedlic.hr\/naslovnica\/mjesaona-stocne-hrane-sedlic\/#primaryimage\"},\"image\":{\"@id\":\"https:\/\/sedlic.hr\/naslovnica\/mjesaona-stocne-hrane-sedlic\/#primaryimage\"},\"thumbnailUrl\":\"http:\/\/trgovina.site\/sedlic\/wp-content\/uploads\/2023\/02\/mjesaona-stocne-hrane_1000_600_80_all_3.jpg\",\"datePublished\":\"2023-02-28T09:00:39+00:00\",\"dateModified\":\"2023-03-02T10:42:38+00:00\",\"breadcrumb\":{\"@id\":\"https:\/\/sedlic.hr\/naslovnica\/mjesaona-stocne-hrane-sedlic\/#breadcrumb\"},\"inLanguage\":\"it-IT\",\"potentialAction\":[{\"@type\":\"ReadAction\",\"target\":[\"https:\/\/sedlic.hr\/naslovnica\/mjesaona-stocne-hrane-sedlic\/\"]}]},{\"@type\":\"ImageObject\",\"inLanguage\":\"it-IT\",\"@id\":\"https:\/\/sedlic.hr\/naslovnica\/mjesaona-stocne-hrane-sedlic\/#primaryimage\",\"url\":\"http:\/\/trgovina.site\/sedlic\/wp-content\/uploads\/2023\/02\/mjesaona-stocne-hrane_1000_600_80_all_3.jpg\",\"contentUrl\":\"http:\/\/trgovina.site\/sedlic\/wp-content\/uploads\/2023\/02\/mjesaona-stocne-hrane_1000_600_80_all_3.jpg\"},{\"@type\":\"BreadcrumbList\",\"@id\":\"https:\/\/sedlic.hr\/naslovnica\/mjesaona-stocne-hrane-sedlic\/#breadcrumb\",\"itemListElement\":[{\"@type\":\"ListItem\",\"position\":1,\"name\":\"Po\u010detna stranica\",\"item\":\"https:\/\/sedlic.hr\/\"},{\"@type\":\"ListItem\",\"position\":2,\"name\":\"Sedli\u0107 d.o.o.\",\"item\":\"https:\/\/sedlic.hr\/\"},{\"@type\":\"ListItem\",\"position\":3,\"name\":\"Mje\u0161aona sto\u010dne hrane Sedli\u0107\"}]},{\"@type\":\"WebSite\",\"@id\":\"https:\/\/sedlic.hr\/#website\",\"url\":\"https:\/\/sedlic.hr\/\",\"name\":\"Sedli\u0107 d.o.o.\",\"description\":\"PROIZVODNJA STO\u010cNE HRANE\",\"publisher\":{\"@id\":\"https:\/\/sedlic.hr\/#organization\"},\"alternateName\":\"PROIZVODNJA STO\u010cNE HRANE\",\"potentialAction\":[{\"@type\":\"SearchAction\",\"target\":{\"@type\":\"EntryPoint\",\"urlTemplate\":\"https:\/\/sedlic.hr\/?s={search_term_string}\"},\"query-input\":{\"@type\":\"PropertyValueSpecification\",\"valueRequired\":true,\"valueName\":\"search_term_string\"}}],\"inLanguage\":\"it-IT\"},{\"@type\":\"Organization\",\"@id\":\"https:\/\/sedlic.hr\/#organization\",\"name\":\"PROIZVODNJA STO\u010cNE HRANE\",\"url\":\"https:\/\/sedlic.hr\/\",\"logo\":{\"@type\":\"ImageObject\",\"inLanguage\":\"it-IT\",\"@id\":\"https:\/\/sedlic.hr\/#\/schema\/logo\/image\/\",\"url\":\"https:\/\/sedlic.hr\/wp-content\/uploads\/2023\/02\/sedlic-logo-novi.jpg\",\"contentUrl\":\"https:\/\/sedlic.hr\/wp-content\/uploads\/2023\/02\/sedlic-logo-novi.jpg\",\"width\":278,\"height\":128,\"caption\":\"PROIZVODNJA STO\u010cNE HRANE\"},\"image\":{\"@id\":\"https:\/\/sedlic.hr\/#\/schema\/logo\/image\/\"}}]}<\/script>\n<!-- \/ Yoast SEO plugin. -->","yoast_head_json":{"title":"Mje\u0161aona sto\u010dne hrane Sedli\u0107 - Sedli\u0107 d.o.o.","robots":{"index":"index","follow":"follow","max-snippet":"max-snippet:-1","max-image-preview":"max-image-preview:large","max-video-preview":"max-video-preview:-1"},"canonical":"https:\/\/sedlic.hr\/it\/naslovnica\/mjesaona-stocne-hrane-sedlic\/","og_locale":"it_IT","og_type":"article","og_title":"Mje\u0161aona sto\u010dne hrane Sedli\u0107 - Sedli\u0107 d.o.o.","og_description":"Mje\u0161aona sto\u010dne hrane Sedli\u0107 proizvodi potpune i dopunske krmne smjese za sve vrste \u017eivotinja. U proizvodnji se koriste komponente iz vlastite ratarske proizvodnje i od provjerenih dobavlja\u010da, proizvodi se po\u0161tuju\u0107i na\u010dela dobre higijenske, proizvo\u0111a\u010dke i skladi\u0161ne prakse, a sve u svrhu visoko nutritivne kvalitete i higijenske ispravnosti proizvoda. puna i dopunska krmna smjesa za \u017eivotinje [&hellip;]","og_url":"https:\/\/sedlic.hr\/it\/naslovnica\/mjesaona-stocne-hrane-sedlic\/","og_site_name":"Sedli\u0107 d.o.o.","article_modified_time":"2023-03-02T10:42:38+00:00","og_image":[{"url":"http:\/\/trgovina.site\/sedlic\/wp-content\/uploads\/2023\/02\/mjesaona-stocne-hrane_1000_600_80_all_3.jpg"}],"twitter_card":"summary_large_image","twitter_misc":{"Tempo di lettura stimato":"2 minuti"},"schema":{"@context":"https:\/\/schema.org","@graph":[{"@type":"WebPage","@id":"https:\/\/sedlic.hr\/naslovnica\/mjesaona-stocne-hrane-sedlic\/","url":"https:\/\/sedlic.hr\/naslovnica\/mjesaona-stocne-hrane-sedlic\/","name":"Mje\u0161aona sto\u010dne hrane Sedli\u0107 - Sedli\u0107 d.o.o.","isPartOf":{"@id":"https:\/\/sedlic.hr\/#website"},"primaryImageOfPage":{"@id":"https:\/\/sedlic.hr\/naslovnica\/mjesaona-stocne-hrane-sedlic\/#primaryimage"},"image":{"@id":"https:\/\/sedlic.hr\/naslovnica\/mjesaona-stocne-hrane-sedlic\/#primaryimage"},"thumbnailUrl":"http:\/\/trgovina.site\/sedlic\/wp-content\/uploads\/2023\/02\/mjesaona-stocne-hrane_1000_600_80_all_3.jpg","datePublished":"2023-02-28T09:00:39+00:00","dateModified":"2023-03-02T10:42:38+00:00","breadcrumb":{"@id":"https:\/\/sedlic.hr\/naslovnica\/mjesaona-stocne-hrane-sedlic\/#breadcrumb"},"inLanguage":"it-IT","potentialAction":[{"@type":"ReadAction","target":["https:\/\/sedlic.hr\/naslovnica\/mjesaona-stocne-hrane-sedlic\/"]}]},{"@type":"ImageObject","inLanguage":"it-IT","@id":"https:\/\/sedlic.hr\/naslovnica\/mjesaona-stocne-hrane-sedlic\/#primaryimage","url":"http:\/\/trgovina.site\/sedlic\/wp-content\/uploads\/2023\/02\/mjesaona-stocne-hrane_1000_600_80_all_3.jpg","contentUrl":"http:\/\/trgovina.site\/sedlic\/wp-content\/uploads\/2023\/02\/mjesaona-stocne-hrane_1000_600_80_all_3.jpg"},{"@type":"BreadcrumbList","@id":"https:\/\/sedlic.hr\/naslovnica\/mjesaona-stocne-hrane-sedlic\/#breadcrumb","itemListElement":[{"@type":"ListItem","position":1,"name":"Po\u010detna stranica","item":"https:\/\/sedlic.hr\/"},{"@type":"ListItem","position":2,"name":"Sedli\u0107 d.o.o.","item":"https:\/\/sedlic.hr\/"},{"@type":"ListItem","position":3,"name":"Mje\u0161aona sto\u010dne hrane Sedli\u0107"}]},{"@type":"WebSite","@id":"https:\/\/sedlic.hr\/#website","url":"https:\/\/sedlic.hr\/","name":"Sedli\u0107 d.o.o.","description":"PROIZVODNJA STO\u010cNE HRANE","publisher":{"@id":"https:\/\/sedlic.hr\/#organization"},"alternateName":"PROIZVODNJA STO\u010cNE HRANE","potentialAction":[{"@type":"SearchAction","target":{"@type":"EntryPoint","urlTemplate":"https:\/\/sedlic.hr\/?s={search_term_string}"},"query-input":{"@type":"PropertyValueSpecification","valueRequired":true,"valueName":"search_term_string"}}],"inLanguage":"it-IT"},{"@type":"Organization","@id":"https:\/\/sedlic.hr\/#organization","name":"PROIZVODNJA STO\u010cNE HRANE","url":"https:\/\/sedlic.hr\/","logo":{"@type":"ImageObject","inLanguage":"it-IT","@id":"https:\/\/sedlic.hr\/#\/schema\/logo\/image\/","url":"https:\/\/sedlic.hr\/wp-content\/uploads\/2023\/02\/sedlic-logo-novi.jpg","contentUrl":"https:\/\/sedlic.hr\/wp-content\/uploads\/2023\/02\/sedlic-logo-novi.jpg","width":278,"height":128,"caption":"PROIZVODNJA STO\u010cNE HRANE"},"image":{"@id":"https:\/\/sedlic.hr\/#\/schema\/logo\/image\/"}}]}},"_links":{"self":[{"href":"https:\/\/sedlic.hr\/it\/wp-json\/wp\/v2\/pages\/195","targetHints":{"allow":["GET"]}}],"collection":[{"href":"https:\/\/sedlic.hr\/it\/wp-json\/wp\/v2\/pages"}],"about":[{"href":"https:\/\/sedlic.hr\/it\/wp-json\/wp\/v2\/types\/page"}],"author":[{"embeddable":true,"href":"https:\/\/sedlic.hr\/it\/wp-json\/wp\/v2\/users\/1"}],"replies":[{"embeddable":true,"href":"https:\/\/sedlic.hr\/it\/wp-json\/wp\/v2\/comments?post=195"}],"version-history":[{"count":17,"href":"https:\/\/sedlic.hr\/it\/wp-json\/wp\/v2\/pages\/195\/revisions"}],"predecessor-version":[{"id":604,"href":"https:\/\/sedlic.hr\/it\/wp-json\/wp\/v2\/pages\/195\/revisions\/604"}],"up":[{"embeddable":true,"href":"https:\/\/sedlic.hr\/it\/wp-json\/wp\/v2\/pages\/39"}],"wp:attachment":[{"href":"https:\/\/sedlic.hr\/it\/wp-json\/wp\/v2\/media?parent=195"}],"curies":[{"name":"wp","href":"https:\/\/api.w.org\/{rel}","templated":true}]}}