{"id":883,"date":"2023-03-01T21:47:23","date_gmt":"2023-03-01T21:47:23","guid":{"rendered":"https:\/\/trgovina.site\/sedlic\/?page_id=883"},"modified":"2023-03-02T10:48:17","modified_gmt":"2023-03-02T10:48:17","slug":"retail-trade-sedlic","status":"publish","type":"page","link":"https:\/\/sedlic.hr\/en\/farming-company-croatia\/retail-trade-sedlic\/","title":{"rendered":"Retail trade Sedli\u0107"},"content":{"rendered":"<div data-elementor-type=\"wp-page\" data-elementor-id=\"883\" class=\"elementor elementor-883\" data-elementor-post-type=\"page\">\n\t\t\t\t\t\t<section class=\"elementor-section elementor-top-section elementor-element elementor-element-a2e561a elementor-section-boxed elementor-section-height-default elementor-section-height-default\" data-id=\"a2e561a\" data-element_type=\"section\" data-settings=\"{&quot;background_background&quot;:&quot;classic&quot;}\">\n\t\t\t\t\t\t<div class=\"elementor-container elementor-column-gap-default\">\n\t\t\t\t\t<div class=\"elementor-column elementor-col-100 elementor-top-column elementor-element elementor-element-b25aed1\" data-id=\"b25aed1\" data-element_type=\"column\">\n\t\t\t<div class=\"elementor-widget-wrap elementor-element-populated\">\n\t\t\t\t\t\t<div class=\"elementor-element elementor-element-9424cdb elementor-widget elementor-widget-breadcrumbs\" data-id=\"9424cdb\" data-element_type=\"widget\" data-widget_type=\"breadcrumbs.default\">\n\t\t\t\t<div class=\"elementor-widget-container\">\n\t\t\t<p id=\"breadcrumbs\"><span><span><a href=\"https:\/\/sedlic.hr\/en\/\">SEDLI\u0106 GROUP<\/a><\/span><\/span><\/p>\t\t<\/div>\n\t\t\t\t<\/div>\n\t\t\t\t\t<\/div>\n\t\t<\/div>\n\t\t\t\t\t<\/div>\n\t\t<\/section>\n\t\t\t\t<section class=\"elementor-section elementor-top-section elementor-element elementor-element-882b2da elementor-section-boxed elementor-section-height-default elementor-section-height-default\" data-id=\"882b2da\" data-element_type=\"section\">\n\t\t\t\t\t\t<div class=\"elementor-container elementor-column-gap-default\">\n\t\t\t\t\t<div class=\"elementor-column elementor-col-66 elementor-top-column elementor-element elementor-element-a8adc6c\" data-id=\"a8adc6c\" data-element_type=\"column\">\n\t\t\t<div class=\"elementor-widget-wrap elementor-element-populated\">\n\t\t\t\t\t\t<div class=\"elementor-element elementor-element-a6d165e elementor-widget elementor-widget-theme-post-title elementor-page-title elementor-widget-heading\" data-id=\"a6d165e\" data-element_type=\"widget\" data-widget_type=\"theme-post-title.default\">\n\t\t\t\t<div class=\"elementor-widget-container\">\n\t\t\t<h1 class=\"elementor-heading-title elementor-size-default\">Retail trade Sedli\u0107<\/h1>\t\t<\/div>\n\t\t\t\t<\/div>\n\t\t\t\t<div class=\"elementor-element elementor-element-2a037f5 elementor-widget elementor-widget-text-editor\" data-id=\"2a037f5\" data-element_type=\"widget\" data-widget_type=\"text-editor.default\">\n\t\t\t\t<div class=\"elementor-widget-container\">\n\t\t\t\t\t\t\t<p>Retail shops belonging to Sedli\u0107 company offer a wide range of different fodder products: animal feed produced in our facilities, oleaginous plant seeds packed in bags, cereals packed in bags, micro components and food for pets.<\/p><p>Additionally, customers can choose from our rich offer of tools and equipment for household, croft, garden, orchard, vineyard and farm.<\/p><p><span style=\"color: #ff6600;\"><strong>ASSORTMENT INCLUDES<\/strong><\/span><\/p><ul><li>vegetable and flower seeds<\/li><li>spare parts and equipment for milking<\/li><li>motor oils<\/li><li>tools for gardening, work in orchard and vineyard<\/li><\/ul><p><span style=\"color: #ff6600;\"><strong>SHOP 1<\/strong><\/span><br \/>Berek 54, 43232 Berek, Croatia<br \/>Phone: +385 43 548 295 \u2022 Fax: +385 43 548 904<br \/>Monday &#8211; Friday: 08:00 &#8211; 15:00 \u2022 Saturday: 08:00 &#8211; 13:00<\/p><p><span style=\"color: #ff6600;\"><strong>SHOP 2<\/strong><\/span><br \/>Antuna Mihanovi\u0107a 10, 43000 Bjelovar, Croatia<br \/>Phone: +385 43 220 883 \u2022 Fax: +385 43 548 904<br \/>Monday &#8211; Friday: 08:00 &#8211; 15:00 \u2022 Saturday: 08:00 &#8211; 13:00<\/p><p>Closed on Sundays and holidays<\/p>\t\t\t\t\t\t<\/div>\n\t\t\t\t<\/div>\n\t\t\t\t\t<\/div>\n\t\t<\/div>\n\t\t\t\t<div class=\"elementor-column elementor-col-33 elementor-top-column elementor-element elementor-element-02cc72c\" data-id=\"02cc72c\" data-element_type=\"column\">\n\t\t\t<div class=\"elementor-widget-wrap elementor-element-populated\">\n\t\t\t\t\t\t<div class=\"elementor-element elementor-element-967f079 elementor-widget elementor-widget-sidebar\" data-id=\"967f079\" data-element_type=\"widget\" data-widget_type=\"sidebar.default\">\n\t\t\t\t<div class=\"elementor-widget-container\">\n\t\t\t<div id=\"elementor-library-3\" class=\"sidebar-box widget_elementor-library clr\">\t\t<div data-elementor-type=\"section\" data-elementor-id=\"681\" class=\"elementor elementor-681\" data-elementor-post-type=\"elementor_library\">\n\t\t\t\t\t<section class=\"elementor-section elementor-top-section elementor-element elementor-element-151d018 elementor-section-boxed elementor-section-height-default elementor-section-height-default\" data-id=\"151d018\" data-element_type=\"section\">\n\t\t\t\t\t\t<div class=\"elementor-container elementor-column-gap-default\">\n\t\t\t\t\t<div class=\"elementor-column elementor-col-100 elementor-top-column elementor-element elementor-element-f997d70\" data-id=\"f997d70\" data-element_type=\"column\">\n\t\t\t<div class=\"elementor-widget-wrap elementor-element-populated\">\n\t\t\t\t\t\t<div class=\"elementor-element elementor-element-3fa288f elementor-align-justify elementor-widget elementor-widget-button\" data-id=\"3fa288f\" data-element_type=\"widget\" data-widget_type=\"button.default\">\n\t\t\t\t<div class=\"elementor-widget-container\">\n\t\t\t\t\t<div class=\"elementor-button-wrapper\">\n\t\t\t<a class=\"elementor-button elementor-button-link elementor-size-md\" href=\"https:\/\/trgovina.site\/sedlic\/sedlic-d-o-o-kontakt-informacije\/\">\n\t\t\t\t\t\t<span class=\"elementor-button-content-wrapper\">\n\t\t\t\t\t\t<span class=\"elementor-button-icon\">\n\t\t\t\t<i aria-hidden=\"true\" class=\"fas fa-envelope\"><\/i>\t\t\t<\/span>\n\t\t\t\t\t\t\t\t\t<span class=\"elementor-button-text\">Send us a message  !<\/span>\n\t\t\t\t\t<\/span>\n\t\t\t\t\t<\/a>\n\t\t<\/div>\n\t\t\t\t<\/div>\n\t\t\t\t<\/div>\n\t\t\t\t\t<\/div>\n\t\t<\/div>\n\t\t\t\t\t<\/div>\n\t\t<\/section>\n\t\t\t\t<section class=\"elementor-section elementor-top-section elementor-element elementor-element-c8fe612 elementor-section-boxed elementor-section-height-default elementor-section-height-default\" data-id=\"c8fe612\" data-element_type=\"section\">\n\t\t\t\t\t\t<div class=\"elementor-container elementor-column-gap-default\">\n\t\t\t\t\t<div class=\"elementor-column elementor-col-100 elementor-top-column elementor-element elementor-element-2f450af\" data-id=\"2f450af\" data-element_type=\"column\">\n\t\t\t<div class=\"elementor-widget-wrap elementor-element-populated\">\n\t\t\t\t\t\t<div class=\"elementor-element elementor-element-6fa52fa elementor-widget elementor-widget-text-editor\" data-id=\"6fa52fa\" data-element_type=\"widget\" data-widget_type=\"text-editor.default\">\n\t\t\t\t<div class=\"elementor-widget-container\">\n\t\t\t\t\t\t\t<p>PRODUCTS INFO<\/p>\t\t\t\t\t\t<\/div>\n\t\t\t\t<\/div>\n\t\t\t\t<div class=\"elementor-element elementor-element-f70744c elementor-widget elementor-widget-text-editor\" data-id=\"f70744c\" data-element_type=\"widget\" data-widget_type=\"text-editor.default\">\n\t\t\t\t<div class=\"elementor-widget-container\">\n\t\t\t\t\t\t\t<p>Tvrtko Kre\u0161i\u0107<br \/>Phone: +385 43 548 905<br \/>Fax: +385 43 548 904<\/p><p>Email:info@sedlic.hr<br \/>Monday &#8211; Friday: 07:30 &#8211; 15:30<\/p>\t\t\t\t\t\t<\/div>\n\t\t\t\t<\/div>\n\t\t\t\t<div class=\"elementor-element elementor-element-a187793 elementor-widget elementor-widget-text-editor\" data-id=\"a187793\" data-element_type=\"widget\" data-widget_type=\"text-editor.default\">\n\t\t\t\t<div class=\"elementor-widget-container\">\n\t\t\t\t\t\t\t<p>RETAIL<\/p>\t\t\t\t\t\t<\/div>\n\t\t\t\t<\/div>\n\t\t\t\t<div class=\"elementor-element elementor-element-a141c3a elementor-widget elementor-widget-text-editor\" data-id=\"a141c3a\" data-element_type=\"widget\" data-widget_type=\"text-editor.default\">\n\t\t\t\t<div class=\"elementor-widget-container\">\n\t\t\t\t\t\t\t<p>STORE 1<\/p>\t\t\t\t\t\t<\/div>\n\t\t\t\t<\/div>\n\t\t\t\t<div class=\"elementor-element elementor-element-ba10d42 elementor-widget elementor-widget-text-editor\" data-id=\"ba10d42\" data-element_type=\"widget\" data-widget_type=\"text-editor.default\">\n\t\t\t\t<div class=\"elementor-widget-container\">\n\t\t\t\t\t\t\t<p>Address: Berek 54, 43232 Berek<br \/>Phone: +385 43 548 295<br \/>Fax: +385 43 548 904<\/p><p>Working hours:<br \/>Monday &#8211; Friday: 08:00 &#8211; 15:00<br \/>Saturday: 08:00 &#8211; 13:00<\/p>\t\t\t\t\t\t<\/div>\n\t\t\t\t<\/div>\n\t\t\t\t<div class=\"elementor-element elementor-element-db48f26 elementor-widget elementor-widget-text-editor\" data-id=\"db48f26\" data-element_type=\"widget\" data-widget_type=\"text-editor.default\">\n\t\t\t\t<div class=\"elementor-widget-container\">\n\t\t\t\t\t\t\t<p>STORE 2<\/p>\t\t\t\t\t\t<\/div>\n\t\t\t\t<\/div>\n\t\t\t\t<div class=\"elementor-element elementor-element-8a081e7 elementor-widget elementor-widget-text-editor\" data-id=\"8a081e7\" data-element_type=\"widget\" data-widget_type=\"text-editor.default\">\n\t\t\t\t<div class=\"elementor-widget-container\">\n\t\t\t\t\t\t\t<p>Address: Antuna Mihanovi\u0107a 10, 43000 Bjelovar<br \/>Phone: +385 43 220 883<br \/>Fax: +385 43 548 904<\/p><p>Working hours:<br \/>Monday &#8211; Friday: 08:00 &#8211; 15:00<br \/>Saturday: 08:00 &#8211; 13:00<\/p><p>Closed on Sundays and holidays<\/p>\t\t\t\t\t\t<\/div>\n\t\t\t\t<\/div>\n\t\t\t\t\t<\/div>\n\t\t<\/div>\n\t\t\t\t\t<\/div>\n\t\t<\/section>\n\t\t\t\t<\/div>\n\t\t<\/div>\t\t<\/div>\n\t\t\t\t<\/div>\n\t\t\t\t\t<\/div>\n\t\t<\/div>\n\t\t\t\t\t<\/div>\n\t\t<\/section>\n\t\t\t\t<section class=\"elementor-section elementor-top-section elementor-element elementor-element-1bc97c6 elementor-section-boxed elementor-section-height-default elementor-section-height-default\" data-id=\"1bc97c6\" data-element_type=\"section\" data-settings=\"{&quot;background_background&quot;:&quot;classic&quot;}\">\n\t\t\t\t\t\t<div class=\"elementor-container elementor-column-gap-default\">\n\t\t\t\t\t<div class=\"elementor-column elementor-col-50 elementor-top-column elementor-element elementor-element-86ebc6c\" data-id=\"86ebc6c\" data-element_type=\"column\">\n\t\t\t<div class=\"elementor-widget-wrap elementor-element-populated\">\n\t\t\t\t\t\t<section class=\"elementor-section elementor-inner-section elementor-element elementor-element-12ddab1 elementor-section-boxed elementor-section-height-default elementor-section-height-default\" data-id=\"12ddab1\" data-element_type=\"section\">\n\t\t\t\t\t\t<div class=\"elementor-container elementor-column-gap-default\">\n\t\t\t\t\t<div class=\"elementor-column elementor-col-33 elementor-inner-column elementor-element elementor-element-e0f4a8e\" data-id=\"e0f4a8e\" data-element_type=\"column\">\n\t\t\t<div class=\"elementor-widget-wrap elementor-element-populated\">\n\t\t\t\t\t\t<div class=\"elementor-element elementor-element-5aaec95 elementor-widget elementor-widget-image\" data-id=\"5aaec95\" data-element_type=\"widget\" data-widget_type=\"image.default\">\n\t\t\t\t<div class=\"elementor-widget-container\">\n\t\t\t\t\t\t\t\t\t\t\t\t\t<img fetchpriority=\"high\" decoding=\"async\" width=\"1024\" height=\"337\" src=\"https:\/\/sedlic.hr\/wp-content\/uploads\/2023\/02\/ESI_logotip_boja_veci-1024x337.png\" class=\"attachment-large size-large wp-image-34\" alt=\"\" srcset=\"https:\/\/sedlic.hr\/wp-content\/uploads\/2023\/02\/ESI_logotip_boja_veci-1024x337.png 1024w, https:\/\/sedlic.hr\/wp-content\/uploads\/2023\/02\/ESI_logotip_boja_veci-300x99.png 300w, https:\/\/sedlic.hr\/wp-content\/uploads\/2023\/02\/ESI_logotip_boja_veci-768x253.png 768w, https:\/\/sedlic.hr\/wp-content\/uploads\/2023\/02\/ESI_logotip_boja_veci-1536x506.png 1536w, https:\/\/sedlic.hr\/wp-content\/uploads\/2023\/02\/ESI_logotip_boja_veci-2048x674.png 2048w\" sizes=\"(max-width: 1024px) 100vw, 1024px\" \/>\t\t\t\t\t\t\t\t\t\t\t\t\t<\/div>\n\t\t\t\t<\/div>\n\t\t\t\t\t<\/div>\n\t\t<\/div>\n\t\t\t\t<div class=\"elementor-column elementor-col-33 elementor-inner-column elementor-element elementor-element-5babf9c\" data-id=\"5babf9c\" data-element_type=\"column\">\n\t\t\t<div class=\"elementor-widget-wrap elementor-element-populated\">\n\t\t\t\t\t\t<div class=\"elementor-element elementor-element-2822785 elementor-widget elementor-widget-image\" data-id=\"2822785\" data-element_type=\"widget\" data-widget_type=\"image.default\">\n\t\t\t\t<div class=\"elementor-widget-container\">\n\t\t\t\t\t\t\t\t\t\t\t\t\t<img decoding=\"async\" width=\"1024\" height=\"406\" src=\"https:\/\/sedlic.hr\/wp-content\/uploads\/2023\/02\/OP-konkurentnost-i-kohezija_BOJA-1024x406.png\" class=\"attachment-large size-large wp-image-33\" alt=\"\" srcset=\"https:\/\/sedlic.hr\/wp-content\/uploads\/2023\/02\/OP-konkurentnost-i-kohezija_BOJA-1024x406.png 1024w, https:\/\/sedlic.hr\/wp-content\/uploads\/2023\/02\/OP-konkurentnost-i-kohezija_BOJA-300x119.png 300w, https:\/\/sedlic.hr\/wp-content\/uploads\/2023\/02\/OP-konkurentnost-i-kohezija_BOJA-768x304.png 768w, https:\/\/sedlic.hr\/wp-content\/uploads\/2023\/02\/OP-konkurentnost-i-kohezija_BOJA.png 1105w\" sizes=\"(max-width: 1024px) 100vw, 1024px\" \/>\t\t\t\t\t\t\t\t\t\t\t\t\t<\/div>\n\t\t\t\t<\/div>\n\t\t\t\t\t<\/div>\n\t\t<\/div>\n\t\t\t\t<div class=\"elementor-column elementor-col-33 elementor-inner-column elementor-element elementor-element-bc22ad9\" data-id=\"bc22ad9\" data-element_type=\"column\">\n\t\t\t<div class=\"elementor-widget-wrap elementor-element-populated\">\n\t\t\t\t\t\t<div class=\"elementor-element elementor-element-3d59af5 elementor-widget elementor-widget-image\" data-id=\"3d59af5\" data-element_type=\"widget\" data-widget_type=\"image.default\">\n\t\t\t\t<div class=\"elementor-widget-container\">\n\t\t\t\t\t\t\t\t\t\t\t\t\t<img decoding=\"async\" width=\"201\" height=\"128\" src=\"https:\/\/sedlic.hr\/wp-content\/uploads\/2023\/02\/eu-logo-top.png\" class=\"attachment-large size-large wp-image-20\" alt=\"\" \/>\t\t\t\t\t\t\t\t\t\t\t\t\t<\/div>\n\t\t\t\t<\/div>\n\t\t\t\t\t<\/div>\n\t\t<\/div>\n\t\t\t\t\t<\/div>\n\t\t<\/section>\n\t\t\t\t\t<\/div>\n\t\t<\/div>\n\t\t\t\t<div class=\"elementor-column elementor-col-50 elementor-top-column elementor-element elementor-element-11db0d2\" data-id=\"11db0d2\" data-element_type=\"column\">\n\t\t\t<div class=\"elementor-widget-wrap elementor-element-populated\">\n\t\t\t\t\t\t<div class=\"elementor-element elementor-element-c96267c elementor-widget elementor-widget-text-editor\" data-id=\"c96267c\" data-element_type=\"widget\" data-widget_type=\"text-editor.default\">\n\t\t\t\t<div class=\"elementor-widget-container\">\n\t\t\t\t\t\t\t<p><a class=\"crni\" title=\"Europska unija\" href=\"https:\/\/europa.eu\/european-union\/index_en\" target=\"_blank\" rel=\"noopener\">Europska unija<\/a>\u00a0|\u00a0<a class=\"crni\" title=\"Stukturni fondovi\" href=\"https:\/\/strukturnifondovi.hr\/\" target=\"_blank\" rel=\"noopener\">Stukturni fondovi<\/a>\u00a0|\u00a0<a class=\"crni\" title=\"OP Konkurentnost i kohezija\" href=\"https:\/\/strukturnifondovi.hr\/eu-fondovi\/esi-fondovi-2014-2020\/op-konkurentnost-i-kohezija\/\" target=\"_blank\" rel=\"noopener\">OP Konkurentnost i kohezija<\/a>\u00a0|\u00a0<a class=\"crni\" title=\"Opis projekta\" href=\"https:\/\/sedlic.hr\/en\/projekti\/\" target=\"_blank\" rel=\"noopener\">Opis projekta<\/a><br \/>Projekt je sufinancirala Europska unija iz Europski fond za regionalni razvoj. Sadr\u017eaj publikacije\/emitiranog materijala isklju\u010diva je odgovornost dru\u0161tva Sedli\u0107 d.o.o.<\/p>\t\t\t\t\t\t<\/div>\n\t\t\t\t<\/div>\n\t\t\t\t\t<\/div>\n\t\t<\/div>\n\t\t\t\t\t<\/div>\n\t\t<\/section>\n\t\t\t\t<\/div>","protected":false},"excerpt":{"rendered":"<p>Retail shops belonging to Sedli\u0107 company offer a wide range of different fodder products: animal feed produced in our facilities, oleaginous plant seeds packed in bags, cereals packed in bags, micro components and food for pets. Additionally, customers can choose from our rich offer of tools and equipment for household, croft, garden, orchard, vineyard and [&hellip;]<\/p>","protected":false},"author":1,"featured_media":0,"parent":630,"menu_order":0,"comment_status":"closed","ping_status":"closed","template":"elementor_header_footer","meta":{"footnotes":""},"class_list":["post-883","page","type-page","status-publish","hentry","entry"],"yoast_head":"<!-- This site is optimized with the Yoast SEO plugin v23.5 - https:\/\/yoast.com\/wordpress\/plugins\/seo\/ -->\n<title>Retail trade Sedli\u0107 - Sedli\u0107 d.o.o.<\/title>\n<meta name=\"robots\" content=\"index, follow, max-snippet:-1, max-image-preview:large, max-video-preview:-1\" \/>\n<link rel=\"canonical\" href=\"https:\/\/sedlic.hr\/en\/farming-company-croatia\/retail-trade-sedlic\/\" \/>\n<meta property=\"og:locale\" content=\"en_US\" \/>\n<meta property=\"og:type\" content=\"article\" \/>\n<meta property=\"og:title\" content=\"Retail trade Sedli\u0107 - Sedli\u0107 d.o.o.\" \/>\n<meta property=\"og:description\" content=\"Retail shops belonging to Sedli\u0107 company offer a wide range of different fodder products: animal feed produced in our facilities, oleaginous plant seeds packed in bags, cereals packed in bags, micro components and food for pets. Additionally, customers can choose from our rich offer of tools and equipment for household, croft, garden, orchard, vineyard and [&hellip;]\" \/>\n<meta property=\"og:url\" content=\"https:\/\/sedlic.hr\/en\/farming-company-croatia\/retail-trade-sedlic\/\" \/>\n<meta property=\"og:site_name\" content=\"Sedli\u0107 d.o.o.\" \/>\n<meta property=\"article:modified_time\" content=\"2023-03-02T10:48:17+00:00\" \/>\n<meta property=\"og:image\" content=\"http:\/\/trgovina.site\/sedlic\/wp-content\/uploads\/2023\/02\/ESI_logotip_boja_veci-1024x337.png\" \/>\n<meta name=\"twitter:card\" content=\"summary_large_image\" \/>\n<meta name=\"twitter:label1\" content=\"Est. reading time\" \/>\n\t<meta name=\"twitter:data1\" content=\"3 minutes\" \/>\n<script type=\"application\/ld+json\" class=\"yoast-schema-graph\">{\"@context\":\"https:\/\/schema.org\",\"@graph\":[{\"@type\":\"WebPage\",\"@id\":\"https:\/\/sedlic.hr\/farming-company-croatia\/retail-trade-sedlic\/\",\"url\":\"https:\/\/sedlic.hr\/farming-company-croatia\/retail-trade-sedlic\/\",\"name\":\"Retail trade Sedli\u0107 - Sedli\u0107 d.o.o.\",\"isPartOf\":{\"@id\":\"https:\/\/sedlic.hr\/#website\"},\"primaryImageOfPage\":{\"@id\":\"https:\/\/sedlic.hr\/farming-company-croatia\/retail-trade-sedlic\/#primaryimage\"},\"image\":{\"@id\":\"https:\/\/sedlic.hr\/farming-company-croatia\/retail-trade-sedlic\/#primaryimage\"},\"thumbnailUrl\":\"http:\/\/trgovina.site\/sedlic\/wp-content\/uploads\/2023\/02\/ESI_logotip_boja_veci-1024x337.png\",\"datePublished\":\"2023-03-01T21:47:23+00:00\",\"dateModified\":\"2023-03-02T10:48:17+00:00\",\"breadcrumb\":{\"@id\":\"https:\/\/sedlic.hr\/farming-company-croatia\/retail-trade-sedlic\/#breadcrumb\"},\"inLanguage\":\"en-US\",\"potentialAction\":[{\"@type\":\"ReadAction\",\"target\":[\"https:\/\/sedlic.hr\/farming-company-croatia\/retail-trade-sedlic\/\"]}]},{\"@type\":\"ImageObject\",\"inLanguage\":\"en-US\",\"@id\":\"https:\/\/sedlic.hr\/farming-company-croatia\/retail-trade-sedlic\/#primaryimage\",\"url\":\"http:\/\/trgovina.site\/sedlic\/wp-content\/uploads\/2023\/02\/ESI_logotip_boja_veci-1024x337.png\",\"contentUrl\":\"http:\/\/trgovina.site\/sedlic\/wp-content\/uploads\/2023\/02\/ESI_logotip_boja_veci-1024x337.png\"},{\"@type\":\"BreadcrumbList\",\"@id\":\"https:\/\/sedlic.hr\/farming-company-croatia\/retail-trade-sedlic\/#breadcrumb\",\"itemListElement\":[{\"@type\":\"ListItem\",\"position\":1,\"name\":\"Po\u010detna stranica\",\"item\":\"https:\/\/sedlic.hr\/\"},{\"@type\":\"ListItem\",\"position\":2,\"name\":\"Sedli\u0107 LTD\",\"item\":\"https:\/\/sedlic.hr\/farming-company-croatia\/\"},{\"@type\":\"ListItem\",\"position\":3,\"name\":\"Retail trade Sedli\u0107\"}]},{\"@type\":\"WebSite\",\"@id\":\"https:\/\/sedlic.hr\/#website\",\"url\":\"https:\/\/sedlic.hr\/\",\"name\":\"Sedli\u0107 d.o.o.\",\"description\":\"PROIZVODNJA STO\u010cNE HRANE\",\"publisher\":{\"@id\":\"https:\/\/sedlic.hr\/#organization\"},\"alternateName\":\"PROIZVODNJA STO\u010cNE HRANE\",\"potentialAction\":[{\"@type\":\"SearchAction\",\"target\":{\"@type\":\"EntryPoint\",\"urlTemplate\":\"https:\/\/sedlic.hr\/?s={search_term_string}\"},\"query-input\":{\"@type\":\"PropertyValueSpecification\",\"valueRequired\":true,\"valueName\":\"search_term_string\"}}],\"inLanguage\":\"en-US\"},{\"@type\":\"Organization\",\"@id\":\"https:\/\/sedlic.hr\/#organization\",\"name\":\"PROIZVODNJA STO\u010cNE HRANE\",\"url\":\"https:\/\/sedlic.hr\/\",\"logo\":{\"@type\":\"ImageObject\",\"inLanguage\":\"en-US\",\"@id\":\"https:\/\/sedlic.hr\/#\/schema\/logo\/image\/\",\"url\":\"https:\/\/sedlic.hr\/wp-content\/uploads\/2023\/02\/sedlic-logo-novi.jpg\",\"contentUrl\":\"https:\/\/sedlic.hr\/wp-content\/uploads\/2023\/02\/sedlic-logo-novi.jpg\",\"width\":278,\"height\":128,\"caption\":\"PROIZVODNJA STO\u010cNE HRANE\"},\"image\":{\"@id\":\"https:\/\/sedlic.hr\/#\/schema\/logo\/image\/\"}}]}<\/script>\n<!-- \/ Yoast SEO plugin. -->","yoast_head_json":{"title":"Retail trade Sedli\u0107 - Sedli\u0107 d.o.o.","robots":{"index":"index","follow":"follow","max-snippet":"max-snippet:-1","max-image-preview":"max-image-preview:large","max-video-preview":"max-video-preview:-1"},"canonical":"https:\/\/sedlic.hr\/en\/farming-company-croatia\/retail-trade-sedlic\/","og_locale":"en_US","og_type":"article","og_title":"Retail trade Sedli\u0107 - Sedli\u0107 d.o.o.","og_description":"Retail shops belonging to Sedli\u0107 company offer a wide range of different fodder products: animal feed produced in our facilities, oleaginous plant seeds packed in bags, cereals packed in bags, micro components and food for pets. Additionally, customers can choose from our rich offer of tools and equipment for household, croft, garden, orchard, vineyard and [&hellip;]","og_url":"https:\/\/sedlic.hr\/en\/farming-company-croatia\/retail-trade-sedlic\/","og_site_name":"Sedli\u0107 d.o.o.","article_modified_time":"2023-03-02T10:48:17+00:00","og_image":[{"url":"http:\/\/trgovina.site\/sedlic\/wp-content\/uploads\/2023\/02\/ESI_logotip_boja_veci-1024x337.png"}],"twitter_card":"summary_large_image","twitter_misc":{"Est. reading time":"3 minutes"},"schema":{"@context":"https:\/\/schema.org","@graph":[{"@type":"WebPage","@id":"https:\/\/sedlic.hr\/farming-company-croatia\/retail-trade-sedlic\/","url":"https:\/\/sedlic.hr\/farming-company-croatia\/retail-trade-sedlic\/","name":"Retail trade Sedli\u0107 - Sedli\u0107 d.o.o.","isPartOf":{"@id":"https:\/\/sedlic.hr\/#website"},"primaryImageOfPage":{"@id":"https:\/\/sedlic.hr\/farming-company-croatia\/retail-trade-sedlic\/#primaryimage"},"image":{"@id":"https:\/\/sedlic.hr\/farming-company-croatia\/retail-trade-sedlic\/#primaryimage"},"thumbnailUrl":"http:\/\/trgovina.site\/sedlic\/wp-content\/uploads\/2023\/02\/ESI_logotip_boja_veci-1024x337.png","datePublished":"2023-03-01T21:47:23+00:00","dateModified":"2023-03-02T10:48:17+00:00","breadcrumb":{"@id":"https:\/\/sedlic.hr\/farming-company-croatia\/retail-trade-sedlic\/#breadcrumb"},"inLanguage":"en-US","potentialAction":[{"@type":"ReadAction","target":["https:\/\/sedlic.hr\/farming-company-croatia\/retail-trade-sedlic\/"]}]},{"@type":"ImageObject","inLanguage":"en-US","@id":"https:\/\/sedlic.hr\/farming-company-croatia\/retail-trade-sedlic\/#primaryimage","url":"http:\/\/trgovina.site\/sedlic\/wp-content\/uploads\/2023\/02\/ESI_logotip_boja_veci-1024x337.png","contentUrl":"http:\/\/trgovina.site\/sedlic\/wp-content\/uploads\/2023\/02\/ESI_logotip_boja_veci-1024x337.png"},{"@type":"BreadcrumbList","@id":"https:\/\/sedlic.hr\/farming-company-croatia\/retail-trade-sedlic\/#breadcrumb","itemListElement":[{"@type":"ListItem","position":1,"name":"Po\u010detna stranica","item":"https:\/\/sedlic.hr\/"},{"@type":"ListItem","position":2,"name":"Sedli\u0107 LTD","item":"https:\/\/sedlic.hr\/farming-company-croatia\/"},{"@type":"ListItem","position":3,"name":"Retail trade Sedli\u0107"}]},{"@type":"WebSite","@id":"https:\/\/sedlic.hr\/#website","url":"https:\/\/sedlic.hr\/","name":"Sedli\u0107 d.o.o.","description":"PROIZVODNJA STO\u010cNE HRANE","publisher":{"@id":"https:\/\/sedlic.hr\/#organization"},"alternateName":"PROIZVODNJA STO\u010cNE HRANE","potentialAction":[{"@type":"SearchAction","target":{"@type":"EntryPoint","urlTemplate":"https:\/\/sedlic.hr\/?s={search_term_string}"},"query-input":{"@type":"PropertyValueSpecification","valueRequired":true,"valueName":"search_term_string"}}],"inLanguage":"en-US"},{"@type":"Organization","@id":"https:\/\/sedlic.hr\/#organization","name":"PROIZVODNJA STO\u010cNE HRANE","url":"https:\/\/sedlic.hr\/","logo":{"@type":"ImageObject","inLanguage":"en-US","@id":"https:\/\/sedlic.hr\/#\/schema\/logo\/image\/","url":"https:\/\/sedlic.hr\/wp-content\/uploads\/2023\/02\/sedlic-logo-novi.jpg","contentUrl":"https:\/\/sedlic.hr\/wp-content\/uploads\/2023\/02\/sedlic-logo-novi.jpg","width":278,"height":128,"caption":"PROIZVODNJA STO\u010cNE HRANE"},"image":{"@id":"https:\/\/sedlic.hr\/#\/schema\/logo\/image\/"}}]}},"_links":{"self":[{"href":"https:\/\/sedlic.hr\/en\/wp-json\/wp\/v2\/pages\/883","targetHints":{"allow":["GET"]}}],"collection":[{"href":"https:\/\/sedlic.hr\/en\/wp-json\/wp\/v2\/pages"}],"about":[{"href":"https:\/\/sedlic.hr\/en\/wp-json\/wp\/v2\/types\/page"}],"author":[{"embeddable":true,"href":"https:\/\/sedlic.hr\/en\/wp-json\/wp\/v2\/users\/1"}],"replies":[{"embeddable":true,"href":"https:\/\/sedlic.hr\/en\/wp-json\/wp\/v2\/comments?post=883"}],"version-history":[{"count":7,"href":"https:\/\/sedlic.hr\/en\/wp-json\/wp\/v2\/pages\/883\/revisions"}],"predecessor-version":[{"id":890,"href":"https:\/\/sedlic.hr\/en\/wp-json\/wp\/v2\/pages\/883\/revisions\/890"}],"up":[{"embeddable":true,"href":"https:\/\/sedlic.hr\/en\/wp-json\/wp\/v2\/pages\/630"}],"wp:attachment":[{"href":"https:\/\/sedlic.hr\/en\/wp-json\/wp\/v2\/media?parent=883"}],"curies":[{"name":"wp","href":"https:\/\/api.w.org\/{rel}","templated":true}]}}