{"id":510,"date":"2023-02-28T11:36:38","date_gmt":"2023-02-28T11:36:38","guid":{"rendered":"https:\/\/trgovina.site\/sedlic\/?page_id=510"},"modified":"2023-03-02T10:43:29","modified_gmt":"2023-03-02T10:43:29","slug":"sedlic-d-o-o-kontakt-informacije","status":"publish","type":"page","link":"https:\/\/sedlic.hr\/en\/naslovnica\/sedlic-d-o-o-kontakt-informacije\/","title":{"rendered":"Sedli\u0107 Ltd. - Contact information"},"content":{"rendered":"<div data-elementor-type=\"wp-page\" data-elementor-id=\"510\" class=\"elementor elementor-510\" data-elementor-post-type=\"page\">\n\t\t\t\t\t\t<section class=\"elementor-section elementor-top-section elementor-element elementor-element-a2e561a elementor-section-boxed elementor-section-height-default elementor-section-height-default\" data-id=\"a2e561a\" data-element_type=\"section\" data-settings=\"{&quot;background_background&quot;:&quot;classic&quot;}\">\n\t\t\t\t\t\t<div class=\"elementor-container elementor-column-gap-default\">\n\t\t\t\t\t<div class=\"elementor-column elementor-col-100 elementor-top-column elementor-element elementor-element-b25aed1\" data-id=\"b25aed1\" data-element_type=\"column\">\n\t\t\t<div class=\"elementor-widget-wrap elementor-element-populated\">\n\t\t\t\t\t\t<div class=\"elementor-element elementor-element-9424cdb elementor-widget elementor-widget-breadcrumbs\" data-id=\"9424cdb\" data-element_type=\"widget\" data-widget_type=\"breadcrumbs.default\">\n\t\t\t\t<div class=\"elementor-widget-container\">\n\t\t\t<p id=\"breadcrumbs\"><span><span><a href=\"https:\/\/sedlic.hr\/en\/\">SEDLI\u0106 GROUP<\/a><\/span><\/span><\/p>\t\t<\/div>\n\t\t\t\t<\/div>\n\t\t\t\t\t<\/div>\n\t\t<\/div>\n\t\t\t\t\t<\/div>\n\t\t<\/section>\n\t\t\t\t<section class=\"elementor-section elementor-top-section elementor-element elementor-element-882b2da elementor-section-boxed elementor-section-height-default elementor-section-height-default\" data-id=\"882b2da\" data-element_type=\"section\">\n\t\t\t\t\t\t<div class=\"elementor-container elementor-column-gap-default\">\n\t\t\t\t\t<div class=\"elementor-column elementor-col-66 elementor-top-column elementor-element elementor-element-a8adc6c\" data-id=\"a8adc6c\" data-element_type=\"column\">\n\t\t\t<div class=\"elementor-widget-wrap elementor-element-populated\">\n\t\t\t\t\t\t<div class=\"elementor-element elementor-element-b33418b elementor-widget elementor-widget-heading\" data-id=\"b33418b\" data-element_type=\"widget\" data-widget_type=\"heading.default\">\n\t\t\t\t<div class=\"elementor-widget-container\">\n\t\t\t<h2 class=\"elementor-heading-title elementor-size-default\">Sedli\u0107 Ltd. - Contact information<\/h2>\t\t<\/div>\n\t\t\t\t<\/div>\n\t\t\t\t<div class=\"elementor-element elementor-element-2a037f5 elementor-widget elementor-widget-text-editor\" data-id=\"2a037f5\" data-element_type=\"widget\" data-widget_type=\"text-editor.default\">\n\t\t\t\t<div class=\"elementor-widget-container\">\n\t\t\t\t\t\t\t<p><span style=\"color: #ff6600;\"><strong>PRODUCT INFORMATION AND ORDERS<\/strong><\/span><br \/><br \/>Phone:\u00a0<a href=\"tel: 385 43 548 905\">+385 43 548 905<\/a>\u00a0\u2022 Fax: 043\/548-904 \u2022<br \/>Email:<a href=\"mailto:info@sedlic.hr\">\u00a0<strong>info@sedlic.hr<\/strong><\/a><br \/>Monday - Friday: 08:00 \u2013 15:00<\/p><p><span style=\"color: #ff6600;\"><strong>RETAIL - STORE 1<\/strong><\/span><br \/>Berek 54, 43232 Berek , Croatia<br \/>Phone:\u00a0<a href=\"tel: 385 43 548 295\">+385 43 548 295<\/a>\u00a0\u2022 Fax: 043\/548-904<\/p><p>Working hours:<br \/>Monday - Friday: 08:00 - 15:00<br \/>Saturday:\u00a008:00 \u2013 13:00<\/p><p><span style=\"color: #ff6600;\"><strong>RETAIL - STORE 2<\/strong><\/span><br \/>Antuna Mihanovi\u0107a 10, 43000 Bjelovar, Croatia<br \/>Phone:\u00a0<a href=\"tel: 385 43 220 883\">+385 43 220 883<\/a><br \/>Fax:043\/548-904<\/p><p>Working hours:<br \/>Monday - Friday: 08:00 \u2013 15:00<br \/>Saturday: 08:00 \u2013 13:00<\/p><p>Closed on Sundays and holidays<\/p><p class=\" translation-block\">It is important to us your trust and we oblige\nto protect your personal information. Please contact us for all inquiries:\nE-mail: dataprotection@sedlic.hr<\/p>\t\t\t\t\t\t<\/div>\n\t\t\t\t<\/div>\n\t\t\t\t\t<\/div>\n\t\t<\/div>\n\t\t\t\t<div class=\"elementor-column elementor-col-33 elementor-top-column elementor-element elementor-element-02cc72c\" data-id=\"02cc72c\" data-element_type=\"column\">\n\t\t\t<div class=\"elementor-widget-wrap elementor-element-populated\">\n\t\t\t\t\t\t<div class=\"elementor-element elementor-element-8d08eb7 elementor-widget elementor-widget-heading\" data-id=\"8d08eb7\" data-element_type=\"widget\" data-widget_type=\"heading.default\">\n\t\t\t\t<div class=\"elementor-widget-container\">\n\t\t\t<h2 class=\"elementor-heading-title elementor-size-default\">Send us a message<\/h2>\t\t<\/div>\n\t\t\t\t<\/div>\n\t\t\t\t<div class=\"elementor-element elementor-element-0e014b1 elementor-button-align-stretch elementor-widget elementor-widget-form\" data-id=\"0e014b1\" data-element_type=\"widget\" data-settings=\"{&quot;step_next_label&quot;:&quot;Next&quot;,&quot;step_previous_label&quot;:&quot;Previous&quot;,&quot;button_width&quot;:&quot;100&quot;,&quot;step_type&quot;:&quot;number_text&quot;,&quot;step_icon_shape&quot;:&quot;circle&quot;}\" data-widget_type=\"form.default\">\n\t\t\t\t<div class=\"elementor-widget-container\">\n\t\t\t\t\t<form class=\"elementor-form\" method=\"post\" name=\"New Form\" action=\"\">\n\t\t\t<input type=\"hidden\" name=\"post_id\" value=\"510\"\/>\n\t\t\t<input type=\"hidden\" name=\"form_id\" value=\"0e014b1\"\/>\n\t\t\t<input type=\"hidden\" name=\"referer_title\" value=\"Sedli\u0107 d.o.o.\" \/>\n\n\t\t\t\n\t\t\t<div class=\"elementor-form-fields-wrapper elementor-labels-above\">\n\t\t\t\t\t\t\t\t<div class=\"elementor-field-type-text elementor-field-group elementor-column elementor-field-group-name elementor-col-50 elementor-field-required elementor-mark-required\">\n\t\t\t\t\t\t\t\t\t\t\t\t<label for=\"form-field-name\" class=\"elementor-field-label\">\n\t\t\t\t\t\t\t\tName and surname\t\t\t\t\t\t\t<\/label>\n\t\t\t\t\t\t\t\t\t\t\t\t\t\t<input size=\"1\" type=\"text\" name=\"form_fields[name]\" id=\"form-field-name\" class=\"elementor-field elementor-size-sm  elementor-field-textual\" required=\"required\" aria-required=\"true\">\n\t\t\t\t\t\t\t\t\t\t\t<\/div>\n\t\t\t\t\t\t\t\t<div class=\"elementor-field-type-email elementor-field-group elementor-column elementor-field-group-email elementor-col-50 elementor-field-required elementor-mark-required\">\n\t\t\t\t\t\t\t\t\t\t\t\t<label for=\"form-field-email\" class=\"elementor-field-label\">\n\t\t\t\t\t\t\t\tEmail\t\t\t\t\t\t\t<\/label>\n\t\t\t\t\t\t\t\t\t\t\t\t\t\t<input size=\"1\" type=\"email\" name=\"form_fields[email]\" id=\"form-field-email\" class=\"elementor-field elementor-size-sm  elementor-field-textual\" required=\"required\" aria-required=\"true\">\n\t\t\t\t\t\t\t\t\t\t\t<\/div>\n\t\t\t\t\t\t\t\t<div class=\"elementor-field-type-text elementor-field-group elementor-column elementor-field-group-field_a5a9c68 elementor-col-50 elementor-field-required elementor-mark-required\">\n\t\t\t\t\t\t\t\t\t\t\t\t<label for=\"form-field-field_a5a9c68\" class=\"elementor-field-label\">\n\t\t\t\t\t\t\t\tPhone\t\t\t\t\t\t\t<\/label>\n\t\t\t\t\t\t\t\t\t\t\t\t\t\t<input size=\"1\" type=\"text\" name=\"form_fields[field_a5a9c68]\" id=\"form-field-field_a5a9c68\" class=\"elementor-field elementor-size-sm  elementor-field-textual\" required=\"required\" aria-required=\"true\">\n\t\t\t\t\t\t\t\t\t\t\t<\/div>\n\t\t\t\t\t\t\t\t<div class=\"elementor-field-type-text elementor-field-group elementor-column elementor-field-group-field_0343a7d elementor-col-50\">\n\t\t\t\t\t\t\t\t\t\t\t\t<label for=\"form-field-field_0343a7d\" class=\"elementor-field-label\">\n\t\t\t\t\t\t\t\tCompany\t\t\t\t\t\t\t<\/label>\n\t\t\t\t\t\t\t\t\t\t\t\t\t\t<input size=\"1\" type=\"text\" name=\"form_fields[field_0343a7d]\" id=\"form-field-field_0343a7d\" class=\"elementor-field elementor-size-sm  elementor-field-textual\">\n\t\t\t\t\t\t\t\t\t\t\t<\/div>\n\t\t\t\t\t\t\t\t<div class=\"elementor-field-type-textarea elementor-field-group elementor-column elementor-field-group-message elementor-col-100 elementor-field-required elementor-mark-required\">\n\t\t\t\t\t\t\t\t\t\t\t\t<label for=\"form-field-message\" class=\"elementor-field-label\">\n\t\t\t\t\t\t\t\tPoruka\t\t\t\t\t\t\t<\/label>\n\t\t\t\t\t\t<textarea class=\"elementor-field-textual elementor-field  elementor-size-sm\" name=\"form_fields[message]\" id=\"form-field-message\" rows=\"4\" required=\"required\" aria-required=\"true\"><\/textarea>\t\t\t\t<\/div>\n\t\t\t\t\t\t\t\t<div class=\"elementor-field-type-recaptcha_v3 elementor-field-group elementor-column elementor-field-group-field_e8b41c1 elementor-col-100 recaptcha_v3-bottomright\">\n\t\t\t\t\t<div class=\"elementor-field\" id=\"form-field-field_e8b41c1\"><\/div>\t\t\t\t<\/div>\n\t\t\t\t\t\t\t\t<div class=\"elementor-field-group elementor-column elementor-field-type-submit elementor-col-100 e-form__buttons\">\n\t\t\t\t\t<button class=\"elementor-button elementor-size-sm\" type=\"submit\">\n\t\t\t\t\t\t<span class=\"elementor-button-content-wrapper\">\n\t\t\t\t\t\t\t\t\t\t\t\t\t\t\t\t\t\t\t\t\t\t<span class=\"elementor-button-text\">SEND<\/span>\n\t\t\t\t\t\t\t\t\t\t\t\t\t<\/span>\n\t\t\t\t\t<\/button>\n\t\t\t\t<\/div>\n\t\t\t<\/div>\n\t\t<input type=\"hidden\" name=\"trp-form-language\" value=\"en\"\/><\/form>\n\t\t\t\t<\/div>\n\t\t\t\t<\/div>\n\t\t\t\t\t<\/div>\n\t\t<\/div>\n\t\t\t\t\t<\/div>\n\t\t<\/section>\n\t\t\t\t<section class=\"elementor-section elementor-top-section elementor-element elementor-element-1bc97c6 elementor-section-boxed elementor-section-height-default elementor-section-height-default\" data-id=\"1bc97c6\" data-element_type=\"section\" data-settings=\"{&quot;background_background&quot;:&quot;classic&quot;}\">\n\t\t\t\t\t\t<div class=\"elementor-container elementor-column-gap-default\">\n\t\t\t\t\t<div class=\"elementor-column elementor-col-50 elementor-top-column elementor-element elementor-element-86ebc6c\" data-id=\"86ebc6c\" data-element_type=\"column\">\n\t\t\t<div class=\"elementor-widget-wrap elementor-element-populated\">\n\t\t\t\t\t\t<section class=\"elementor-section elementor-inner-section elementor-element elementor-element-12ddab1 elementor-section-boxed elementor-section-height-default elementor-section-height-default\" data-id=\"12ddab1\" data-element_type=\"section\">\n\t\t\t\t\t\t<div class=\"elementor-container elementor-column-gap-default\">\n\t\t\t\t\t<div class=\"elementor-column elementor-col-33 elementor-inner-column elementor-element elementor-element-e0f4a8e\" data-id=\"e0f4a8e\" data-element_type=\"column\">\n\t\t\t<div class=\"elementor-widget-wrap elementor-element-populated\">\n\t\t\t\t\t\t<div class=\"elementor-element elementor-element-5aaec95 elementor-widget elementor-widget-image\" data-id=\"5aaec95\" data-element_type=\"widget\" data-widget_type=\"image.default\">\n\t\t\t\t<div class=\"elementor-widget-container\">\n\t\t\t\t\t\t\t\t\t\t\t\t\t<img fetchpriority=\"high\" decoding=\"async\" width=\"1024\" height=\"337\" src=\"https:\/\/sedlic.hr\/wp-content\/uploads\/2023\/02\/ESI_logotip_boja_veci-1024x337.png\" class=\"attachment-large size-large wp-image-34\" alt=\"\" srcset=\"https:\/\/sedlic.hr\/wp-content\/uploads\/2023\/02\/ESI_logotip_boja_veci-1024x337.png 1024w, https:\/\/sedlic.hr\/wp-content\/uploads\/2023\/02\/ESI_logotip_boja_veci-300x99.png 300w, https:\/\/sedlic.hr\/wp-content\/uploads\/2023\/02\/ESI_logotip_boja_veci-768x253.png 768w, https:\/\/sedlic.hr\/wp-content\/uploads\/2023\/02\/ESI_logotip_boja_veci-1536x506.png 1536w, https:\/\/sedlic.hr\/wp-content\/uploads\/2023\/02\/ESI_logotip_boja_veci-2048x674.png 2048w\" sizes=\"(max-width: 1024px) 100vw, 1024px\" \/>\t\t\t\t\t\t\t\t\t\t\t\t\t<\/div>\n\t\t\t\t<\/div>\n\t\t\t\t\t<\/div>\n\t\t<\/div>\n\t\t\t\t<div class=\"elementor-column elementor-col-33 elementor-inner-column elementor-element elementor-element-5babf9c\" data-id=\"5babf9c\" data-element_type=\"column\">\n\t\t\t<div class=\"elementor-widget-wrap elementor-element-populated\">\n\t\t\t\t\t\t<div class=\"elementor-element elementor-element-2822785 elementor-widget elementor-widget-image\" data-id=\"2822785\" data-element_type=\"widget\" data-widget_type=\"image.default\">\n\t\t\t\t<div class=\"elementor-widget-container\">\n\t\t\t\t\t\t\t\t\t\t\t\t\t<img decoding=\"async\" width=\"1024\" height=\"406\" src=\"https:\/\/sedlic.hr\/wp-content\/uploads\/2023\/02\/OP-konkurentnost-i-kohezija_BOJA-1024x406.png\" class=\"attachment-large size-large wp-image-33\" alt=\"\" srcset=\"https:\/\/sedlic.hr\/wp-content\/uploads\/2023\/02\/OP-konkurentnost-i-kohezija_BOJA-1024x406.png 1024w, https:\/\/sedlic.hr\/wp-content\/uploads\/2023\/02\/OP-konkurentnost-i-kohezija_BOJA-300x119.png 300w, https:\/\/sedlic.hr\/wp-content\/uploads\/2023\/02\/OP-konkurentnost-i-kohezija_BOJA-768x304.png 768w, https:\/\/sedlic.hr\/wp-content\/uploads\/2023\/02\/OP-konkurentnost-i-kohezija_BOJA.png 1105w\" sizes=\"(max-width: 1024px) 100vw, 1024px\" \/>\t\t\t\t\t\t\t\t\t\t\t\t\t<\/div>\n\t\t\t\t<\/div>\n\t\t\t\t\t<\/div>\n\t\t<\/div>\n\t\t\t\t<div class=\"elementor-column elementor-col-33 elementor-inner-column elementor-element elementor-element-bc22ad9\" data-id=\"bc22ad9\" data-element_type=\"column\">\n\t\t\t<div class=\"elementor-widget-wrap elementor-element-populated\">\n\t\t\t\t\t\t<div class=\"elementor-element elementor-element-3d59af5 elementor-widget elementor-widget-image\" data-id=\"3d59af5\" data-element_type=\"widget\" data-widget_type=\"image.default\">\n\t\t\t\t<div class=\"elementor-widget-container\">\n\t\t\t\t\t\t\t\t\t\t\t\t\t<img decoding=\"async\" width=\"201\" height=\"128\" src=\"https:\/\/sedlic.hr\/wp-content\/uploads\/2023\/02\/eu-logo-top.png\" class=\"attachment-large size-large wp-image-20\" alt=\"\" \/>\t\t\t\t\t\t\t\t\t\t\t\t\t<\/div>\n\t\t\t\t<\/div>\n\t\t\t\t\t<\/div>\n\t\t<\/div>\n\t\t\t\t\t<\/div>\n\t\t<\/section>\n\t\t\t\t\t<\/div>\n\t\t<\/div>\n\t\t\t\t<div class=\"elementor-column elementor-col-50 elementor-top-column elementor-element elementor-element-11db0d2\" data-id=\"11db0d2\" data-element_type=\"column\">\n\t\t\t<div class=\"elementor-widget-wrap elementor-element-populated\">\n\t\t\t\t\t\t<div class=\"elementor-element elementor-element-c96267c elementor-widget elementor-widget-text-editor\" data-id=\"c96267c\" data-element_type=\"widget\" data-widget_type=\"text-editor.default\">\n\t\t\t\t<div class=\"elementor-widget-container\">\n\t\t\t\t\t\t\t<p><a class=\"crni\" title=\"Europska unija\" href=\"https:\/\/europa.eu\/european-union\/index_en\" target=\"_blank\" rel=\"noopener\">Europska unija<\/a>\u00a0|\u00a0<a class=\"crni\" title=\"Stukturni fondovi\" href=\"https:\/\/strukturnifondovi.hr\/\" target=\"_blank\" rel=\"noopener\">Stukturni fondovi<\/a>\u00a0|\u00a0<a class=\"crni\" title=\"OP Konkurentnost i kohezija\" href=\"https:\/\/strukturnifondovi.hr\/eu-fondovi\/esi-fondovi-2014-2020\/op-konkurentnost-i-kohezija\/\" target=\"_blank\" rel=\"noopener\">OP Konkurentnost i kohezija<\/a>\u00a0|\u00a0<a class=\"crni\" title=\"Opis projekta\" href=\"https:\/\/sedlic.hr\/en\/projekti\/\" target=\"_blank\" rel=\"noopener\">Opis projekta<\/a><br \/>Projekt je sufinancirala Europska unija iz Europski fond za regionalni razvoj. Sadr\u017eaj publikacije\/emitiranog materijala isklju\u010diva je odgovornost dru\u0161tva Sedli\u0107 d.o.o.<\/p>\t\t\t\t\t\t<\/div>\n\t\t\t\t<\/div>\n\t\t\t\t\t<\/div>\n\t\t<\/div>\n\t\t\t\t\t<\/div>\n\t\t<\/section>\n\t\t\t\t<\/div>","protected":false},"excerpt":{"rendered":"<p>Sedli\u0107 d.o.o. &#8211; Kontakt informacije INFORNACIJE O PROIZVODIMA I NARUD\u017dBE Tel:\u00a0+385 43 548 905\u00a0\u2022 Fax: 043\/548-904 \u2022 Email:\u00a0info@sedlic.hr Ponedjeljak &#8211; petak:\u00a007:30 &#8211; 15:30 MALOPRODAJA &#8211; PRODAVAONICA 1 Adresa: Berek 54, 43232 Berek Tel:\u00a0+385 43 548 295\u00a0\u2022 Fax: 043\/548-904 Radno vrijeme: Ponedjeljak &#8211; petak:\u00a008:00 &#8211; 15:00 Subota:\u00a008:00 &#8211; 13:00 MALOPRODAJA &#8211; PRODAVAONICA 2 Adresa:\u00a0Antuna Mihanovi\u0107a 10, [&hellip;]<\/p>","protected":false},"author":1,"featured_media":0,"parent":39,"menu_order":0,"comment_status":"closed","ping_status":"closed","template":"elementor_header_footer","meta":{"footnotes":""},"class_list":["post-510","page","type-page","status-publish","hentry","entry"],"yoast_head":"<!-- This site is optimized with the Yoast SEO plugin v23.5 - https:\/\/yoast.com\/wordpress\/plugins\/seo\/ -->\n<title>Sedli\u0107 d.o.o. - Kontakt informacije - Sedli\u0107 d.o.o.<\/title>\n<meta name=\"robots\" content=\"index, follow, max-snippet:-1, max-image-preview:large, max-video-preview:-1\" \/>\n<link rel=\"canonical\" href=\"https:\/\/sedlic.hr\/en\/naslovnica\/sedlic-d-o-o-kontakt-informacije\/\" \/>\n<meta property=\"og:locale\" content=\"en_US\" \/>\n<meta property=\"og:type\" content=\"article\" \/>\n<meta property=\"og:title\" content=\"Sedli\u0107 d.o.o. - Kontakt informacije - Sedli\u0107 d.o.o.\" \/>\n<meta property=\"og:description\" content=\"Sedli\u0107 d.o.o. &#8211; Kontakt informacije INFORNACIJE O PROIZVODIMA I NARUD\u017dBE Tel:\u00a0+385 43 548 905\u00a0\u2022 Fax: 043\/548-904 \u2022 Email:\u00a0info@sedlic.hr Ponedjeljak &#8211; petak:\u00a007:30 &#8211; 15:30 MALOPRODAJA &#8211; PRODAVAONICA 1 Adresa: Berek 54, 43232 Berek Tel:\u00a0+385 43 548 295\u00a0\u2022 Fax: 043\/548-904 Radno vrijeme: Ponedjeljak &#8211; petak:\u00a008:00 &#8211; 15:00 Subota:\u00a008:00 &#8211; 13:00 MALOPRODAJA &#8211; PRODAVAONICA 2 Adresa:\u00a0Antuna Mihanovi\u0107a 10, [&hellip;]\" \/>\n<meta property=\"og:url\" content=\"https:\/\/sedlic.hr\/en\/naslovnica\/sedlic-d-o-o-kontakt-informacije\/\" \/>\n<meta property=\"og:site_name\" content=\"Sedli\u0107 d.o.o.\" \/>\n<meta property=\"article:modified_time\" content=\"2023-03-02T10:43:29+00:00\" \/>\n<meta property=\"og:image\" content=\"http:\/\/trgovina.site\/sedlic\/wp-content\/uploads\/2023\/02\/ESI_logotip_boja_veci-1024x337.png\" \/>\n<meta name=\"twitter:card\" content=\"summary_large_image\" \/>\n<meta name=\"twitter:label1\" content=\"Est. reading time\" \/>\n\t<meta name=\"twitter:data1\" content=\"2 minutes\" \/>\n<script type=\"application\/ld+json\" class=\"yoast-schema-graph\">{\"@context\":\"https:\/\/schema.org\",\"@graph\":[{\"@type\":\"WebPage\",\"@id\":\"https:\/\/sedlic.hr\/naslovnica\/sedlic-d-o-o-kontakt-informacije\/\",\"url\":\"https:\/\/sedlic.hr\/naslovnica\/sedlic-d-o-o-kontakt-informacije\/\",\"name\":\"Sedli\u0107 d.o.o. - Kontakt informacije - Sedli\u0107 d.o.o.\",\"isPartOf\":{\"@id\":\"https:\/\/sedlic.hr\/#website\"},\"primaryImageOfPage\":{\"@id\":\"https:\/\/sedlic.hr\/naslovnica\/sedlic-d-o-o-kontakt-informacije\/#primaryimage\"},\"image\":{\"@id\":\"https:\/\/sedlic.hr\/naslovnica\/sedlic-d-o-o-kontakt-informacije\/#primaryimage\"},\"thumbnailUrl\":\"http:\/\/trgovina.site\/sedlic\/wp-content\/uploads\/2023\/02\/ESI_logotip_boja_veci-1024x337.png\",\"datePublished\":\"2023-02-28T11:36:38+00:00\",\"dateModified\":\"2023-03-02T10:43:29+00:00\",\"breadcrumb\":{\"@id\":\"https:\/\/sedlic.hr\/naslovnica\/sedlic-d-o-o-kontakt-informacije\/#breadcrumb\"},\"inLanguage\":\"en-US\",\"potentialAction\":[{\"@type\":\"ReadAction\",\"target\":[\"https:\/\/sedlic.hr\/naslovnica\/sedlic-d-o-o-kontakt-informacije\/\"]}]},{\"@type\":\"ImageObject\",\"inLanguage\":\"en-US\",\"@id\":\"https:\/\/sedlic.hr\/naslovnica\/sedlic-d-o-o-kontakt-informacije\/#primaryimage\",\"url\":\"http:\/\/trgovina.site\/sedlic\/wp-content\/uploads\/2023\/02\/ESI_logotip_boja_veci-1024x337.png\",\"contentUrl\":\"http:\/\/trgovina.site\/sedlic\/wp-content\/uploads\/2023\/02\/ESI_logotip_boja_veci-1024x337.png\"},{\"@type\":\"BreadcrumbList\",\"@id\":\"https:\/\/sedlic.hr\/naslovnica\/sedlic-d-o-o-kontakt-informacije\/#breadcrumb\",\"itemListElement\":[{\"@type\":\"ListItem\",\"position\":1,\"name\":\"Po\u010detna stranica\",\"item\":\"https:\/\/sedlic.hr\/\"},{\"@type\":\"ListItem\",\"position\":2,\"name\":\"Sedli\u0107 d.o.o.\",\"item\":\"https:\/\/sedlic.hr\/\"},{\"@type\":\"ListItem\",\"position\":3,\"name\":\"Sedli\u0107 d.o.o. &#8211; Kontakt informacije\"}]},{\"@type\":\"WebSite\",\"@id\":\"https:\/\/sedlic.hr\/#website\",\"url\":\"https:\/\/sedlic.hr\/\",\"name\":\"Sedli\u0107 d.o.o.\",\"description\":\"PROIZVODNJA STO\u010cNE HRANE\",\"publisher\":{\"@id\":\"https:\/\/sedlic.hr\/#organization\"},\"alternateName\":\"PROIZVODNJA STO\u010cNE HRANE\",\"potentialAction\":[{\"@type\":\"SearchAction\",\"target\":{\"@type\":\"EntryPoint\",\"urlTemplate\":\"https:\/\/sedlic.hr\/?s={search_term_string}\"},\"query-input\":{\"@type\":\"PropertyValueSpecification\",\"valueRequired\":true,\"valueName\":\"search_term_string\"}}],\"inLanguage\":\"en-US\"},{\"@type\":\"Organization\",\"@id\":\"https:\/\/sedlic.hr\/#organization\",\"name\":\"PROIZVODNJA STO\u010cNE HRANE\",\"url\":\"https:\/\/sedlic.hr\/\",\"logo\":{\"@type\":\"ImageObject\",\"inLanguage\":\"en-US\",\"@id\":\"https:\/\/sedlic.hr\/#\/schema\/logo\/image\/\",\"url\":\"https:\/\/sedlic.hr\/wp-content\/uploads\/2023\/02\/sedlic-logo-novi.jpg\",\"contentUrl\":\"https:\/\/sedlic.hr\/wp-content\/uploads\/2023\/02\/sedlic-logo-novi.jpg\",\"width\":278,\"height\":128,\"caption\":\"PROIZVODNJA STO\u010cNE HRANE\"},\"image\":{\"@id\":\"https:\/\/sedlic.hr\/#\/schema\/logo\/image\/\"}}]}<\/script>\n<!-- \/ Yoast SEO plugin. -->","yoast_head_json":{"title":"Sedli\u0107 d.o.o. - Kontakt informacije - Sedli\u0107 d.o.o.","robots":{"index":"index","follow":"follow","max-snippet":"max-snippet:-1","max-image-preview":"max-image-preview:large","max-video-preview":"max-video-preview:-1"},"canonical":"https:\/\/sedlic.hr\/en\/naslovnica\/sedlic-d-o-o-kontakt-informacije\/","og_locale":"en_US","og_type":"article","og_title":"Sedli\u0107 d.o.o. - Kontakt informacije - Sedli\u0107 d.o.o.","og_description":"Sedli\u0107 d.o.o. &#8211; Kontakt informacije INFORNACIJE O PROIZVODIMA I NARUD\u017dBE Tel:\u00a0+385 43 548 905\u00a0\u2022 Fax: 043\/548-904 \u2022 Email:\u00a0info@sedlic.hr Ponedjeljak &#8211; petak:\u00a007:30 &#8211; 15:30 MALOPRODAJA &#8211; PRODAVAONICA 1 Adresa: Berek 54, 43232 Berek Tel:\u00a0+385 43 548 295\u00a0\u2022 Fax: 043\/548-904 Radno vrijeme: Ponedjeljak &#8211; petak:\u00a008:00 &#8211; 15:00 Subota:\u00a008:00 &#8211; 13:00 MALOPRODAJA &#8211; PRODAVAONICA 2 Adresa:\u00a0Antuna Mihanovi\u0107a 10, [&hellip;]","og_url":"https:\/\/sedlic.hr\/en\/naslovnica\/sedlic-d-o-o-kontakt-informacije\/","og_site_name":"Sedli\u0107 d.o.o.","article_modified_time":"2023-03-02T10:43:29+00:00","og_image":[{"url":"http:\/\/trgovina.site\/sedlic\/wp-content\/uploads\/2023\/02\/ESI_logotip_boja_veci-1024x337.png"}],"twitter_card":"summary_large_image","twitter_misc":{"Est. reading time":"2 minutes"},"schema":{"@context":"https:\/\/schema.org","@graph":[{"@type":"WebPage","@id":"https:\/\/sedlic.hr\/naslovnica\/sedlic-d-o-o-kontakt-informacije\/","url":"https:\/\/sedlic.hr\/naslovnica\/sedlic-d-o-o-kontakt-informacije\/","name":"Sedli\u0107 d.o.o. - Kontakt informacije - Sedli\u0107 d.o.o.","isPartOf":{"@id":"https:\/\/sedlic.hr\/#website"},"primaryImageOfPage":{"@id":"https:\/\/sedlic.hr\/naslovnica\/sedlic-d-o-o-kontakt-informacije\/#primaryimage"},"image":{"@id":"https:\/\/sedlic.hr\/naslovnica\/sedlic-d-o-o-kontakt-informacije\/#primaryimage"},"thumbnailUrl":"http:\/\/trgovina.site\/sedlic\/wp-content\/uploads\/2023\/02\/ESI_logotip_boja_veci-1024x337.png","datePublished":"2023-02-28T11:36:38+00:00","dateModified":"2023-03-02T10:43:29+00:00","breadcrumb":{"@id":"https:\/\/sedlic.hr\/naslovnica\/sedlic-d-o-o-kontakt-informacije\/#breadcrumb"},"inLanguage":"en-US","potentialAction":[{"@type":"ReadAction","target":["https:\/\/sedlic.hr\/naslovnica\/sedlic-d-o-o-kontakt-informacije\/"]}]},{"@type":"ImageObject","inLanguage":"en-US","@id":"https:\/\/sedlic.hr\/naslovnica\/sedlic-d-o-o-kontakt-informacije\/#primaryimage","url":"http:\/\/trgovina.site\/sedlic\/wp-content\/uploads\/2023\/02\/ESI_logotip_boja_veci-1024x337.png","contentUrl":"http:\/\/trgovina.site\/sedlic\/wp-content\/uploads\/2023\/02\/ESI_logotip_boja_veci-1024x337.png"},{"@type":"BreadcrumbList","@id":"https:\/\/sedlic.hr\/naslovnica\/sedlic-d-o-o-kontakt-informacije\/#breadcrumb","itemListElement":[{"@type":"ListItem","position":1,"name":"Po\u010detna stranica","item":"https:\/\/sedlic.hr\/"},{"@type":"ListItem","position":2,"name":"Sedli\u0107 d.o.o.","item":"https:\/\/sedlic.hr\/"},{"@type":"ListItem","position":3,"name":"Sedli\u0107 d.o.o. &#8211; Kontakt informacije"}]},{"@type":"WebSite","@id":"https:\/\/sedlic.hr\/#website","url":"https:\/\/sedlic.hr\/","name":"Sedli\u0107 d.o.o.","description":"PROIZVODNJA STO\u010cNE HRANE","publisher":{"@id":"https:\/\/sedlic.hr\/#organization"},"alternateName":"PROIZVODNJA STO\u010cNE HRANE","potentialAction":[{"@type":"SearchAction","target":{"@type":"EntryPoint","urlTemplate":"https:\/\/sedlic.hr\/?s={search_term_string}"},"query-input":{"@type":"PropertyValueSpecification","valueRequired":true,"valueName":"search_term_string"}}],"inLanguage":"en-US"},{"@type":"Organization","@id":"https:\/\/sedlic.hr\/#organization","name":"PROIZVODNJA STO\u010cNE HRANE","url":"https:\/\/sedlic.hr\/","logo":{"@type":"ImageObject","inLanguage":"en-US","@id":"https:\/\/sedlic.hr\/#\/schema\/logo\/image\/","url":"https:\/\/sedlic.hr\/wp-content\/uploads\/2023\/02\/sedlic-logo-novi.jpg","contentUrl":"https:\/\/sedlic.hr\/wp-content\/uploads\/2023\/02\/sedlic-logo-novi.jpg","width":278,"height":128,"caption":"PROIZVODNJA STO\u010cNE HRANE"},"image":{"@id":"https:\/\/sedlic.hr\/#\/schema\/logo\/image\/"}}]}},"_links":{"self":[{"href":"https:\/\/sedlic.hr\/en\/wp-json\/wp\/v2\/pages\/510","targetHints":{"allow":["GET"]}}],"collection":[{"href":"https:\/\/sedlic.hr\/en\/wp-json\/wp\/v2\/pages"}],"about":[{"href":"https:\/\/sedlic.hr\/en\/wp-json\/wp\/v2\/types\/page"}],"author":[{"embeddable":true,"href":"https:\/\/sedlic.hr\/en\/wp-json\/wp\/v2\/users\/1"}],"replies":[{"embeddable":true,"href":"https:\/\/sedlic.hr\/en\/wp-json\/wp\/v2\/comments?post=510"}],"version-history":[{"count":20,"href":"https:\/\/sedlic.hr\/en\/wp-json\/wp\/v2\/pages\/510\/revisions"}],"predecessor-version":[{"id":620,"href":"https:\/\/sedlic.hr\/en\/wp-json\/wp\/v2\/pages\/510\/revisions\/620"}],"up":[{"embeddable":true,"href":"https:\/\/sedlic.hr\/en\/wp-json\/wp\/v2\/pages\/39"}],"wp:attachment":[{"href":"https:\/\/sedlic.hr\/en\/wp-json\/wp\/v2\/media?parent=510"}],"curies":[{"name":"wp","href":"https:\/\/api.w.org\/{rel}","templated":true}]}}