{"id":39,"date":"2023-02-27T18:49:38","date_gmt":"2023-02-27T18:49:38","guid":{"rendered":"https:\/\/trgovina.site\/sedlic\/?page_id=39"},"modified":"2023-03-02T11:10:00","modified_gmt":"2023-03-02T11:10:00","slug":"naslovnica","status":"publish","type":"page","link":"https:\/\/sedlic.hr\/en\/","title":{"rendered":"Sedli\u0107 Ltd."},"content":{"rendered":"<div data-elementor-type=\"wp-page\" data-elementor-id=\"39\" class=\"elementor elementor-39\" data-elementor-post-type=\"page\">\n\t\t\t\t\t\t<section class=\"elementor-section elementor-top-section elementor-element elementor-element-6955c70 elementor-section-boxed elementor-section-height-default elementor-section-height-default\" data-id=\"6955c70\" data-element_type=\"section\">\n\t\t\t\t\t\t<div class=\"elementor-container elementor-column-gap-default\">\n\t\t\t\t\t<div class=\"elementor-column elementor-col-100 elementor-top-column elementor-element elementor-element-21ca0f9\" data-id=\"21ca0f9\" data-element_type=\"column\">\n\t\t\t<div class=\"elementor-widget-wrap elementor-element-populated\">\n\t\t\t\t\t\t<div class=\"elementor-element elementor-element-156822b elementor-widget elementor-widget-text-editor\" data-id=\"156822b\" data-element_type=\"widget\" data-widget_type=\"text-editor.default\">\n\t\t\t\t<div class=\"elementor-widget-container\">\n\t\t\t\t\t\t\t<p class=\"centaruppercase\">SEDLI\u0106 LTD. IN NUMBERS<\/p>\t\t\t\t\t\t<\/div>\n\t\t\t\t<\/div>\n\t\t\t\t\t<\/div>\n\t\t<\/div>\n\t\t\t\t\t<\/div>\n\t\t<\/section>\n\t\t\t\t<section class=\"elementor-section elementor-top-section elementor-element elementor-element-af9a120 elementor-section-boxed elementor-section-height-default elementor-section-height-default\" data-id=\"af9a120\" data-element_type=\"section\" data-settings=\"{&quot;background_background&quot;:&quot;classic&quot;}\">\n\t\t\t\t\t\t<div class=\"elementor-container elementor-column-gap-default\">\n\t\t\t\t\t<div class=\"elementor-column elementor-col-100 elementor-top-column elementor-element elementor-element-5693b86\" data-id=\"5693b86\" data-element_type=\"column\">\n\t\t\t<div class=\"elementor-widget-wrap elementor-element-populated\">\n\t\t\t\t\t\t<div class=\"elementor-element elementor-element-b06fc49 elementor-widget elementor-widget-text-editor\" data-id=\"b06fc49\" data-element_type=\"widget\" data-widget_type=\"text-editor.default\">\n\t\t\t\t<div class=\"elementor-widget-container\">\n\t\t\t\t\t\t\t<p><strong>MISSION<\/strong><\/p>\t\t\t\t\t\t<\/div>\n\t\t\t\t<\/div>\n\t\t\t\t<div class=\"elementor-element elementor-element-f07c422 elementor-widget elementor-widget-text-editor\" data-id=\"f07c422\" data-element_type=\"widget\" data-widget_type=\"text-editor.default\">\n\t\t\t\t<div class=\"elementor-widget-container\">\n\t\t\t\t\t\t\t<p>To be a stable and highly acknowledged company known for reliable business and creation of the new values for our customers, employees and owners<\/p>\t\t\t\t\t\t<\/div>\n\t\t\t\t<\/div>\n\t\t\t\t<div class=\"elementor-element elementor-element-9083d3a elementor-widget elementor-widget-text-editor\" data-id=\"9083d3a\" data-element_type=\"widget\" data-widget_type=\"text-editor.default\">\n\t\t\t\t<div class=\"elementor-widget-container\">\n\t\t\t\t\t\t\t<p><strong>VISION<\/strong><\/p>\t\t\t\t\t\t<\/div>\n\t\t\t\t<\/div>\n\t\t\t\t<div class=\"elementor-element elementor-element-1a93d6f elementor-widget elementor-widget-text-editor\" data-id=\"1a93d6f\" data-element_type=\"widget\" data-widget_type=\"text-editor.default\">\n\t\t\t\t<div class=\"elementor-widget-container\">\n\t\t\t\t\t\t\t<p>To develop the present business activities through further investment in knowledge and infrastructure and to become a leading company in the region in industry of agricultural products and services<\/p>\t\t\t\t\t\t<\/div>\n\t\t\t\t<\/div>\n\t\t\t\t\t<\/div>\n\t\t<\/div>\n\t\t\t\t\t<\/div>\n\t\t<\/section>\n\t\t\t\t<section class=\"elementor-section elementor-top-section elementor-element elementor-element-f0d160e elementor-section-boxed elementor-section-height-default elementor-section-height-default\" data-id=\"f0d160e\" data-element_type=\"section\">\n\t\t\t\t\t\t<div class=\"elementor-container elementor-column-gap-default\">\n\t\t\t\t\t<div class=\"elementor-column elementor-col-25 elementor-top-column elementor-element elementor-element-84ef45e\" data-id=\"84ef45e\" data-element_type=\"column\">\n\t\t\t<div class=\"elementor-widget-wrap elementor-element-populated\">\n\t\t\t\t\t\t<div class=\"elementor-element elementor-element-f2c10b0 elementor-widget elementor-widget-image\" data-id=\"f2c10b0\" data-element_type=\"widget\" data-widget_type=\"image.default\">\n\t\t\t\t<div class=\"elementor-widget-container\">\n\t\t\t\t\t\t\t\t\t\t\t\t\t<img decoding=\"async\" width=\"134\" height=\"145\" src=\"https:\/\/sedlic.hr\/wp-content\/uploads\/2023\/02\/certifikat-iso-\u2013-kopija.jpg\" class=\"attachment-large size-large wp-image-29\" alt=\"\" \/>\t\t\t\t\t\t\t\t\t\t\t\t\t<\/div>\n\t\t\t\t<\/div>\n\t\t\t\t\t<\/div>\n\t\t<\/div>\n\t\t\t\t<div class=\"elementor-column elementor-col-25 elementor-top-column elementor-element elementor-element-077002e\" data-id=\"077002e\" data-element_type=\"column\">\n\t\t\t<div class=\"elementor-widget-wrap elementor-element-populated\">\n\t\t\t\t\t\t<div class=\"elementor-element elementor-element-08cd9df elementor-widget elementor-widget-image\" data-id=\"08cd9df\" data-element_type=\"widget\" data-widget_type=\"image.default\">\n\t\t\t\t<div class=\"elementor-widget-container\">\n\t\t\t\t\t\t\t\t\t\t\t\t\t<img decoding=\"async\" width=\"123\" height=\"145\" src=\"https:\/\/sedlic.hr\/wp-content\/uploads\/2023\/02\/certifikat-haccp-\u2013-kopija.jpg\" class=\"attachment-large size-large wp-image-28\" alt=\"\" \/>\t\t\t\t\t\t\t\t\t\t\t\t\t<\/div>\n\t\t\t\t<\/div>\n\t\t\t\t\t<\/div>\n\t\t<\/div>\n\t\t\t\t<div class=\"elementor-column elementor-col-25 elementor-top-column elementor-element elementor-element-d6d903b\" data-id=\"d6d903b\" data-element_type=\"column\">\n\t\t\t<div class=\"elementor-widget-wrap elementor-element-populated\">\n\t\t\t\t\t\t<div class=\"elementor-element elementor-element-7c53b94 elementor-widget elementor-widget-image\" data-id=\"7c53b94\" data-element_type=\"widget\" data-widget_type=\"image.default\">\n\t\t\t\t<div class=\"elementor-widget-container\">\n\t\t\t\t\t\t\t\t\t\t\t\t\t<img decoding=\"async\" width=\"257\" height=\"145\" src=\"https:\/\/sedlic.hr\/wp-content\/uploads\/2023\/02\/certifikat-gazele-\u2013-kopija.jpg\" class=\"attachment-large size-large wp-image-27\" alt=\"\" \/>\t\t\t\t\t\t\t\t\t\t\t\t\t<\/div>\n\t\t\t\t<\/div>\n\t\t\t\t\t<\/div>\n\t\t<\/div>\n\t\t\t\t<div class=\"elementor-column elementor-col-25 elementor-top-column elementor-element elementor-element-cec260c\" data-id=\"cec260c\" data-element_type=\"column\">\n\t\t\t<div class=\"elementor-widget-wrap elementor-element-populated\">\n\t\t\t\t\t\t<div class=\"elementor-element elementor-element-83a0366 elementor-widget elementor-widget-image\" data-id=\"83a0366\" data-element_type=\"widget\" data-widget_type=\"image.default\">\n\t\t\t\t<div class=\"elementor-widget-container\">\n\t\t\t\t\t\t\t\t\t\t\t\t\t<img loading=\"lazy\" decoding=\"async\" width=\"135\" height=\"145\" src=\"https:\/\/sedlic.hr\/wp-content\/uploads\/2023\/02\/AAA-certifikat_2018_HR-web.jpg\" class=\"attachment-large size-large wp-image-26\" alt=\"\" \/>\t\t\t\t\t\t\t\t\t\t\t\t\t<\/div>\n\t\t\t\t<\/div>\n\t\t\t\t\t<\/div>\n\t\t<\/div>\n\t\t\t\t\t<\/div>\n\t\t<\/section>\n\t\t\t\t<section class=\"elementor-section elementor-top-section elementor-element elementor-element-9864336 elementor-section-full_width elementor-section-height-default elementor-section-height-default\" data-id=\"9864336\" data-element_type=\"section\">\n\t\t\t\t\t\t<div class=\"elementor-container elementor-column-gap-default\">\n\t\t\t\t\t<div class=\"elementor-column elementor-col-50 elementor-top-column elementor-element elementor-element-f4a7338\" data-id=\"f4a7338\" data-element_type=\"column\" data-settings=\"{&quot;background_background&quot;:&quot;classic&quot;}\">\n\t\t\t<div class=\"elementor-widget-wrap elementor-element-populated\">\n\t\t\t\t\t\t<div class=\"elementor-element elementor-element-72ea22b elementor-widget elementor-widget-text-editor\" data-id=\"72ea22b\" data-element_type=\"widget\" data-widget_type=\"text-editor.default\">\n\t\t\t\t<div class=\"elementor-widget-container\">\n\t\t\t\t\t\t\t<div class=\"boxkontaktpocetna minheight500\"><h2 class=\"desnouppercase\"><span style=\"color: #000000;\">LOCATIONS<\/span><\/h2><h4><span style=\"color: #000000;\">BEREK CROATIA<\/span><\/h4><p><span style=\"color: #000000;\">Society headquarters: Berek 54, 43232 Berek<\/span><br \/><span style=\"color: #000000;\">Store 1: Berek 54, 43232 Berek<\/span><br \/><span style=\"color: #000000;\">The Sedli\u0107 fodder mixing department: Berek 191, 43232 Berek<\/span><\/p><\/div>\t\t\t\t\t\t<\/div>\n\t\t\t\t<\/div>\n\t\t\t\t\t<\/div>\n\t\t<\/div>\n\t\t\t\t<div class=\"elementor-column elementor-col-50 elementor-top-column elementor-element elementor-element-a8d5653\" data-id=\"a8d5653\" data-element_type=\"column\">\n\t\t\t<div class=\"elementor-widget-wrap elementor-element-populated\">\n\t\t\t\t\t\t<div class=\"elementor-element elementor-element-d3c9b99 elementor-widget elementor-widget-google_maps\" data-id=\"d3c9b99\" data-element_type=\"widget\" data-widget_type=\"google_maps.default\">\n\t\t\t\t<div class=\"elementor-widget-container\">\n\t\t\t\t\t<div class=\"elementor-custom-embed\">\n\t\t\t<iframe loading=\"lazy\"\n\t\t\t\t\tsrc=\"https:\/\/maps.google.com\/maps?q=Berek%20191%2C%20&#038;t=m&#038;z=10&#038;output=embed&#038;iwloc=near\"\n\t\t\t\t\ttitle=\"Berek 191, \"\n\t\t\t\t\taria-label=\"Berek 191, \"\n\t\t\t><\/iframe>\n\t\t<\/div>\n\t\t\t\t<\/div>\n\t\t\t\t<\/div>\n\t\t\t\t\t<\/div>\n\t\t<\/div>\n\t\t\t\t\t<\/div>\n\t\t<\/section>\n\t\t\t\t<section class=\"elementor-section elementor-top-section elementor-element elementor-element-5d981ce elementor-section-full_width elementor-section-height-default elementor-section-height-default\" data-id=\"5d981ce\" data-element_type=\"section\">\n\t\t\t\t\t\t<div class=\"elementor-container elementor-column-gap-default\">\n\t\t\t\t\t<div class=\"elementor-column elementor-col-50 elementor-top-column elementor-element elementor-element-d0624ee\" data-id=\"d0624ee\" data-element_type=\"column\" data-settings=\"{&quot;background_background&quot;:&quot;classic&quot;}\">\n\t\t\t<div class=\"elementor-widget-wrap elementor-element-populated\">\n\t\t\t\t\t\t<div class=\"elementor-element elementor-element-f2d49ef elementor-widget elementor-widget-text-editor\" data-id=\"f2d49ef\" data-element_type=\"widget\" data-widget_type=\"text-editor.default\">\n\t\t\t\t<div class=\"elementor-widget-container\">\n\t\t\t\t\t\t\t<div class=\"boxkontaktpocetna minheight500\"><h4><span style=\"color: #000000;\">BJELOVAR CROATIA<\/span><\/h4><p><span style=\"color: #000000;\">Silosi Sedli\u0107 Ltd.: Antuna Mihanovi\u0107a 10, 43000 Bjelovar<\/span><br \/><span style=\"color: #000000;\">Store 2: Antuna Mihanovi\u0107a 10, 43000 Bjelovar<\/span><\/p><\/div>\t\t\t\t\t\t<\/div>\n\t\t\t\t<\/div>\n\t\t\t\t\t<\/div>\n\t\t<\/div>\n\t\t\t\t<div class=\"elementor-column elementor-col-50 elementor-top-column elementor-element elementor-element-1acfda7\" data-id=\"1acfda7\" data-element_type=\"column\">\n\t\t\t<div class=\"elementor-widget-wrap elementor-element-populated\">\n\t\t\t\t\t\t<div class=\"elementor-element elementor-element-269f7b9 elementor-widget elementor-widget-google_maps\" data-id=\"269f7b9\" data-element_type=\"widget\" data-widget_type=\"google_maps.default\">\n\t\t\t\t<div class=\"elementor-widget-container\">\n\t\t\t\t\t<div class=\"elementor-custom-embed\">\n\t\t\t<iframe loading=\"lazy\"\n\t\t\t\t\tsrc=\"https:\/\/maps.google.com\/maps?q=Bjelovar%2C%20A.%20Mihanovi%C4%87a%2010&#038;t=m&#038;z=10&#038;output=embed&#038;iwloc=near\"\n\t\t\t\t\ttitle=\"Bjelovar, A. Mihanovi\u0107a 10\"\n\t\t\t\t\taria-label=\"Bjelovar, A. Mihanovi\u0107a 10\"\n\t\t\t><\/iframe>\n\t\t<\/div>\n\t\t\t\t<\/div>\n\t\t\t\t<\/div>\n\t\t\t\t\t<\/div>\n\t\t<\/div>\n\t\t\t\t\t<\/div>\n\t\t<\/section>\n\t\t\t\t<section class=\"elementor-section elementor-top-section elementor-element elementor-element-bf0e273 elementor-section-boxed elementor-section-height-default elementor-section-height-default\" data-id=\"bf0e273\" data-element_type=\"section\">\n\t\t\t\t\t\t<div class=\"elementor-container elementor-column-gap-default\">\n\t\t\t\t\t<div class=\"elementor-column elementor-col-50 elementor-top-column elementor-element elementor-element-c624a80\" data-id=\"c624a80\" data-element_type=\"column\">\n\t\t\t<div class=\"elementor-widget-wrap elementor-element-populated\">\n\t\t\t\t\t\t<section class=\"elementor-section elementor-inner-section elementor-element elementor-element-b6600b9 elementor-section-boxed elementor-section-height-default elementor-section-height-default\" data-id=\"b6600b9\" data-element_type=\"section\">\n\t\t\t\t\t\t<div class=\"elementor-container elementor-column-gap-default\">\n\t\t\t\t\t<div class=\"elementor-column elementor-col-33 elementor-inner-column elementor-element elementor-element-e8f56d3\" data-id=\"e8f56d3\" data-element_type=\"column\">\n\t\t\t<div class=\"elementor-widget-wrap elementor-element-populated\">\n\t\t\t\t\t\t<div class=\"elementor-element elementor-element-dc9f5d0 elementor-widget elementor-widget-image\" data-id=\"dc9f5d0\" data-element_type=\"widget\" data-widget_type=\"image.default\">\n\t\t\t\t<div class=\"elementor-widget-container\">\n\t\t\t\t\t\t\t\t\t\t\t\t\t<img loading=\"lazy\" decoding=\"async\" width=\"1024\" height=\"337\" src=\"https:\/\/sedlic.hr\/wp-content\/uploads\/2023\/02\/ESI_logotip_boja_veci-1024x337.png\" class=\"attachment-large size-large wp-image-34\" alt=\"\" srcset=\"https:\/\/sedlic.hr\/wp-content\/uploads\/2023\/02\/ESI_logotip_boja_veci-1024x337.png 1024w, https:\/\/sedlic.hr\/wp-content\/uploads\/2023\/02\/ESI_logotip_boja_veci-300x99.png 300w, https:\/\/sedlic.hr\/wp-content\/uploads\/2023\/02\/ESI_logotip_boja_veci-768x253.png 768w, https:\/\/sedlic.hr\/wp-content\/uploads\/2023\/02\/ESI_logotip_boja_veci-1536x506.png 1536w, https:\/\/sedlic.hr\/wp-content\/uploads\/2023\/02\/ESI_logotip_boja_veci-2048x674.png 2048w\" sizes=\"(max-width: 1024px) 100vw, 1024px\" \/>\t\t\t\t\t\t\t\t\t\t\t\t\t<\/div>\n\t\t\t\t<\/div>\n\t\t\t\t\t<\/div>\n\t\t<\/div>\n\t\t\t\t<div class=\"elementor-column elementor-col-33 elementor-inner-column elementor-element elementor-element-2b05ae3\" data-id=\"2b05ae3\" data-element_type=\"column\">\n\t\t\t<div class=\"elementor-widget-wrap elementor-element-populated\">\n\t\t\t\t\t\t<div class=\"elementor-element elementor-element-aa6652b elementor-widget elementor-widget-image\" data-id=\"aa6652b\" data-element_type=\"widget\" data-widget_type=\"image.default\">\n\t\t\t\t<div class=\"elementor-widget-container\">\n\t\t\t\t\t\t\t\t\t\t\t\t\t<img loading=\"lazy\" decoding=\"async\" width=\"1024\" height=\"406\" src=\"https:\/\/sedlic.hr\/wp-content\/uploads\/2023\/02\/OP-konkurentnost-i-kohezija_BOJA-1024x406.png\" class=\"attachment-large size-large wp-image-33\" alt=\"\" srcset=\"https:\/\/sedlic.hr\/wp-content\/uploads\/2023\/02\/OP-konkurentnost-i-kohezija_BOJA-1024x406.png 1024w, https:\/\/sedlic.hr\/wp-content\/uploads\/2023\/02\/OP-konkurentnost-i-kohezija_BOJA-300x119.png 300w, https:\/\/sedlic.hr\/wp-content\/uploads\/2023\/02\/OP-konkurentnost-i-kohezija_BOJA-768x304.png 768w, https:\/\/sedlic.hr\/wp-content\/uploads\/2023\/02\/OP-konkurentnost-i-kohezija_BOJA.png 1105w\" sizes=\"(max-width: 1024px) 100vw, 1024px\" \/>\t\t\t\t\t\t\t\t\t\t\t\t\t<\/div>\n\t\t\t\t<\/div>\n\t\t\t\t\t<\/div>\n\t\t<\/div>\n\t\t\t\t<div class=\"elementor-column elementor-col-33 elementor-inner-column elementor-element elementor-element-4e5eaf9\" data-id=\"4e5eaf9\" data-element_type=\"column\">\n\t\t\t<div class=\"elementor-widget-wrap elementor-element-populated\">\n\t\t\t\t\t\t<div class=\"elementor-element elementor-element-21d5198 elementor-widget elementor-widget-image\" data-id=\"21d5198\" data-element_type=\"widget\" data-widget_type=\"image.default\">\n\t\t\t\t<div class=\"elementor-widget-container\">\n\t\t\t\t\t\t\t\t\t\t\t\t\t<img loading=\"lazy\" decoding=\"async\" width=\"201\" height=\"128\" src=\"https:\/\/sedlic.hr\/wp-content\/uploads\/2023\/02\/eu-logo-top.png\" class=\"attachment-large size-large wp-image-20\" alt=\"\" \/>\t\t\t\t\t\t\t\t\t\t\t\t\t<\/div>\n\t\t\t\t<\/div>\n\t\t\t\t\t<\/div>\n\t\t<\/div>\n\t\t\t\t\t<\/div>\n\t\t<\/section>\n\t\t\t\t\t<\/div>\n\t\t<\/div>\n\t\t\t\t<div class=\"elementor-column elementor-col-50 elementor-top-column elementor-element elementor-element-896191c\" data-id=\"896191c\" data-element_type=\"column\">\n\t\t\t<div class=\"elementor-widget-wrap elementor-element-populated\">\n\t\t\t\t\t\t<div class=\"elementor-element elementor-element-367fe73 elementor-widget elementor-widget-text-editor\" data-id=\"367fe73\" data-element_type=\"widget\" data-widget_type=\"text-editor.default\">\n\t\t\t\t<div class=\"elementor-widget-container\">\n\t\t\t\t\t\t\t<p><a class=\"crni\" title=\"Europska unija\" href=\"https:\/\/europa.eu\/european-union\/index_en\" target=\"_blank\" rel=\"noopener\">Europska unija<\/a>\u00a0|\u00a0<a class=\"crni\" title=\"Stukturni fondovi\" href=\"https:\/\/strukturnifondovi.hr\/\" target=\"_blank\" rel=\"noopener\">Stukturni fondovi<\/a>\u00a0|\u00a0<a class=\"crni\" title=\"OP Konkurentnost i kohezija\" href=\"https:\/\/strukturnifondovi.hr\/eu-fondovi\/esi-fondovi-2014-2020\/op-konkurentnost-i-kohezija\/\" target=\"_blank\" rel=\"noopener\">OP Konkurentnost i kohezija<\/a>\u00a0|\u00a0<a class=\"crni\" title=\"Opis projekta\" href=\"https:\/\/sedlic.hr\/en\/projekti\/\" target=\"_blank\" rel=\"noopener\">Opis projekta<\/a><br \/>Projekt je sufinancirala Europska unija iz Europski fond za regionalni razvoj. Sadr\u017eaj publikacije\/emitiranog materijala isklju\u010diva je odgovornost dru\u0161tva Sedli\u0107 d.o.o.<\/p>\t\t\t\t\t\t<\/div>\n\t\t\t\t<\/div>\n\t\t\t\t\t<\/div>\n\t\t<\/div>\n\t\t\t\t\t<\/div>\n\t\t<\/section>\n\t\t\t\t<\/div>","protected":false},"excerpt":{"rendered":"<p>SEDLI\u0106 D.O.O. U BROJKAMA NA\u0160A MISIJA Biti stabilna i renomirana tvrtka poznata po odgovornom poslovanju i stvaranju novih vrijednosti za svoje kupce, zaposlenike i vlasnike NA\u0160A VIZIJA Daljnjim ulaganjima u znanje i infrastrukturu razvijati ve\u0107 postoje\u0107e poslovne procese te postati vode\u0107a tvrtka regije u industriji poljoprivrednih proizvoda i usluga LOKACIJE BEREK Sjedi\u0161te Dru\u0161tva: Bukovac 265, [&hellip;]<\/p>","protected":false},"author":1,"featured_media":0,"parent":0,"menu_order":0,"comment_status":"closed","ping_status":"closed","template":"elementor_header_footer","meta":{"footnotes":""},"class_list":["post-39","page","type-page","status-publish","hentry","entry"],"yoast_head":"<!-- This site is optimized with the Yoast SEO plugin v23.5 - https:\/\/yoast.com\/wordpress\/plugins\/seo\/ -->\n<title>Sedli\u0107 d.o.o. - Sedli\u0107 d.o.o.<\/title>\n<meta name=\"robots\" content=\"index, follow, max-snippet:-1, max-image-preview:large, max-video-preview:-1\" \/>\n<link rel=\"canonical\" href=\"https:\/\/sedlic.hr\/en\/\" \/>\n<meta property=\"og:locale\" content=\"en_US\" \/>\n<meta property=\"og:type\" content=\"article\" \/>\n<meta property=\"og:title\" content=\"Sedli\u0107 d.o.o. - Sedli\u0107 d.o.o.\" \/>\n<meta property=\"og:description\" content=\"SEDLI\u0106 D.O.O. U BROJKAMA NA\u0160A MISIJA Biti stabilna i renomirana tvrtka poznata po odgovornom poslovanju i stvaranju novih vrijednosti za svoje kupce, zaposlenike i vlasnike NA\u0160A VIZIJA Daljnjim ulaganjima u znanje i infrastrukturu razvijati ve\u0107 postoje\u0107e poslovne procese te postati vode\u0107a tvrtka regije u industriji poljoprivrednih proizvoda i usluga LOKACIJE BEREK Sjedi\u0161te Dru\u0161tva: Bukovac 265, [&hellip;]\" \/>\n<meta property=\"og:url\" content=\"https:\/\/sedlic.hr\/en\/\" \/>\n<meta property=\"og:site_name\" content=\"Sedli\u0107 d.o.o.\" \/>\n<meta property=\"article:modified_time\" content=\"2023-03-02T11:10:00+00:00\" \/>\n<meta property=\"og:image\" content=\"http:\/\/trgovina.site\/sedlic\/wp-content\/uploads\/2023\/02\/AAA-certifikat_2018_HR-web.jpg\" \/>\n<meta name=\"twitter:card\" content=\"summary_large_image\" \/>\n<meta name=\"twitter:label1\" content=\"Est. reading time\" \/>\n\t<meta name=\"twitter:data1\" content=\"3 minutes\" \/>\n<script type=\"application\/ld+json\" class=\"yoast-schema-graph\">{\"@context\":\"https:\/\/schema.org\",\"@graph\":[{\"@type\":\"WebPage\",\"@id\":\"https:\/\/sedlic.hr\/\",\"url\":\"https:\/\/sedlic.hr\/\",\"name\":\"Sedli\u0107 d.o.o. - Sedli\u0107 d.o.o.\",\"isPartOf\":{\"@id\":\"https:\/\/sedlic.hr\/#website\"},\"primaryImageOfPage\":{\"@id\":\"https:\/\/sedlic.hr\/#primaryimage\"},\"image\":{\"@id\":\"https:\/\/sedlic.hr\/#primaryimage\"},\"thumbnailUrl\":\"http:\/\/trgovina.site\/sedlic\/wp-content\/uploads\/2023\/02\/AAA-certifikat_2018_HR-web.jpg\",\"datePublished\":\"2023-02-27T18:49:38+00:00\",\"dateModified\":\"2023-03-02T11:10:00+00:00\",\"breadcrumb\":{\"@id\":\"https:\/\/sedlic.hr\/#breadcrumb\"},\"inLanguage\":\"en-US\",\"potentialAction\":[{\"@type\":\"ReadAction\",\"target\":[\"https:\/\/sedlic.hr\/\"]}]},{\"@type\":\"ImageObject\",\"inLanguage\":\"en-US\",\"@id\":\"https:\/\/sedlic.hr\/#primaryimage\",\"url\":\"http:\/\/trgovina.site\/sedlic\/wp-content\/uploads\/2023\/02\/AAA-certifikat_2018_HR-web.jpg\",\"contentUrl\":\"http:\/\/trgovina.site\/sedlic\/wp-content\/uploads\/2023\/02\/AAA-certifikat_2018_HR-web.jpg\"},{\"@type\":\"BreadcrumbList\",\"@id\":\"https:\/\/sedlic.hr\/#breadcrumb\",\"itemListElement\":[{\"@type\":\"ListItem\",\"position\":1,\"name\":\"Po\u010detna stranica\",\"item\":\"https:\/\/sedlic.hr\/\"},{\"@type\":\"ListItem\",\"position\":2,\"name\":\"Sedli\u0107 d.o.o.\"}]},{\"@type\":\"WebSite\",\"@id\":\"https:\/\/sedlic.hr\/#website\",\"url\":\"https:\/\/sedlic.hr\/\",\"name\":\"Sedli\u0107 d.o.o.\",\"description\":\"PROIZVODNJA STO\u010cNE HRANE\",\"publisher\":{\"@id\":\"https:\/\/sedlic.hr\/#organization\"},\"alternateName\":\"PROIZVODNJA STO\u010cNE HRANE\",\"potentialAction\":[{\"@type\":\"SearchAction\",\"target\":{\"@type\":\"EntryPoint\",\"urlTemplate\":\"https:\/\/sedlic.hr\/?s={search_term_string}\"},\"query-input\":{\"@type\":\"PropertyValueSpecification\",\"valueRequired\":true,\"valueName\":\"search_term_string\"}}],\"inLanguage\":\"en-US\"},{\"@type\":\"Organization\",\"@id\":\"https:\/\/sedlic.hr\/#organization\",\"name\":\"PROIZVODNJA STO\u010cNE HRANE\",\"url\":\"https:\/\/sedlic.hr\/\",\"logo\":{\"@type\":\"ImageObject\",\"inLanguage\":\"en-US\",\"@id\":\"https:\/\/sedlic.hr\/#\/schema\/logo\/image\/\",\"url\":\"https:\/\/sedlic.hr\/wp-content\/uploads\/2023\/02\/sedlic-logo-novi.jpg\",\"contentUrl\":\"https:\/\/sedlic.hr\/wp-content\/uploads\/2023\/02\/sedlic-logo-novi.jpg\",\"width\":278,\"height\":128,\"caption\":\"PROIZVODNJA STO\u010cNE HRANE\"},\"image\":{\"@id\":\"https:\/\/sedlic.hr\/#\/schema\/logo\/image\/\"}}]}<\/script>\n<!-- \/ Yoast SEO plugin. -->","yoast_head_json":{"title":"Sedli\u0107 d.o.o. - Sedli\u0107 d.o.o.","robots":{"index":"index","follow":"follow","max-snippet":"max-snippet:-1","max-image-preview":"max-image-preview:large","max-video-preview":"max-video-preview:-1"},"canonical":"https:\/\/sedlic.hr\/en\/","og_locale":"en_US","og_type":"article","og_title":"Sedli\u0107 d.o.o. - Sedli\u0107 d.o.o.","og_description":"SEDLI\u0106 D.O.O. U BROJKAMA NA\u0160A MISIJA Biti stabilna i renomirana tvrtka poznata po odgovornom poslovanju i stvaranju novih vrijednosti za svoje kupce, zaposlenike i vlasnike NA\u0160A VIZIJA Daljnjim ulaganjima u znanje i infrastrukturu razvijati ve\u0107 postoje\u0107e poslovne procese te postati vode\u0107a tvrtka regije u industriji poljoprivrednih proizvoda i usluga LOKACIJE BEREK Sjedi\u0161te Dru\u0161tva: Bukovac 265, [&hellip;]","og_url":"https:\/\/sedlic.hr\/en\/","og_site_name":"Sedli\u0107 d.o.o.","article_modified_time":"2023-03-02T11:10:00+00:00","og_image":[{"url":"http:\/\/trgovina.site\/sedlic\/wp-content\/uploads\/2023\/02\/AAA-certifikat_2018_HR-web.jpg"}],"twitter_card":"summary_large_image","twitter_misc":{"Est. reading time":"3 minutes"},"schema":{"@context":"https:\/\/schema.org","@graph":[{"@type":"WebPage","@id":"https:\/\/sedlic.hr\/","url":"https:\/\/sedlic.hr\/","name":"Sedli\u0107 d.o.o. - Sedli\u0107 d.o.o.","isPartOf":{"@id":"https:\/\/sedlic.hr\/#website"},"primaryImageOfPage":{"@id":"https:\/\/sedlic.hr\/#primaryimage"},"image":{"@id":"https:\/\/sedlic.hr\/#primaryimage"},"thumbnailUrl":"http:\/\/trgovina.site\/sedlic\/wp-content\/uploads\/2023\/02\/AAA-certifikat_2018_HR-web.jpg","datePublished":"2023-02-27T18:49:38+00:00","dateModified":"2023-03-02T11:10:00+00:00","breadcrumb":{"@id":"https:\/\/sedlic.hr\/#breadcrumb"},"inLanguage":"en-US","potentialAction":[{"@type":"ReadAction","target":["https:\/\/sedlic.hr\/"]}]},{"@type":"ImageObject","inLanguage":"en-US","@id":"https:\/\/sedlic.hr\/#primaryimage","url":"http:\/\/trgovina.site\/sedlic\/wp-content\/uploads\/2023\/02\/AAA-certifikat_2018_HR-web.jpg","contentUrl":"http:\/\/trgovina.site\/sedlic\/wp-content\/uploads\/2023\/02\/AAA-certifikat_2018_HR-web.jpg"},{"@type":"BreadcrumbList","@id":"https:\/\/sedlic.hr\/#breadcrumb","itemListElement":[{"@type":"ListItem","position":1,"name":"Po\u010detna stranica","item":"https:\/\/sedlic.hr\/"},{"@type":"ListItem","position":2,"name":"Sedli\u0107 d.o.o."}]},{"@type":"WebSite","@id":"https:\/\/sedlic.hr\/#website","url":"https:\/\/sedlic.hr\/","name":"Sedli\u0107 d.o.o.","description":"PROIZVODNJA STO\u010cNE HRANE","publisher":{"@id":"https:\/\/sedlic.hr\/#organization"},"alternateName":"PROIZVODNJA STO\u010cNE HRANE","potentialAction":[{"@type":"SearchAction","target":{"@type":"EntryPoint","urlTemplate":"https:\/\/sedlic.hr\/?s={search_term_string}"},"query-input":{"@type":"PropertyValueSpecification","valueRequired":true,"valueName":"search_term_string"}}],"inLanguage":"en-US"},{"@type":"Organization","@id":"https:\/\/sedlic.hr\/#organization","name":"PROIZVODNJA STO\u010cNE HRANE","url":"https:\/\/sedlic.hr\/","logo":{"@type":"ImageObject","inLanguage":"en-US","@id":"https:\/\/sedlic.hr\/#\/schema\/logo\/image\/","url":"https:\/\/sedlic.hr\/wp-content\/uploads\/2023\/02\/sedlic-logo-novi.jpg","contentUrl":"https:\/\/sedlic.hr\/wp-content\/uploads\/2023\/02\/sedlic-logo-novi.jpg","width":278,"height":128,"caption":"PROIZVODNJA STO\u010cNE HRANE"},"image":{"@id":"https:\/\/sedlic.hr\/#\/schema\/logo\/image\/"}}]}},"_links":{"self":[{"href":"https:\/\/sedlic.hr\/en\/wp-json\/wp\/v2\/pages\/39","targetHints":{"allow":["GET"]}}],"collection":[{"href":"https:\/\/sedlic.hr\/en\/wp-json\/wp\/v2\/pages"}],"about":[{"href":"https:\/\/sedlic.hr\/en\/wp-json\/wp\/v2\/types\/page"}],"author":[{"embeddable":true,"href":"https:\/\/sedlic.hr\/en\/wp-json\/wp\/v2\/users\/1"}],"replies":[{"embeddable":true,"href":"https:\/\/sedlic.hr\/en\/wp-json\/wp\/v2\/comments?post=39"}],"version-history":[{"count":100,"href":"https:\/\/sedlic.hr\/en\/wp-json\/wp\/v2\/pages\/39\/revisions"}],"predecessor-version":[{"id":938,"href":"https:\/\/sedlic.hr\/en\/wp-json\/wp\/v2\/pages\/39\/revisions\/938"}],"wp:attachment":[{"href":"https:\/\/sedlic.hr\/en\/wp-json\/wp\/v2\/media?parent=39"}],"curies":[{"name":"wp","href":"https:\/\/api.w.org\/{rel}","templated":true}]}}