{"id":118,"date":"2023-02-27T20:18:39","date_gmt":"2023-02-27T20:18:39","guid":{"rendered":"https:\/\/trgovina.site\/sedlic\/?page_id=118"},"modified":"2023-03-02T10:44:28","modified_gmt":"2023-03-02T10:44:28","slug":"proizvodnja-stocne-hrane","status":"publish","type":"page","link":"https:\/\/sedlic.hr\/en\/naslovnica\/proizvodnja-stocne-hrane\/","title":{"rendered":"Animal feed production"},"content":{"rendered":"<div data-elementor-type=\"wp-page\" data-elementor-id=\"118\" class=\"elementor elementor-118\" data-elementor-post-type=\"page\">\n\t\t\t\t\t\t<section class=\"elementor-section elementor-top-section elementor-element elementor-element-a2e561a elementor-section-boxed elementor-section-height-default elementor-section-height-default\" data-id=\"a2e561a\" data-element_type=\"section\" data-settings=\"{&quot;background_background&quot;:&quot;classic&quot;}\">\n\t\t\t\t\t\t<div class=\"elementor-container elementor-column-gap-default\">\n\t\t\t\t\t<div class=\"elementor-column elementor-col-100 elementor-top-column elementor-element elementor-element-b25aed1\" data-id=\"b25aed1\" data-element_type=\"column\">\n\t\t\t<div class=\"elementor-widget-wrap elementor-element-populated\">\n\t\t\t\t\t\t<div class=\"elementor-element elementor-element-9424cdb elementor-widget elementor-widget-breadcrumbs\" data-id=\"9424cdb\" data-element_type=\"widget\" data-widget_type=\"breadcrumbs.default\">\n\t\t\t\t<div class=\"elementor-widget-container\">\n\t\t\t<p id=\"breadcrumbs\"><span><span><a href=\"https:\/\/sedlic.hr\/en\/\">SEDLI\u0106 GROUP<\/a><\/span><\/span><\/p>\t\t<\/div>\n\t\t\t\t<\/div>\n\t\t\t\t\t<\/div>\n\t\t<\/div>\n\t\t\t\t\t<\/div>\n\t\t<\/section>\n\t\t\t\t<section class=\"elementor-section elementor-top-section elementor-element elementor-element-882b2da elementor-section-boxed elementor-section-height-default elementor-section-height-default\" data-id=\"882b2da\" data-element_type=\"section\">\n\t\t\t\t\t\t<div class=\"elementor-container elementor-column-gap-default\">\n\t\t\t\t\t<div class=\"elementor-column elementor-col-66 elementor-top-column elementor-element elementor-element-a8adc6c\" data-id=\"a8adc6c\" data-element_type=\"column\">\n\t\t\t<div class=\"elementor-widget-wrap elementor-element-populated\">\n\t\t\t\t\t\t<div class=\"elementor-element elementor-element-542e201 elementor-widget elementor-widget-theme-post-title elementor-page-title elementor-widget-heading\" data-id=\"542e201\" data-element_type=\"widget\" data-widget_type=\"theme-post-title.default\">\n\t\t\t\t<div class=\"elementor-widget-container\">\n\t\t\t<h1 class=\"elementor-heading-title elementor-size-default\">Animal feed production<\/h1>\t\t<\/div>\n\t\t\t\t<\/div>\n\t\t\t\t<div class=\"elementor-element elementor-element-b287b6c elementor-widget elementor-widget-text-editor\" data-id=\"b287b6c\" data-element_type=\"widget\" data-widget_type=\"text-editor.default\">\n\t\t\t\t<div class=\"elementor-widget-container\">\n\t\t\t\t\t\t\t<p>Purchase of cereals and oleaginous plant seeds, sale of soy seeds, production of fodder, whole and retail sale of fodder, production of agricultural products, services of drying and storage, organization of agricultural production<\/p>\t\t\t\t\t\t<\/div>\n\t\t\t\t<\/div>\n\t\t\t\t<div class=\"elementor-element elementor-element-2a037f5 elementor-widget elementor-widget-text-editor\" data-id=\"2a037f5\" data-element_type=\"widget\" data-widget_type=\"text-editor.default\">\n\t\t\t\t<div class=\"elementor-widget-container\">\n\t\t\t\t\t\t\t<ul><li>production of fodder: animal feed for cattle, pork, poultry<\/li><li>cereals and oleaginous plants packed in bags: soy seeds, sunflower seeds, corn<\/li><li>agricultural production: our own production, cooperation<\/li><li>packing and mixing services: using customer's recipe (10kg, 25kg, 50kg and Big Bags)<\/li><\/ul><p>Sedli\u0107 Ltd. was established in 2000 as a small family company for agricultural production, its primary activity including farming fattening pigs and production of animal fodder on our own agricultural areas and in our own production plant. In the fodder mixing room we produced animal feed for our own needs, while any surplus was sold in the local community through retail sale. As the need for packed animal fodder we produced grew, so the company grew in that direction too. We expanded our production capacities and our assortment. In addition, production channels also expanded, so we opened yet another retail sale shop and improved our wholesale channels. A years-long successful growth and development of our company enabled creation of partner companies specialized in work with cereals, oleaginous plants and other animal feed in Croatian and foreign markets, as well as transportation and veterinarian services.<\/p><p>Nowadays, Sedli\u0107 Ltd. offers fodder for all animals from their own production, as well as packed oleaginous plants seeds, cereals and other components for animal feed.<\/p><p>n addition, we purchase all types of cereals and oleaginous plants during the whole year, and we offer services of drying and storage of agricultural products.<\/p><p>Sedli\u0107 Ltd. operates according to good business and production practice, proven by international certifications ISO 9001, HACCP, AA excellence bonity etc.<\/p>\t\t\t\t\t\t<\/div>\n\t\t\t\t<\/div>\n\t\t\t\t<section class=\"elementor-section elementor-inner-section elementor-element elementor-element-aa0652d elementor-section-boxed elementor-section-height-default elementor-section-height-default\" data-id=\"aa0652d\" data-element_type=\"section\">\n\t\t\t\t\t\t<div class=\"elementor-container elementor-column-gap-default\">\n\t\t\t\t\t<div class=\"elementor-column elementor-col-33 elementor-inner-column elementor-element elementor-element-37df560\" data-id=\"37df560\" data-element_type=\"column\">\n\t\t\t<div class=\"elementor-widget-wrap elementor-element-populated\">\n\t\t\t\t\t\t<div class=\"elementor-element elementor-element-b16acb8 elementor-widget elementor-widget-image\" data-id=\"b16acb8\" data-element_type=\"widget\" data-widget_type=\"image.default\">\n\t\t\t\t<div class=\"elementor-widget-container\">\n\t\t\t\t\t\t\t\t\t\t\t\t\t<img decoding=\"async\" width=\"134\" height=\"145\" src=\"https:\/\/sedlic.hr\/wp-content\/uploads\/2023\/02\/certifikat-iso-\u2013-kopija.jpg\" class=\"attachment-large size-large wp-image-29\" alt=\"\" \/>\t\t\t\t\t\t\t\t\t\t\t\t\t<\/div>\n\t\t\t\t<\/div>\n\t\t\t\t\t<\/div>\n\t\t<\/div>\n\t\t\t\t<div class=\"elementor-column elementor-col-33 elementor-inner-column elementor-element elementor-element-00cff20\" data-id=\"00cff20\" data-element_type=\"column\">\n\t\t\t<div class=\"elementor-widget-wrap elementor-element-populated\">\n\t\t\t\t\t\t<div class=\"elementor-element elementor-element-7474f59 elementor-widget elementor-widget-image\" data-id=\"7474f59\" data-element_type=\"widget\" data-widget_type=\"image.default\">\n\t\t\t\t<div class=\"elementor-widget-container\">\n\t\t\t\t\t\t\t\t\t\t\t\t\t<img decoding=\"async\" width=\"123\" height=\"145\" src=\"https:\/\/sedlic.hr\/wp-content\/uploads\/2023\/02\/certifikat-haccp-\u2013-kopija.jpg\" class=\"attachment-large size-large wp-image-28\" alt=\"\" \/>\t\t\t\t\t\t\t\t\t\t\t\t\t<\/div>\n\t\t\t\t<\/div>\n\t\t\t\t\t<\/div>\n\t\t<\/div>\n\t\t\t\t<div class=\"elementor-column elementor-col-33 elementor-inner-column elementor-element elementor-element-6a6fac0\" data-id=\"6a6fac0\" data-element_type=\"column\">\n\t\t\t<div class=\"elementor-widget-wrap elementor-element-populated\">\n\t\t\t\t\t\t<div class=\"elementor-element elementor-element-43ea792 elementor-widget elementor-widget-image\" data-id=\"43ea792\" data-element_type=\"widget\" data-widget_type=\"image.default\">\n\t\t\t\t<div class=\"elementor-widget-container\">\n\t\t\t\t\t\t\t\t\t\t\t\t\t<img decoding=\"async\" width=\"135\" height=\"145\" src=\"https:\/\/sedlic.hr\/wp-content\/uploads\/2023\/02\/AAA-certifikat_2018_HR-web.jpg\" class=\"attachment-large size-large wp-image-26\" alt=\"\" \/>\t\t\t\t\t\t\t\t\t\t\t\t\t<\/div>\n\t\t\t\t<\/div>\n\t\t\t\t\t<\/div>\n\t\t<\/div>\n\t\t\t\t\t<\/div>\n\t\t<\/section>\n\t\t\t\t<section class=\"elementor-section elementor-inner-section elementor-element elementor-element-c2c8c66 elementor-section-boxed elementor-section-height-default elementor-section-height-default\" data-id=\"c2c8c66\" data-element_type=\"section\">\n\t\t\t\t\t\t<div class=\"elementor-container elementor-column-gap-default\">\n\t\t\t\t\t<div class=\"elementor-column elementor-col-50 elementor-inner-column elementor-element elementor-element-65d60c3\" data-id=\"65d60c3\" data-element_type=\"column\">\n\t\t\t<div class=\"elementor-widget-wrap elementor-element-populated\">\n\t\t\t\t\t\t<div class=\"elementor-element elementor-element-a25d5f8 elementor-widget elementor-widget-text-editor\" data-id=\"a25d5f8\" data-element_type=\"widget\" data-widget_type=\"text-editor.default\">\n\t\t\t\t<div class=\"elementor-widget-container\">\n\t\t\t\t\t\t\t<h4>Preuzmite dokument:<\/h4><p><a href=\"http:\/\/trgovina.site\/sedlic\/wp-content\/uploads\/2023\/02\/skm_308e19092313430.pdf\">Politika kvalitete, okoli\u0161a i upravljanja zdravljem i sigurno\u0161\u0107u na radu\u00a0(85.69 KB)<\/a><\/p><p>\u00a0<\/p>\t\t\t\t\t\t<\/div>\n\t\t\t\t<\/div>\n\t\t\t\t<div class=\"elementor-element elementor-element-7d0b259 elementor-widget elementor-widget-button\" data-id=\"7d0b259\" data-element_type=\"widget\" data-widget_type=\"button.default\">\n\t\t\t\t<div class=\"elementor-widget-container\">\n\t\t\t\t\t<div class=\"elementor-button-wrapper\">\n\t\t\t<a class=\"elementor-button elementor-button-link elementor-size-sm\" href=\"#\">\n\t\t\t\t\t\t<span class=\"elementor-button-content-wrapper\">\n\t\t\t\t\t\t<span class=\"elementor-button-icon\">\n\t\t\t\t<i aria-hidden=\"true\" class=\"fas fa-align-justify\"><\/i>\t\t\t<\/span>\n\t\t\t\t\t\t\t\t\t<span class=\"elementor-button-text\">See our products<\/span>\n\t\t\t\t\t<\/span>\n\t\t\t\t\t<\/a>\n\t\t<\/div>\n\t\t\t\t<\/div>\n\t\t\t\t<\/div>\n\t\t\t\t\t<\/div>\n\t\t<\/div>\n\t\t\t\t<div class=\"elementor-column elementor-col-50 elementor-inner-column elementor-element elementor-element-57f4aa8\" data-id=\"57f4aa8\" data-element_type=\"column\">\n\t\t\t<div class=\"elementor-widget-wrap\">\n\t\t\t\t\t\t\t<\/div>\n\t\t<\/div>\n\t\t\t\t\t<\/div>\n\t\t<\/section>\n\t\t\t\t\t<\/div>\n\t\t<\/div>\n\t\t\t\t<div class=\"elementor-column elementor-col-33 elementor-top-column elementor-element elementor-element-02cc72c\" data-id=\"02cc72c\" data-element_type=\"column\">\n\t\t\t<div class=\"elementor-widget-wrap elementor-element-populated\">\n\t\t\t\t\t\t<div class=\"elementor-element elementor-element-967f079 elementor-widget elementor-widget-sidebar\" data-id=\"967f079\" data-element_type=\"widget\" data-widget_type=\"sidebar.default\">\n\t\t\t\t<div class=\"elementor-widget-container\">\n\t\t\t<div id=\"elementor-library-2\" class=\"sidebar-box widget_elementor-library clr\">\t\t<div data-elementor-type=\"section\" data-elementor-id=\"167\" class=\"elementor elementor-167\" data-elementor-post-type=\"elementor_library\">\n\t\t\t\t\t<section class=\"elementor-section elementor-top-section elementor-element elementor-element-151d018 elementor-section-boxed elementor-section-height-default elementor-section-height-default\" data-id=\"151d018\" data-element_type=\"section\">\n\t\t\t\t\t\t<div class=\"elementor-container elementor-column-gap-default\">\n\t\t\t\t\t<div class=\"elementor-column elementor-col-100 elementor-top-column elementor-element elementor-element-f997d70\" data-id=\"f997d70\" data-element_type=\"column\">\n\t\t\t<div class=\"elementor-widget-wrap elementor-element-populated\">\n\t\t\t\t\t\t<div class=\"elementor-element elementor-element-3fa288f elementor-align-justify elementor-widget elementor-widget-button\" data-id=\"3fa288f\" data-element_type=\"widget\" data-widget_type=\"button.default\">\n\t\t\t\t<div class=\"elementor-widget-container\">\n\t\t\t\t\t<div class=\"elementor-button-wrapper\">\n\t\t\t<a class=\"elementor-button elementor-button-link elementor-size-md\" href=\"https:\/\/trgovina.site\/sedlic\/sedlic-d-o-o-kontakt-informacije\/\">\n\t\t\t\t\t\t<span class=\"elementor-button-content-wrapper\">\n\t\t\t\t\t\t<span class=\"elementor-button-icon\">\n\t\t\t\t<i aria-hidden=\"true\" class=\"fas fa-envelope\"><\/i>\t\t\t<\/span>\n\t\t\t\t\t\t\t\t\t<span class=\"elementor-button-text\">Send us a message<\/span>\n\t\t\t\t\t<\/span>\n\t\t\t\t\t<\/a>\n\t\t<\/div>\n\t\t\t\t<\/div>\n\t\t\t\t<\/div>\n\t\t\t\t\t<\/div>\n\t\t<\/div>\n\t\t\t\t\t<\/div>\n\t\t<\/section>\n\t\t\t\t<section class=\"elementor-section elementor-top-section elementor-element elementor-element-c8fe612 elementor-section-boxed elementor-section-height-default elementor-section-height-default\" data-id=\"c8fe612\" data-element_type=\"section\">\n\t\t\t\t\t\t<div class=\"elementor-container elementor-column-gap-default\">\n\t\t\t\t\t<div class=\"elementor-column elementor-col-100 elementor-top-column elementor-element elementor-element-2f450af\" data-id=\"2f450af\" data-element_type=\"column\">\n\t\t\t<div class=\"elementor-widget-wrap elementor-element-populated\">\n\t\t\t\t\t\t<div class=\"elementor-element elementor-element-6fa52fa elementor-widget elementor-widget-text-editor\" data-id=\"6fa52fa\" data-element_type=\"widget\" data-widget_type=\"text-editor.default\">\n\t\t\t\t<div class=\"elementor-widget-container\">\n\t\t\t\t\t\t\t<p>PRODUCTS INFO<\/p>\t\t\t\t\t\t<\/div>\n\t\t\t\t<\/div>\n\t\t\t\t<div class=\"elementor-element elementor-element-f70744c elementor-widget elementor-widget-text-editor\" data-id=\"f70744c\" data-element_type=\"widget\" data-widget_type=\"text-editor.default\">\n\t\t\t\t<div class=\"elementor-widget-container\">\n\t\t\t\t\t\t\t<p>Phone: +385 43 548 905<br \/>Fax: 043\/548-904<\/p><p>Email:info@sedlic.hr<br \/>Monday - Friday  07:30 \u2013 15:30<\/p>\t\t\t\t\t\t<\/div>\n\t\t\t\t<\/div>\n\t\t\t\t<div class=\"elementor-element elementor-element-a187793 elementor-widget elementor-widget-text-editor\" data-id=\"a187793\" data-element_type=\"widget\" data-widget_type=\"text-editor.default\">\n\t\t\t\t<div class=\"elementor-widget-container\">\n\t\t\t\t\t\t\t<p>RETAIL<\/p>\t\t\t\t\t\t<\/div>\n\t\t\t\t<\/div>\n\t\t\t\t<div class=\"elementor-element elementor-element-a141c3a elementor-widget elementor-widget-text-editor\" data-id=\"a141c3a\" data-element_type=\"widget\" data-widget_type=\"text-editor.default\">\n\t\t\t\t<div class=\"elementor-widget-container\">\n\t\t\t\t\t\t\t<p>SHOP 1<\/p>\t\t\t\t\t\t<\/div>\n\t\t\t\t<\/div>\n\t\t\t\t<div class=\"elementor-element elementor-element-ba10d42 elementor-widget elementor-widget-text-editor\" data-id=\"ba10d42\" data-element_type=\"widget\" data-widget_type=\"text-editor.default\">\n\t\t\t\t<div class=\"elementor-widget-container\">\n\t\t\t\t\t\t\t<p>Berek 54, 43232 Berek , Croatia<br \/>Tel: +385 43 548 295<br \/>Fax: 043\/548-904<\/p><p>Working hours:<br \/>Monday - Friday: 08:00 \u2013 15:00<br \/>Saturday: 08:00 \u2013 13:00<\/p>\t\t\t\t\t\t<\/div>\n\t\t\t\t<\/div>\n\t\t\t\t<div class=\"elementor-element elementor-element-db48f26 elementor-widget elementor-widget-text-editor\" data-id=\"db48f26\" data-element_type=\"widget\" data-widget_type=\"text-editor.default\">\n\t\t\t\t<div class=\"elementor-widget-container\">\n\t\t\t\t\t\t\t<p>SHOP 2<\/p>\t\t\t\t\t\t<\/div>\n\t\t\t\t<\/div>\n\t\t\t\t<div class=\"elementor-element elementor-element-8a081e7 elementor-widget elementor-widget-text-editor\" data-id=\"8a081e7\" data-element_type=\"widget\" data-widget_type=\"text-editor.default\">\n\t\t\t\t<div class=\"elementor-widget-container\">\n\t\t\t\t\t\t\t<p class=\" translation-block\">Adressa: Antuna Mihanovi\u0107a 10, 43000 Bjelovar<br>Phone: +385 43 220 883<br>Fax:043\/548-904<\/p><p>Working hours:<br \/>Monday - Friday: 08:00 \u2013 15:00<br \/>Saturday: 08:00 \u2013 13:00<\/p><p>Closed on Sundays and holidays<\/p>\t\t\t\t\t\t<\/div>\n\t\t\t\t<\/div>\n\t\t\t\t\t<\/div>\n\t\t<\/div>\n\t\t\t\t\t<\/div>\n\t\t<\/section>\n\t\t\t\t<\/div>\n\t\t<\/div>\t\t<\/div>\n\t\t\t\t<\/div>\n\t\t\t\t\t<\/div>\n\t\t<\/div>\n\t\t\t\t\t<\/div>\n\t\t<\/section>\n\t\t\t\t<\/div>","protected":false},"excerpt":{"rendered":"<p>Otkup \u017eitarica i sa\u010dmi uljarica, prodaja sojine sa\u010dme, proizvodnja sto\u010dne hrane, veleprodaja i maloprodaja sto\u010dne hrane, proizvodnja ratarskih kultura, uslu\u017eno su\u0161enje i skladi\u0161tenje, organizacija ratarske proizvodnje proizvodnja sto\u010dne hrane: krmne smjese za goveda, svinje, perad uvre\u0107ane uljarice i \u017eitarice: sojina sa\u010dma, suncokretova sa\u010dma, kukuruz ratarska proizvodnja: vlastita proizvodnja, kooperacija usluga pakiranja i umje\u0161avanja: prema recepturi [&hellip;]<\/p>","protected":false},"author":1,"featured_media":0,"parent":39,"menu_order":0,"comment_status":"closed","ping_status":"closed","template":"elementor_header_footer","meta":{"footnotes":""},"class_list":["post-118","page","type-page","status-publish","hentry","entry"],"yoast_head":"<!-- This site is optimized with the Yoast SEO plugin v23.5 - https:\/\/yoast.com\/wordpress\/plugins\/seo\/ -->\n<title>Proizvodnja sto\u010dne hrane - Sedli\u0107 d.o.o.<\/title>\n<meta name=\"robots\" content=\"index, follow, max-snippet:-1, max-image-preview:large, max-video-preview:-1\" \/>\n<link rel=\"canonical\" href=\"https:\/\/sedlic.hr\/en\/naslovnica\/proizvodnja-stocne-hrane\/\" \/>\n<meta property=\"og:locale\" content=\"en_US\" \/>\n<meta property=\"og:type\" content=\"article\" \/>\n<meta property=\"og:title\" content=\"Proizvodnja sto\u010dne hrane - Sedli\u0107 d.o.o.\" \/>\n<meta property=\"og:description\" content=\"Otkup \u017eitarica i sa\u010dmi uljarica, prodaja sojine sa\u010dme, proizvodnja sto\u010dne hrane, veleprodaja i maloprodaja sto\u010dne hrane, proizvodnja ratarskih kultura, uslu\u017eno su\u0161enje i skladi\u0161tenje, organizacija ratarske proizvodnje proizvodnja sto\u010dne hrane: krmne smjese za goveda, svinje, perad uvre\u0107ane uljarice i \u017eitarice: sojina sa\u010dma, suncokretova sa\u010dma, kukuruz ratarska proizvodnja: vlastita proizvodnja, kooperacija usluga pakiranja i umje\u0161avanja: prema recepturi [&hellip;]\" \/>\n<meta property=\"og:url\" content=\"https:\/\/sedlic.hr\/en\/naslovnica\/proizvodnja-stocne-hrane\/\" \/>\n<meta property=\"og:site_name\" content=\"Sedli\u0107 d.o.o.\" \/>\n<meta property=\"article:modified_time\" content=\"2023-03-02T10:44:28+00:00\" \/>\n<meta property=\"og:image\" content=\"http:\/\/trgovina.site\/sedlic\/wp-content\/uploads\/2023\/02\/AAA-certifikat_2018_HR-web.jpg\" \/>\n<meta name=\"twitter:card\" content=\"summary_large_image\" \/>\n<meta name=\"twitter:label1\" content=\"Est. reading time\" \/>\n\t<meta name=\"twitter:data1\" content=\"3 minutes\" \/>\n<script type=\"application\/ld+json\" class=\"yoast-schema-graph\">{\"@context\":\"https:\/\/schema.org\",\"@graph\":[{\"@type\":\"WebPage\",\"@id\":\"https:\/\/sedlic.hr\/naslovnica\/proizvodnja-stocne-hrane\/\",\"url\":\"https:\/\/sedlic.hr\/naslovnica\/proizvodnja-stocne-hrane\/\",\"name\":\"Proizvodnja sto\u010dne hrane - Sedli\u0107 d.o.o.\",\"isPartOf\":{\"@id\":\"https:\/\/sedlic.hr\/#website\"},\"primaryImageOfPage\":{\"@id\":\"https:\/\/sedlic.hr\/naslovnica\/proizvodnja-stocne-hrane\/#primaryimage\"},\"image\":{\"@id\":\"https:\/\/sedlic.hr\/naslovnica\/proizvodnja-stocne-hrane\/#primaryimage\"},\"thumbnailUrl\":\"http:\/\/trgovina.site\/sedlic\/wp-content\/uploads\/2023\/02\/AAA-certifikat_2018_HR-web.jpg\",\"datePublished\":\"2023-02-27T20:18:39+00:00\",\"dateModified\":\"2023-03-02T10:44:28+00:00\",\"breadcrumb\":{\"@id\":\"https:\/\/sedlic.hr\/naslovnica\/proizvodnja-stocne-hrane\/#breadcrumb\"},\"inLanguage\":\"en-US\",\"potentialAction\":[{\"@type\":\"ReadAction\",\"target\":[\"https:\/\/sedlic.hr\/naslovnica\/proizvodnja-stocne-hrane\/\"]}]},{\"@type\":\"ImageObject\",\"inLanguage\":\"en-US\",\"@id\":\"https:\/\/sedlic.hr\/naslovnica\/proizvodnja-stocne-hrane\/#primaryimage\",\"url\":\"http:\/\/trgovina.site\/sedlic\/wp-content\/uploads\/2023\/02\/AAA-certifikat_2018_HR-web.jpg\",\"contentUrl\":\"http:\/\/trgovina.site\/sedlic\/wp-content\/uploads\/2023\/02\/AAA-certifikat_2018_HR-web.jpg\"},{\"@type\":\"BreadcrumbList\",\"@id\":\"https:\/\/sedlic.hr\/naslovnica\/proizvodnja-stocne-hrane\/#breadcrumb\",\"itemListElement\":[{\"@type\":\"ListItem\",\"position\":1,\"name\":\"Po\u010detna stranica\",\"item\":\"https:\/\/sedlic.hr\/\"},{\"@type\":\"ListItem\",\"position\":2,\"name\":\"Sedli\u0107 d.o.o.\",\"item\":\"https:\/\/sedlic.hr\/\"},{\"@type\":\"ListItem\",\"position\":3,\"name\":\"Proizvodnja sto\u010dne hrane\"}]},{\"@type\":\"WebSite\",\"@id\":\"https:\/\/sedlic.hr\/#website\",\"url\":\"https:\/\/sedlic.hr\/\",\"name\":\"Sedli\u0107 d.o.o.\",\"description\":\"PROIZVODNJA STO\u010cNE HRANE\",\"publisher\":{\"@id\":\"https:\/\/sedlic.hr\/#organization\"},\"alternateName\":\"PROIZVODNJA STO\u010cNE HRANE\",\"potentialAction\":[{\"@type\":\"SearchAction\",\"target\":{\"@type\":\"EntryPoint\",\"urlTemplate\":\"https:\/\/sedlic.hr\/?s={search_term_string}\"},\"query-input\":{\"@type\":\"PropertyValueSpecification\",\"valueRequired\":true,\"valueName\":\"search_term_string\"}}],\"inLanguage\":\"en-US\"},{\"@type\":\"Organization\",\"@id\":\"https:\/\/sedlic.hr\/#organization\",\"name\":\"PROIZVODNJA STO\u010cNE HRANE\",\"url\":\"https:\/\/sedlic.hr\/\",\"logo\":{\"@type\":\"ImageObject\",\"inLanguage\":\"en-US\",\"@id\":\"https:\/\/sedlic.hr\/#\/schema\/logo\/image\/\",\"url\":\"https:\/\/sedlic.hr\/wp-content\/uploads\/2023\/02\/sedlic-logo-novi.jpg\",\"contentUrl\":\"https:\/\/sedlic.hr\/wp-content\/uploads\/2023\/02\/sedlic-logo-novi.jpg\",\"width\":278,\"height\":128,\"caption\":\"PROIZVODNJA STO\u010cNE HRANE\"},\"image\":{\"@id\":\"https:\/\/sedlic.hr\/#\/schema\/logo\/image\/\"}}]}<\/script>\n<!-- \/ Yoast SEO plugin. -->","yoast_head_json":{"title":"Proizvodnja sto\u010dne hrane - Sedli\u0107 d.o.o.","robots":{"index":"index","follow":"follow","max-snippet":"max-snippet:-1","max-image-preview":"max-image-preview:large","max-video-preview":"max-video-preview:-1"},"canonical":"https:\/\/sedlic.hr\/en\/naslovnica\/proizvodnja-stocne-hrane\/","og_locale":"en_US","og_type":"article","og_title":"Proizvodnja sto\u010dne hrane - Sedli\u0107 d.o.o.","og_description":"Otkup \u017eitarica i sa\u010dmi uljarica, prodaja sojine sa\u010dme, proizvodnja sto\u010dne hrane, veleprodaja i maloprodaja sto\u010dne hrane, proizvodnja ratarskih kultura, uslu\u017eno su\u0161enje i skladi\u0161tenje, organizacija ratarske proizvodnje proizvodnja sto\u010dne hrane: krmne smjese za goveda, svinje, perad uvre\u0107ane uljarice i \u017eitarice: sojina sa\u010dma, suncokretova sa\u010dma, kukuruz ratarska proizvodnja: vlastita proizvodnja, kooperacija usluga pakiranja i umje\u0161avanja: prema recepturi [&hellip;]","og_url":"https:\/\/sedlic.hr\/en\/naslovnica\/proizvodnja-stocne-hrane\/","og_site_name":"Sedli\u0107 d.o.o.","article_modified_time":"2023-03-02T10:44:28+00:00","og_image":[{"url":"http:\/\/trgovina.site\/sedlic\/wp-content\/uploads\/2023\/02\/AAA-certifikat_2018_HR-web.jpg"}],"twitter_card":"summary_large_image","twitter_misc":{"Est. reading time":"3 minutes"},"schema":{"@context":"https:\/\/schema.org","@graph":[{"@type":"WebPage","@id":"https:\/\/sedlic.hr\/naslovnica\/proizvodnja-stocne-hrane\/","url":"https:\/\/sedlic.hr\/naslovnica\/proizvodnja-stocne-hrane\/","name":"Proizvodnja sto\u010dne hrane - Sedli\u0107 d.o.o.","isPartOf":{"@id":"https:\/\/sedlic.hr\/#website"},"primaryImageOfPage":{"@id":"https:\/\/sedlic.hr\/naslovnica\/proizvodnja-stocne-hrane\/#primaryimage"},"image":{"@id":"https:\/\/sedlic.hr\/naslovnica\/proizvodnja-stocne-hrane\/#primaryimage"},"thumbnailUrl":"http:\/\/trgovina.site\/sedlic\/wp-content\/uploads\/2023\/02\/AAA-certifikat_2018_HR-web.jpg","datePublished":"2023-02-27T20:18:39+00:00","dateModified":"2023-03-02T10:44:28+00:00","breadcrumb":{"@id":"https:\/\/sedlic.hr\/naslovnica\/proizvodnja-stocne-hrane\/#breadcrumb"},"inLanguage":"en-US","potentialAction":[{"@type":"ReadAction","target":["https:\/\/sedlic.hr\/naslovnica\/proizvodnja-stocne-hrane\/"]}]},{"@type":"ImageObject","inLanguage":"en-US","@id":"https:\/\/sedlic.hr\/naslovnica\/proizvodnja-stocne-hrane\/#primaryimage","url":"http:\/\/trgovina.site\/sedlic\/wp-content\/uploads\/2023\/02\/AAA-certifikat_2018_HR-web.jpg","contentUrl":"http:\/\/trgovina.site\/sedlic\/wp-content\/uploads\/2023\/02\/AAA-certifikat_2018_HR-web.jpg"},{"@type":"BreadcrumbList","@id":"https:\/\/sedlic.hr\/naslovnica\/proizvodnja-stocne-hrane\/#breadcrumb","itemListElement":[{"@type":"ListItem","position":1,"name":"Po\u010detna stranica","item":"https:\/\/sedlic.hr\/"},{"@type":"ListItem","position":2,"name":"Sedli\u0107 d.o.o.","item":"https:\/\/sedlic.hr\/"},{"@type":"ListItem","position":3,"name":"Proizvodnja sto\u010dne hrane"}]},{"@type":"WebSite","@id":"https:\/\/sedlic.hr\/#website","url":"https:\/\/sedlic.hr\/","name":"Sedli\u0107 d.o.o.","description":"PROIZVODNJA STO\u010cNE HRANE","publisher":{"@id":"https:\/\/sedlic.hr\/#organization"},"alternateName":"PROIZVODNJA STO\u010cNE HRANE","potentialAction":[{"@type":"SearchAction","target":{"@type":"EntryPoint","urlTemplate":"https:\/\/sedlic.hr\/?s={search_term_string}"},"query-input":{"@type":"PropertyValueSpecification","valueRequired":true,"valueName":"search_term_string"}}],"inLanguage":"en-US"},{"@type":"Organization","@id":"https:\/\/sedlic.hr\/#organization","name":"PROIZVODNJA STO\u010cNE HRANE","url":"https:\/\/sedlic.hr\/","logo":{"@type":"ImageObject","inLanguage":"en-US","@id":"https:\/\/sedlic.hr\/#\/schema\/logo\/image\/","url":"https:\/\/sedlic.hr\/wp-content\/uploads\/2023\/02\/sedlic-logo-novi.jpg","contentUrl":"https:\/\/sedlic.hr\/wp-content\/uploads\/2023\/02\/sedlic-logo-novi.jpg","width":278,"height":128,"caption":"PROIZVODNJA STO\u010cNE HRANE"},"image":{"@id":"https:\/\/sedlic.hr\/#\/schema\/logo\/image\/"}}]}},"_links":{"self":[{"href":"https:\/\/sedlic.hr\/en\/wp-json\/wp\/v2\/pages\/118","targetHints":{"allow":["GET"]}}],"collection":[{"href":"https:\/\/sedlic.hr\/en\/wp-json\/wp\/v2\/pages"}],"about":[{"href":"https:\/\/sedlic.hr\/en\/wp-json\/wp\/v2\/types\/page"}],"author":[{"embeddable":true,"href":"https:\/\/sedlic.hr\/en\/wp-json\/wp\/v2\/users\/1"}],"replies":[{"embeddable":true,"href":"https:\/\/sedlic.hr\/en\/wp-json\/wp\/v2\/comments?post=118"}],"version-history":[{"count":58,"href":"https:\/\/sedlic.hr\/en\/wp-json\/wp\/v2\/pages\/118\/revisions"}],"predecessor-version":[{"id":210,"href":"https:\/\/sedlic.hr\/en\/wp-json\/wp\/v2\/pages\/118\/revisions\/210"}],"up":[{"embeddable":true,"href":"https:\/\/sedlic.hr\/en\/wp-json\/wp\/v2\/pages\/39"}],"wp:attachment":[{"href":"https:\/\/sedlic.hr\/en\/wp-json\/wp\/v2\/media?parent=118"}],"curies":[{"name":"wp","href":"https:\/\/api.w.org\/{rel}","templated":true}]}}